{"id":5439,"date":"2026-03-08T00:00:11","date_gmt":"2026-03-07T22:00:11","guid":{"rendered":"https:\/\/waldjugend-nord.de\/?post_type=product&#038;p=5439"},"modified":"2026-03-10T11:00:16","modified_gmt":"2026-03-10T09:00:16","slug":"27-29-november-wald-und-wildnisseminar","status":"publish","type":"product","link":"https:\/\/waldjugend-nord.de\/?product=27-29-november-wald-und-wildnisseminar","title":{"rendered":"27. &#8211;  29. November | Wald und Wildnisseminar"},"content":{"rendered":"","protected":false},"excerpt":{"rendered":"<blockquote><p><strong>Wald und Wildnis noch einmal ganz neu kennenlernen,<\/strong><\/p><\/blockquote>\n<p>Unsere liebe Landespatenf\u00f6rsterin Annika Valentin-Russell bietet uns auch in diesem Jahr wieder einen ganz besonderen Einblick in die Natur und in den Wald um unser Landeszentrum.<\/p>\n<article class=\"text-token-text-primary w-full focus:outline-none [--shadow-height:45px] has-data-writing-block:pointer-events-none has-data-writing-block:-mt-(--shadow-height) has-data-writing-block:pt-(--shadow-height) [&amp;:has([data-writing-block])&gt;*]:pointer-events-auto scroll-mt-[calc(var(--header-height)+min(200px,max(70px,20svh)))]\" dir=\"auto\" tabindex=\"-1\" data-turn-id=\"request-WEB:ff44d8c1-a0f4-4450-b64a-9b5cb2332622-2\" data-testid=\"conversation-turn-6\" data-scroll-anchor=\"true\" data-turn=\"assistant\">\n<div class=\"text-base my-auto mx-auto pb-10 [--thread-content-margin:var(--thread-content-margin-xs,calc(var(--spacing)*4))] @w-sm\/main:[--thread-content-margin:var(--thread-content-margin-sm,calc(var(--spacing)*6))] @w-lg\/main:[--thread-content-margin:var(--thread-content-margin-lg,calc(var(--spacing)*16))] px-(--thread-content-margin)\">\n<div class=\"[--thread-content-max-width:40rem] @w-lg\/main:[--thread-content-max-width:48rem] mx-auto max-w-(--thread-content-max-width) flex-1 group\/turn-messages focus-visible:outline-hidden relative flex w-full min-w-0 flex-col agent-turn\" tabindex=\"-1\">\n<div class=\"flex max-w-full flex-col gap-4 grow\">\n<div class=\"min-h-8 text-message relative flex w-full flex-col items-end gap-2 text-start break-words whitespace-normal [.text-message+&amp;]:mt-1\" dir=\"auto\" data-message-author-role=\"assistant\" data-message-id=\"20b6a0f7-2f60-4f7c-a234-de972401bcc8\" data-message-model-slug=\"gpt-5-3\">\n<div class=\"flex w-full flex-col gap-1 empty:hidden\">\n<div class=\"markdown prose dark:prose-invert w-full wrap-break-word light markdown-new-styling\">\n<p data-start=\"181\" data-end=\"405\" data-is-last-node=\"\" data-is-only-node=\"\">Egal, wie viel du schon wei\u00dft \u2013 ich bin sicher, dass sie dir noch etwas Neues erz\u00e4hlen wird! Dieses Lager ist perfekt f\u00fcr alle, die mehr erfahren wollen \u00fcber unseren Wald und Lust haben, ihn mit allen Sinnen zu erleben! \ud83c\udf32\ud83c\udf3f<\/p>\n<\/div>\n<\/div>\n<\/div>\n<\/div>\n<\/div>\n<\/div>\n<\/article>\n<p>&nbsp;<\/p>\n<table>\n<tbody>\n<tr>\n<td style=\"text-align: right; padding: 1px 5px;\">Wann:<\/td>\n<td style=\"text-align: left; padding: 1px 5px;\"><strong>27. &#8211; 29. November<\/strong><\/td>\n<\/tr>\n<tr>\n<td style=\"text-align: right; padding: 1px 5px;\">Wo:<\/td>\n<td style=\"text-align: left; padding: 1px 5px;\"><a href=\"https:\/\/waldjugend-nord.de\/?page_id=225\">im Landeszentrum in H\u00fctten<\/a><\/td>\n<\/tr>\n<tr>\n<td style=\"text-align: right; padding: 1px 5px;\">Wer:<\/td>\n<td style=\"text-align: left; padding: 1px 5px;\">alle ab 12 Jahren<\/td>\n<\/tr>\n<tr>\n<td style=\"text-align: right; padding: 1px 5px;\">Wie viele:<\/td>\n<td style=\"text-align: left; padding: 1px 5px;\">Maximal 15 Personen<\/td>\n<\/tr>\n<tr>\n<td style=\"text-align: right; padding: 1px 5px;\">Kosten:<\/td>\n<td style=\"text-align: left; padding: 1px 5px;\">Soli Preis<\/td>\n<\/tr>\n<tr>\n<td style=\"text-align: right; padding: 1px 5px;\">Leitung:<\/td>\n<td style=\"text-align: left; padding: 1px 5px;\">Landesleitung und Landespatenf\u00f6rsterin<\/td>\n<\/tr>\n<tr>\n<td style=\"text-align: right; padding: 1px 5px;\">Unterbringung:<\/td>\n<td style=\"text-align: left; padding: 1px 5px;\">Waldjugendhuette<\/td>\n<\/tr>\n<tr>\n<td style=\"text-align: right; padding: 1px 5px;\">Mitzubringen:<\/td>\n<td style=\"text-align: left; padding: 1px 5px;\">Schlafsack und wetterfeste Kleidung<\/td>\n<\/tr>\n<tr>\n<td style=\"text-align: right; padding: 1px 5px;\">Verpflegung:<\/td>\n<td style=\"text-align: left; padding: 1px 5px;\">wird gestellt<\/td>\n<\/tr>\n<tr>\n<td style=\"text-align: right; padding: 1px 5px;\">Anmeldung:<\/td>\n<td style=\"text-align: left; padding: 1px 5px;\"><strong>bis zum 07. November<br \/>\n<\/strong><\/td>\n<\/tr>\n<tr>\n<td style=\"text-align: right; padding: 1px 5px;\">Veranstalter:<\/td>\n<td style=\"text-align: left; padding: 1px 5px;\"><a href=\"mailto:landesleitung@waldjugend-nord.de\">Deutsche Waldjugend Landesverband Nord e.V.<\/a><\/td>\n<\/tr>\n<\/tbody>\n<\/table>\n","protected":false},"featured_media":2238,"template":"","meta":{"_lmt_disableupdate":"no","_lmt_disable":""},"product_brand":[],"product_cat":[36],"product_tag":[],"class_list":{"0":"post-5439","1":"product","2":"type-product","3":"status-publish","4":"has-post-thumbnail","6":"product_cat-unkategorisiert","7":"column","8":"twocol","9":"has-thumbnail","11":"first","12":"instock","13":"shipping-taxable","14":"purchasable","15":"product-type-simple"},"_links":{"self":[{"href":"https:\/\/waldjugend-nord.de\/index.php?rest_route=\/wp\/v2\/product\/5439","targetHints":{"allow":["GET"]}}],"collection":[{"href":"https:\/\/waldjugend-nord.de\/index.php?rest_route=\/wp\/v2\/product"}],"about":[{"href":"https:\/\/waldjugend-nord.de\/index.php?rest_route=\/wp\/v2\/types\/product"}],"wp:featuredmedia":[{"embeddable":true,"href":"https:\/\/waldjugend-nord.de\/index.php?rest_route=\/wp\/v2\/media\/2238"}],"wp:attachment":[{"href":"https:\/\/waldjugend-nord.de\/index.php?rest_route=%2Fwp%2Fv2%2Fmedia&parent=5439"}],"wp:term":[{"taxonomy":"product_brand","embeddable":true,"href":"https:\/\/waldjugend-nord.de\/index.php?rest_route=%2Fwp%2Fv2%2Fproduct_brand&post=5439"},{"taxonomy":"product_cat","embeddable":true,"href":"https:\/\/waldjugend-nord.de\/index.php?rest_route=%2Fwp%2Fv2%2Fproduct_cat&post=5439"},{"taxonomy":"product_tag","embeddable":true,"href":"https:\/\/waldjugend-nord.de\/index.php?rest_route=%2Fwp%2Fv2%2Fproduct_tag&post=5439"}],"curies":[{"name":"wp","href":"https:\/\/api.w.org\/{rel}","templated":true}]}}