{"id":5407,"date":"2026-02-12T20:31:04","date_gmt":"2026-02-12T18:31:04","guid":{"rendered":"https:\/\/waldjugend-nord.de\/?post_type=product&#038;p=5407"},"modified":"2026-03-02T21:38:39","modified_gmt":"2026-03-02T19:38:39","slug":"03-06-09-norla","status":"publish","type":"product","link":"https:\/\/waldjugend-nord.de\/?product=03-06-09-norla","title":{"rendered":"03. &#8211; 06.09. | Norla"},"content":{"rendered":"","protected":false},"excerpt":{"rendered":"<blockquote><p><strong>Du wolltest schon immer mal in die \u00d6ffentlichkeitsarbeit reinschnuppern&#8230;<\/strong><\/p><\/blockquote>\n<p>&nbsp;<\/p>\n<p>&#8230; und kennst die Geschichten der \u201eGro\u00dfen\u201c von der Norla? Dieses Jahr sind wir wieder mit dabei und du kannst mithelfen. Erz\u00e4hle interessierten Besucherinnen und Besuchern auf der landwirtschaftlichen Messe, wer wir sind, und beschrifte sowie bemale unsere traditionellen Holzplaketten. Je mehr dabei sind, desto mehr Spa\u00df werden wir haben.<\/p>\n<p>Du gehst noch zur Schule? Melde dich bei uns, dann unterst\u00fctzen wir dich bei der Freistellung. Auch f\u00fcr die Arbeit k\u00f6nnen wir dich bei einer Freistellung unterst\u00fctzen.<\/p>\n<p>&nbsp;<\/p>\n<table>\n<tbody>\n<tr>\n<td style=\"text-align: right; padding: 1px 5px;\">Wann:<\/td>\n<td style=\"text-align: left; padding: 1px 5px;\"><strong>03. &#8211; 06. September<\/strong><\/td>\n<\/tr>\n<tr>\n<td style=\"text-align: right; padding: 1px 5px;\">Wo:<\/td>\n<td style=\"text-align: left; padding: 1px 5px;\">\u00a0<a href=\"https:\/\/waldjugend-nord.de\/?page_id=225\" target=\"_blank\" rel=\"noopener noreferrer\">im Landeszentrum in H\u00fctten<\/a><\/td>\n<\/tr>\n<tr>\n<td style=\"text-align: right; padding: 1px 5px;\">Wer:<\/td>\n<td style=\"text-align: left; padding: 1px 5px;\">Waldl\u00e4ufer ab 16 Jahren<\/td>\n<\/tr>\n<tr>\n<td style=\"text-align: right; padding: 1px 5px;\">Wie viele:<\/td>\n<td style=\"text-align: left; padding: 1px 5px;\">maximal 20 Personen<\/td>\n<\/tr>\n<tr>\n<td style=\"text-align: right; padding: 1px 5px;\">Kosten:<\/td>\n<td style=\"text-align: left; padding: 1px 5px;\">keine<\/td>\n<\/tr>\n<tr>\n<td style=\"text-align: right; padding: 1px 5px;\">Leitung:<\/td>\n<td style=\"text-align: left; padding: 1px 5px;\"><a href=\"mailto: landesleitung@waldjugend-nord.de\">Landesleitung<\/a><\/td>\n<\/tr>\n<tr>\n<td style=\"text-align: right; padding: 1px 5px;\">Unterbringung:<\/td>\n<td style=\"text-align: left; padding: 1px 5px;\">Waldjugendh\u00fctte<\/td>\n<\/tr>\n<tr>\n<td style=\"text-align: right; padding: 1px 5px;\">Mitzubringen:<\/td>\n<td style=\"text-align: left; padding: 1px 5px;\">Kluft<\/td>\n<\/tr>\n<tr>\n<td style=\"text-align: right; padding: 1px 5px;\">Verpflegung:<\/td>\n<td style=\"text-align: left; padding: 1px 5px;\">wird gestellt<\/td>\n<\/tr>\n<tr>\n<td style=\"text-align: right; padding: 1px 5px;\">Anmeldung:<\/td>\n<td style=\"text-align: left; padding: 1px 5px;\"><strong>bis zum 27. August<\/strong><\/td>\n<\/tr>\n<tr>\n<td style=\"text-align: right; padding: 1px 5px;\">Veranstalter:<\/td>\n<td style=\"text-align: left; padding: 1px 5px;\">Deutsche Waldjugend Landesverband Nord e.V.<\/td>\n<\/tr>\n<\/tbody>\n<\/table>\n","protected":false},"featured_media":2492,"template":"","meta":{"_lmt_disableupdate":"no","_lmt_disable":""},"product_brand":[],"product_cat":[24],"product_tag":[],"class_list":{"0":"post-5407","1":"product","2":"type-product","3":"status-publish","4":"has-post-thumbnail","6":"product_cat-seminare","7":"column","8":"twocol","9":"has-thumbnail","11":"first","12":"instock","13":"virtual","14":"purchasable","15":"product-type-simple"},"_links":{"self":[{"href":"https:\/\/waldjugend-nord.de\/index.php?rest_route=\/wp\/v2\/product\/5407","targetHints":{"allow":["GET"]}}],"collection":[{"href":"https:\/\/waldjugend-nord.de\/index.php?rest_route=\/wp\/v2\/product"}],"about":[{"href":"https:\/\/waldjugend-nord.de\/index.php?rest_route=\/wp\/v2\/types\/product"}],"wp:featuredmedia":[{"embeddable":true,"href":"https:\/\/waldjugend-nord.de\/index.php?rest_route=\/wp\/v2\/media\/2492"}],"wp:attachment":[{"href":"https:\/\/waldjugend-nord.de\/index.php?rest_route=%2Fwp%2Fv2%2Fmedia&parent=5407"}],"wp:term":[{"taxonomy":"product_brand","embeddable":true,"href":"https:\/\/waldjugend-nord.de\/index.php?rest_route=%2Fwp%2Fv2%2Fproduct_brand&post=5407"},{"taxonomy":"product_cat","embeddable":true,"href":"https:\/\/waldjugend-nord.de\/index.php?rest_route=%2Fwp%2Fv2%2Fproduct_cat&post=5407"},{"taxonomy":"product_tag","embeddable":true,"href":"https:\/\/waldjugend-nord.de\/index.php?rest_route=%2Fwp%2Fv2%2Fproduct_tag&post=5407"}],"curies":[{"name":"wp","href":"https:\/\/api.w.org\/{rel}","templated":true}]}}