{"id":5390,"date":"2026-02-10T15:10:12","date_gmt":"2026-02-10T13:10:12","guid":{"rendered":"https:\/\/waldjugend-nord.de\/?post_type=product&#038;p=5390"},"modified":"2026-03-02T21:32:25","modified_gmt":"2026-03-02T19:32:25","slug":"05-07-juni-spaeherprobenseminar","status":"publish","type":"product","link":"https:\/\/waldjugend-nord.de\/?product=05-07-juni-spaeherprobenseminar","title":{"rendered":"05.-07. Juni | Sp\u00e4herprobenseminar"},"content":{"rendered":"","protected":false},"excerpt":{"rendered":"<p data-start=\"0\" data-end=\"164\">Du willst schon l\u00e4nger einen Sp\u00e4herpunkt ablegen?<br data-start=\"49\" data-end=\"52\" \/>Oder brauchst du noch etwas Hilfe dabei, ihn ablegen zu k\u00f6nnen? Dann ist das Sp\u00e4herprobenseminar etwas f\u00fcr dich!<\/p>\n<p data-start=\"166\" data-end=\"318\">Das n\u00e4chste Landes- oder Bundeslager kommt, auf dem du dann vielleicht eine Kordel verliehen bekommst und dann auch selbst Sp\u00e4herpunkte abnehmen kannst.<\/p>\n<p data-start=\"320\" data-end=\"375\" data-is-last-node=\"\" data-is-only-node=\"\">Es wird sicher ein lehrreiches und spa\u00dfiges Wochenende!<\/p>\n<p>&nbsp;<\/p>\n<table>\n<tbody>\n<tr>\n<td style=\"text-align: right; padding: 1px 5px;\"><strong>Wann:<\/strong><\/td>\n<td style=\"text-align: left; padding: 1px 5px;\"><strong>05. &#8211; 07. Juni<\/strong><\/td>\n<\/tr>\n<tr>\n<td style=\"text-align: right; padding: 1px 5px;\"><strong>Wo:<\/strong><\/td>\n<td style=\"text-align: left; padding: 1px 5px;\">Barmstedt<\/td>\n<\/tr>\n<tr>\n<td style=\"text-align: right; padding: 1px 5px;\"><strong>Wer:<\/strong><\/td>\n<td style=\"text-align: left; padding: 1px 5px;\">Waldl\u00e4ufer\/innen ab 12 Jahren<\/td>\n<\/tr>\n<tr>\n<td style=\"text-align: right; padding: 1px 5px;\"><strong>Wie viele:<\/strong><\/td>\n<td style=\"text-align: left; padding: 1px 5px;\">20 Teilnehmer*Innen<\/td>\n<\/tr>\n<tr>\n<td style=\"text-align: right; padding: 1px 5px;\"><strong>Kosten:<\/strong><\/td>\n<td style=\"text-align: left; padding: 1px 5px;\">Soli-Preis<\/td>\n<\/tr>\n<tr>\n<td style=\"text-align: right; padding: 1px 5px;\"><strong>Leitung:<\/strong><\/td>\n<td style=\"text-align: left; padding: 1px 5px;\">Landesleitung<\/td>\n<\/tr>\n<tr>\n<td style=\"text-align: right; padding: 1px 5px;\"><strong>Unterbringung:<\/strong><\/td>\n<td style=\"text-align: left; padding: 1px 5px;\">Waldjugendh\u00fctte<\/td>\n<\/tr>\n<tr>\n<td style=\"text-align: right; padding: 1px 5px;\"><strong>Mitzubringen:<\/strong><\/td>\n<td style=\"text-align: left; padding: 1px 5px;\">Schreibzeug und Waldl\u00e4uferpass<\/td>\n<\/tr>\n<tr>\n<td style=\"text-align: right; padding: 1px 5px;\"><strong>Verpflegung:<\/strong><\/td>\n<td style=\"text-align: left; padding: 1px 5px;\">wird gestellt<\/td>\n<\/tr>\n<tr>\n<td style=\"text-align: right; padding: 1px 5px;\"><strong>Anmeldung:<\/strong><\/td>\n<td style=\"text-align: left; padding: 1px 5px;\"><strong>bis zum 28. Mai<\/strong><\/td>\n<\/tr>\n<tr>\n<td style=\"text-align: right; padding: 1px 5px;\"><strong>Veranstalter:<\/strong><\/td>\n<td style=\"text-align: left; padding: 1px 5px;\">Deutsche Waldjugend Lvb. Nord e.V.<\/td>\n<\/tr>\n<\/tbody>\n<\/table>\n<p><a href=\"https:\/\/waldjugend-nord.de\/?page_id=2198\" target=\"_blank\" rel=\"noopener noreferrer\">Hier findest du alle 24 Sp\u00e4herpunkte, die es gibt.<\/a><\/p>\n","protected":false},"featured_media":3061,"template":"","meta":{"_lmt_disableupdate":"no","_lmt_disable":""},"product_brand":[],"product_cat":[24,51],"product_tag":[],"class_list":{"0":"post-5390","1":"product","2":"type-product","3":"status-publish","4":"has-post-thumbnail","6":"product_cat-seminare","7":"product_cat-spaeherprobenseminar","8":"column","9":"twocol","10":"has-thumbnail","12":"first","13":"instock","14":"shipping-taxable","15":"purchasable","16":"product-type-simple"},"_links":{"self":[{"href":"https:\/\/waldjugend-nord.de\/index.php?rest_route=\/wp\/v2\/product\/5390","targetHints":{"allow":["GET"]}}],"collection":[{"href":"https:\/\/waldjugend-nord.de\/index.php?rest_route=\/wp\/v2\/product"}],"about":[{"href":"https:\/\/waldjugend-nord.de\/index.php?rest_route=\/wp\/v2\/types\/product"}],"wp:featuredmedia":[{"embeddable":true,"href":"https:\/\/waldjugend-nord.de\/index.php?rest_route=\/wp\/v2\/media\/3061"}],"wp:attachment":[{"href":"https:\/\/waldjugend-nord.de\/index.php?rest_route=%2Fwp%2Fv2%2Fmedia&parent=5390"}],"wp:term":[{"taxonomy":"product_brand","embeddable":true,"href":"https:\/\/waldjugend-nord.de\/index.php?rest_route=%2Fwp%2Fv2%2Fproduct_brand&post=5390"},{"taxonomy":"product_cat","embeddable":true,"href":"https:\/\/waldjugend-nord.de\/index.php?rest_route=%2Fwp%2Fv2%2Fproduct_cat&post=5390"},{"taxonomy":"product_tag","embeddable":true,"href":"https:\/\/waldjugend-nord.de\/index.php?rest_route=%2Fwp%2Fv2%2Fproduct_tag&post=5390"}],"curies":[{"name":"wp","href":"https:\/\/api.w.org\/{rel}","templated":true}]}}