{"id":5284,"date":"2026-01-04T19:23:01","date_gmt":"2026-01-04T17:23:01","guid":{"rendered":"https:\/\/waldjugend-nord.de\/?post_type=product&#038;p=5284"},"modified":"2026-03-02T20:49:44","modified_gmt":"2026-03-02T18:49:44","slug":"13-15-maerz-baulager-i","status":"publish","type":"product","link":"https:\/\/waldjugend-nord.de\/?product=13-15-maerz-baulager-i","title":{"rendered":"13. &#8211; 15. M\u00e4rz | Baulager I"},"content":{"rendered":"","protected":false},"excerpt":{"rendered":"<blockquote><p><strong>Arbeitskraft, Kreativit\u00e4t und ein bisschen Grips in der Birne:<\/strong><\/p><\/blockquote>\n<p>&nbsp;<\/p>\n<p>Fr\u00fchjahrsputz, im Herbst alles winterfertig machen, so oder so \u00e4hnlich kann man das Baulager wohl betrachten, nur weniger langweilig! Immer mal wieder m\u00fcssen ein paar Dinge repariert oder neue Sachen gebaut werden, um das Landeszentrum in Schuss zu halten und das geht nicht ohne Deine Hilfe! Schon klar, klingt anstrengend, aber ich versichere Dir, es macht trotzdem wirklich Spa\u00df und nach getaner Arbeit wartet ein netter Abend!<br \/>\nMelde Dich schnell an und danke, dass Du mit anpackst!<\/p>\n<p>&nbsp;<\/p>\n<table>\n<tbody>\n<tr>\n<td style=\"text-align: right; padding: 1px 5px;\">Wann:<\/td>\n<td style=\"text-align: left; padding: 1px 5px;\"><strong>13. &#8211; 15. M\u00e4rz<\/strong><\/td>\n<\/tr>\n<tr>\n<td style=\"text-align: right; padding: 1px 5px;\">Wo:<\/td>\n<td style=\"text-align: left; padding: 1px 5px;\"><a href=\"https:\/\/waldjugend-nord.de\/?page_id=225\">im Landeszentrum in H\u00fctten<\/a><\/td>\n<\/tr>\n<tr>\n<td style=\"text-align: right; padding: 1px 5px;\">Wer:<\/td>\n<td style=\"text-align: left; padding: 1px 5px;\">alle ab Waldl\u00e4ufer*innen ab 16 Jahren<\/td>\n<\/tr>\n<tr>\n<td style=\"text-align: right; padding: 1px 5px;\">Wie viele:<\/td>\n<td style=\"text-align: left; padding: 1px 5px;\">alle!<\/td>\n<\/tr>\n<tr>\n<td style=\"text-align: right; padding: 1px 5px;\">Kosten:<\/td>\n<td style=\"text-align: left; padding: 1px 5px;\">keine, als Dank!<\/td>\n<\/tr>\n<tr>\n<td style=\"text-align: right; padding: 1px 5px;\">Leitung:<\/td>\n<td style=\"text-align: left; padding: 1px 5px;\">Landesleitung<\/td>\n<\/tr>\n<tr>\n<td style=\"text-align: right; padding: 1px 5px;\">Unterbringung:<\/td>\n<td style=\"text-align: left; padding: 1px 5px;\">Waldjugendh\u00fctte<\/td>\n<\/tr>\n<tr>\n<td style=\"text-align: right; padding: 1px 5px;\">Mitzubringen:<\/td>\n<td style=\"text-align: left; padding: 1px 5px;\">Arbeitskleidung<\/td>\n<\/tr>\n<tr>\n<td style=\"text-align: right; padding: 1px 5px;\">Verpflegung:<\/td>\n<td style=\"text-align: left; padding: 1px 5px;\">wird gestellt<\/td>\n<\/tr>\n<tr>\n<td style=\"text-align: right; padding: 1px 5px;\">Anmeldung:<\/td>\n<td style=\"text-align: left; padding: 1px 5px;\"><strong>bis zum 05. M\u00e4rz<\/strong><\/td>\n<\/tr>\n<tr>\n<td style=\"text-align: right; padding: 1px 5px;\">Veranstalter:<\/td>\n<td style=\"text-align: left; padding: 1px 5px;\"><a href=\"mailto:landesleitung@waldjugend-nord.de\">Deutsche Waldjugend Landesverband Nord e.V.<\/a><\/td>\n<\/tr>\n<\/tbody>\n<\/table>\n","protected":false},"featured_media":3042,"template":"","meta":{"_lmt_disableupdate":"no","_lmt_disable":""},"product_brand":[],"product_cat":[24],"product_tag":[],"class_list":{"0":"post-5284","1":"product","2":"type-product","3":"status-publish","4":"has-post-thumbnail","6":"product_cat-seminare","7":"column","8":"twocol","9":"has-thumbnail","11":"first","12":"instock","13":"virtual","14":"sold-individually","15":"product-type-simple"},"_links":{"self":[{"href":"https:\/\/waldjugend-nord.de\/index.php?rest_route=\/wp\/v2\/product\/5284","targetHints":{"allow":["GET"]}}],"collection":[{"href":"https:\/\/waldjugend-nord.de\/index.php?rest_route=\/wp\/v2\/product"}],"about":[{"href":"https:\/\/waldjugend-nord.de\/index.php?rest_route=\/wp\/v2\/types\/product"}],"wp:featuredmedia":[{"embeddable":true,"href":"https:\/\/waldjugend-nord.de\/index.php?rest_route=\/wp\/v2\/media\/3042"}],"wp:attachment":[{"href":"https:\/\/waldjugend-nord.de\/index.php?rest_route=%2Fwp%2Fv2%2Fmedia&parent=5284"}],"wp:term":[{"taxonomy":"product_brand","embeddable":true,"href":"https:\/\/waldjugend-nord.de\/index.php?rest_route=%2Fwp%2Fv2%2Fproduct_brand&post=5284"},{"taxonomy":"product_cat","embeddable":true,"href":"https:\/\/waldjugend-nord.de\/index.php?rest_route=%2Fwp%2Fv2%2Fproduct_cat&post=5284"},{"taxonomy":"product_tag","embeddable":true,"href":"https:\/\/waldjugend-nord.de\/index.php?rest_route=%2Fwp%2Fv2%2Fproduct_tag&post=5284"}],"curies":[{"name":"wp","href":"https:\/\/api.w.org\/{rel}","templated":true}]}}