{"id":2301,"date":"2019-11-01T00:08:26","date_gmt":"2019-10-31T22:08:26","guid":{"rendered":"https:\/\/waldjugend-nord.de\/?post_type=product&#038;p=2301"},"modified":"2025-11-18T15:26:41","modified_gmt":"2025-11-18T13:26:41","slug":"offenes-lager","status":"publish","type":"product","link":"https:\/\/waldjugend-nord.de\/?product=offenes-lager","title":{"rendered":"01. &#8211; 15. August | Offenes Lager"},"content":{"rendered":"","protected":false},"excerpt":{"rendered":"<p><em><strong>350\u20ac pro Person<\/strong><\/em><\/p>\n<blockquote><p><strong>Du \u00fcberlegst, zur Waldjugend zu kommen,<\/strong><\/p><\/blockquote>\n<p>oder bist noch ganz frisch dabei? Dann ist das Offene Lager genau die richtige Veranstaltung f\u00fcr dich!<\/p>\n<p>Es warten zwei Wochen intensive Waldjugenderfahrung auf dich.<\/p>\n<p>Zwei Wochen in Zelten, sogenannten Kohten, im Wald schlafen,<\/p>\n<p>immer drau\u00dfen sein, abends am Lagerfeuer sitzen und Lieder singen,<\/p>\n<p>viele coole Ausfl\u00fcge und noch viel mehr gro\u00dfartiges Programm auf dem Lagerplatz.<\/p>\n<p>Zwei Wochen lang Wald und Natur kennenlernen, neue Freundschaften,<\/p>\n<p>kn\u00fcpfen und ganz viele tolle Erinnerungen sammeln.<\/p>\n<table style=\"height: 273px;\" width=\"660\">\n<tbody>\n<tr>\n<td style=\"text-align: right; padding: 1px 5px;\">Wann:<\/td>\n<td style=\"text-align: left; padding: 1px 5px;\"><strong>01. &#8211; 15. August<\/strong><\/td>\n<\/tr>\n<tr>\n<td style=\"text-align: right; padding: 1px 5px;\">Wo:<\/td>\n<td style=\"text-align: left; padding: 1px 5px;\"><a href=\"https:\/\/waldjugend-nord.de\/?page_id=225\" target=\"_blank\" rel=\"noopener noreferrer\">im Landeszentrum in H\u00fctten<\/a><\/td>\n<\/tr>\n<tr>\n<td style=\"text-align: right; padding: 1px 5px;\">Wer:<\/td>\n<td style=\"text-align: left; padding: 1px 5px;\">alle Kinder von 9 \u2013 14 Jahren<\/td>\n<\/tr>\n<tr>\n<td style=\"text-align: right; padding: 1px 5px;\">Wie viele:<\/td>\n<td style=\"text-align: left; padding: 1px 5px;\">40 Teilnehmer*Innen<\/td>\n<\/tr>\n<tr>\n<td style=\"text-align: right; padding: 1px 5px;\">Kosten:<\/td>\n<td style=\"text-align: left; padding: 1px 5px;\"><strong>350\u20ac pro Person<\/strong><\/p>\n<p>Aufgrund von F\u00f6rderm\u00f6glichkeiten k\u00f6nnen wir ggf. den Preis f\u00fcr Kinder aus einkommensschwachen oder kinderreichen Familien anpassen. Sprechen Sie uns dazu gerne an.<\/td>\n<\/tr>\n<tr>\n<td style=\"text-align: right; padding: 1px 5px;\">Leitung:<\/td>\n<td style=\"text-align: left; padding: 1px 5px;\">Landesleitung<\/td>\n<\/tr>\n<tr>\n<td style=\"text-align: right; padding: 1px 5px;\">Unterbringung:<\/td>\n<td style=\"text-align: left; padding: 1px 5px;\"><a href=\"https:\/\/waldjugend-nord.de\/wp-content\/uploads\/2017\/08\/2013_Von_Jurten_Kohten_Loks_und_Kr%C3%B6ten.pdf\" target=\"_blank\" rel=\"noopener noreferrer\">in Kohten und Jurten<\/a><\/td>\n<\/tr>\n<tr>\n<td style=\"text-align: right; padding: 1px 5px;\">Mitzubringen:<\/td>\n<td style=\"text-align: left; padding: 1px 5px;\">Packliste wird ausgegeben<\/td>\n<\/tr>\n<tr>\n<td style=\"text-align: right; padding: 1px 5px;\">Verpflegung:<\/td>\n<td style=\"text-align: left; padding: 1px 5px;\">wird gestellt<\/td>\n<\/tr>\n<tr>\n<td style=\"text-align: right; padding: 1px 5px;\">Anmeldung:<\/td>\n<td style=\"text-align: left; padding: 1px 5px;\"><strong>bis zum 15. Juli | Einzelanmeldung<\/strong><\/td>\n<\/tr>\n<tr>\n<td style=\"text-align: right; padding: 1px 5px;\">Veranstalter:<\/td>\n<td style=\"text-align: left; padding: 1px 5px;\">Deutsche Waldjugend Landesverband Nord e.V.<\/td>\n<\/tr>\n<\/tbody>\n<\/table>\n[contact-form-7 id=\"1885\" title=\"Kontaktformular - Offenes\"]\n","protected":false},"featured_media":3090,"template":"","meta":{"_lmt_disableupdate":"no","_lmt_disable":""},"product_brand":[],"product_cat":[36],"product_tag":[],"class_list":{"0":"post-2301","1":"product","2":"type-product","3":"status-publish","4":"has-post-thumbnail","6":"product_cat-unkategorisiert","7":"column","8":"twocol","9":"has-thumbnail","11":"first","12":"instock","13":"shipping-taxable","14":"purchasable","15":"product-type-variable"},"_links":{"self":[{"href":"https:\/\/waldjugend-nord.de\/index.php?rest_route=\/wp\/v2\/product\/2301","targetHints":{"allow":["GET"]}}],"collection":[{"href":"https:\/\/waldjugend-nord.de\/index.php?rest_route=\/wp\/v2\/product"}],"about":[{"href":"https:\/\/waldjugend-nord.de\/index.php?rest_route=\/wp\/v2\/types\/product"}],"wp:featuredmedia":[{"embeddable":true,"href":"https:\/\/waldjugend-nord.de\/index.php?rest_route=\/wp\/v2\/media\/3090"}],"wp:attachment":[{"href":"https:\/\/waldjugend-nord.de\/index.php?rest_route=%2Fwp%2Fv2%2Fmedia&parent=2301"}],"wp:term":[{"taxonomy":"product_brand","embeddable":true,"href":"https:\/\/waldjugend-nord.de\/index.php?rest_route=%2Fwp%2Fv2%2Fproduct_brand&post=2301"},{"taxonomy":"product_cat","embeddable":true,"href":"https:\/\/waldjugend-nord.de\/index.php?rest_route=%2Fwp%2Fv2%2Fproduct_cat&post=2301"},{"taxonomy":"product_tag","embeddable":true,"href":"https:\/\/waldjugend-nord.de\/index.php?rest_route=%2Fwp%2Fv2%2Fproduct_tag&post=2301"}],"curies":[{"name":"wp","href":"https:\/\/api.w.org\/{rel}","templated":true}]}}