{"id":844,"date":"2017-09-09T12:35:52","date_gmt":"2017-09-09T10:35:52","guid":{"rendered":"https:\/\/waldjugend-nord.de\/?page_id=844"},"modified":"2026-03-09T21:55:07","modified_gmt":"2026-03-09T19:55:07","slug":"service","status":"publish","type":"page","link":"https:\/\/waldjugend-nord.de\/?page_id=844","title":{"rendered":"Service"},"content":{"rendered":"<div style=\"text-align: justify;\">\n<p><img loading=\"lazy\" decoding=\"async\" class=\"alignright wp-image-1036 size-medium\" src=\"https:\/\/waldjugend-nord.de\/wp-content\/uploads\/2017\/08\/GruleiLehrgang-300x300.png\" alt=\"\" width=\"300\" height=\"300\" \/><\/p>\n<p><strong>Vorlagen<\/strong><\/p>\n<ul>\n<li><a href=\"https:\/\/waldjugend-nord.de\/wp-content\/uploads\/2025\/02\/Briefvorlage-2025.docx\">Briefvorlage<\/a><\/li>\n<li><a href=\"https:\/\/waldjugend-nord.de\/wp-content\/uploads\/2025\/02\/2025_Auslagenerstattung.pdf\">Auslagenerstattung<\/a><\/li>\n<li><a href=\"https:\/\/waldjugend-nord.de\/wp-content\/uploads\/2025\/03\/2024_Fahrtkostenerstattung.pdf\">Fahrtkostenerstattung<\/a><\/li>\n<\/ul>\n<p><strong>Unsere Vereinssatzung<\/strong><\/p>\n<ul>\n<li><a href=\"https:\/\/waldjugend-nord.de\/wp-content\/uploads\/2023\/07\/2022-11-13-Satzung-final-1.pdf\" target=\"_blank\" rel=\"noopener noreferrer\">DWJ-Satzung Lvb. Nord<\/a><\/li>\n<li><a href=\"https:\/\/waldjugend-nord.de\/wp-content\/uploads\/2023\/07\/2023-02-21-Geschaeftsordnung-neu-final.pdf\">Gesch\u00e4ftsordnung Lvb. Nord<\/a><\/li>\n<li><a href=\"https:\/\/waldjugend-nord.de\/wp-content\/uploads\/2023\/07\/2022-11-13-Satzung-final-1.pdf\">DWJ-Bundessatzung<\/a><\/li>\n<\/ul>\n<p><strong>Mitgliedschaft<\/strong><\/p>\n<ul>\n<li><a href=\"https:\/\/waldjugend-nord.de\/wp-content\/uploads\/2017\/11\/Aufnahmeantrag.pdf\" target=\"_blank\" rel=\"noopener noreferrer\">Aufnahmeantrag<\/a><\/li>\n<li><a href=\"https:\/\/waldjugend-nord.de\/wp-content\/uploads\/2017\/11\/Austrittserkl\u00e4rung.pdf\" target=\"_blank\" rel=\"noopener noreferrer\">Austrittserkl\u00e4rung<\/a><\/li>\n<\/ul>\n<p><strong>F\u00f6rderkreis<\/strong><\/p>\n<ul>\n<li><a href=\"https:\/\/waldjugend-nord.de\/wp-content\/uploads\/2025\/11\/2025_Formular-Foerderkreisaufnahme-neues-CI-.pdf\">Formular F\u00f6rderkreisaufnahme<\/a><\/li>\n<li><a href=\"https:\/\/waldjugend-nord.de\/wp-content\/uploads\/2019\/06\/Formular-SEPA-Lastschriftmandat-.pdf\" target=\"_blank\" rel=\"noopener noreferrer\">SEPA Lastschriftmandat<\/a><\/li>\n<\/ul>\n<p><strong>\u00d6ffentlichkeitsarbeit<\/strong><\/p>\n<ul>\n<li>Text-Hilfe:<a href=\"https:\/\/waldjugend.de\/wp-content\/uploads\/2020\/01\/2020_20.000-Stunden-Berichterstattung.docx\"> &#8220;Was ist Waldjugend?&#8221;<\/a><\/li>\n<li><a href=\"http:\/\/www.waldjugend.de\/index.php?shop-1&amp;shop_cat=24\" target=\"_blank\" rel=\"noopener noreferrer\">Waldjugend-Shop <\/a><\/li>\n<li><a href=\"https:\/\/waldjugend.de\/holzlaufwerk\/corporate-design\/\" target=\"_blank\" rel=\"noopener noreferrer\">Unsere Design und Erscheinungsbild<\/a><\/li>\n<li>Flyer gibt es beim <a href=\"mailto: presse@waldjugend-nord.de\">Pressereferenten Johann<\/a> <em>einfach per Mail schreiben wieviele ihr braucht!<\/em><\/li>\n<\/ul>\n<\/div>\n","protected":false},"excerpt":{"rendered":"<p>Vorlagen Briefvorlage Auslagenerstattung Fahrtkostenerstattung Unsere Vereinssatzung DWJ-Satzung Lvb. Nord Gesch\u00e4ftsordnung Lvb. Nord DWJ-Bundessatzung Mitgliedschaft Aufnahmeantrag Austrittserkl\u00e4rung F\u00f6rderkreis Formular F\u00f6rderkreisaufnahme SEPA Lastschriftmandat \u00d6ffentlichkeitsarbeit Text-Hilfe: &#8220;Was ist Waldjugend?&#8221; Waldjugend-Shop Unsere Design und Erscheinungsbild Flyer gibt es beim Pressereferenten Johann einfach per Mail schreiben wieviele ihr braucht!<\/p>\n","protected":false},"author":2,"featured_media":0,"parent":0,"menu_order":0,"comment_status":"closed","ping_status":"closed","template":"","meta":{"_lmt_disableupdate":"no","_lmt_disable":"","footnotes":""},"class_list":["post-844","page","type-page","status-publish","hentry","column","twocol"],"_links":{"self":[{"href":"https:\/\/waldjugend-nord.de\/index.php?rest_route=\/wp\/v2\/pages\/844","targetHints":{"allow":["GET"]}}],"collection":[{"href":"https:\/\/waldjugend-nord.de\/index.php?rest_route=\/wp\/v2\/pages"}],"about":[{"href":"https:\/\/waldjugend-nord.de\/index.php?rest_route=\/wp\/v2\/types\/page"}],"author":[{"embeddable":true,"href":"https:\/\/waldjugend-nord.de\/index.php?rest_route=\/wp\/v2\/users\/2"}],"replies":[{"embeddable":true,"href":"https:\/\/waldjugend-nord.de\/index.php?rest_route=%2Fwp%2Fv2%2Fcomments&post=844"}],"version-history":[{"count":40,"href":"https:\/\/waldjugend-nord.de\/index.php?rest_route=\/wp\/v2\/pages\/844\/revisions"}],"predecessor-version":[{"id":5452,"href":"https:\/\/waldjugend-nord.de\/index.php?rest_route=\/wp\/v2\/pages\/844\/revisions\/5452"}],"wp:attachment":[{"href":"https:\/\/waldjugend-nord.de\/index.php?rest_route=%2Fwp%2Fv2%2Fmedia&parent=844"}],"curies":[{"name":"wp","href":"https:\/\/api.w.org\/{rel}","templated":true}]}}