{"id":614,"date":"2017-08-09T15:57:12","date_gmt":"2017-08-09T13:57:12","guid":{"rendered":"https:\/\/waldjugend-nord.de\/?page_id=614"},"modified":"2020-03-31T14:54:04","modified_gmt":"2020-03-31T12:54:04","slug":"wissen","status":"publish","type":"page","link":"https:\/\/waldjugend-nord.de\/?page_id=614","title":{"rendered":"Wissen"},"content":{"rendered":"<p><img loading=\"lazy\" decoding=\"async\" class=\"size-medium wp-image-61 aligncenter\" src=\"https:\/\/waldjugend-nord.de\/wp-content\/uploads\/2017\/08\/vertieftesWildschwein-300x150.jpg\" alt=\"\" width=\"300\" height=\"150\" srcset=\"https:\/\/waldjugend-nord.de\/wp-content\/uploads\/2017\/08\/vertieftesWildschwein-300x150.jpg 300w, https:\/\/waldjugend-nord.de\/wp-content\/uploads\/2017\/08\/vertieftesWildschwein-600x299.jpg 600w, https:\/\/waldjugend-nord.de\/wp-content\/uploads\/2017\/08\/vertieftesWildschwein-768x383.jpg 768w, https:\/\/waldjugend-nord.de\/wp-content\/uploads\/2017\/08\/vertieftesWildschwein-1024x511.jpg 1024w, https:\/\/waldjugend-nord.de\/wp-content\/uploads\/2017\/08\/vertieftesWildschwein-700x349.jpg 700w, https:\/\/waldjugend-nord.de\/wp-content\/uploads\/2017\/08\/vertieftesWildschwein-332x166.jpg 332w, https:\/\/waldjugend-nord.de\/wp-content\/uploads\/2017\/08\/vertieftesWildschwein.jpg 1194w\" sizes=\"auto, (max-width: 300px) 100vw, 300px\" \/><\/p>\n<p>Hier findest du Beitr\u00e4ge rund um Flora und Fauna, \u00d6kosysteme und vieles mehr.<\/p>\n<h4>Extras f\u00fcr die Gruppenleitung:<\/h4>\n<ul>\n<li><a href=\"https:\/\/waldjugend-nord.de\/wp-content\/uploads\/2020\/03\/How-to-Forsteinsatz.pdf\" target=\"_blank\" rel=\"noopener noreferrer\">Forsteinsatz planen<\/a><\/li>\n<li><a href=\"https:\/\/waldjugend-nord.de\/wp-content\/uploads\/2020\/03\/Essensplanung-Gruleifobi-2020.pdf\" target=\"_blank\" rel=\"noopener noreferrer\">Lagerverpflegung planen<\/a><\/li>\n<li><a href=\"https:\/\/waldjugend-nord.de\/wp-content\/uploads\/2020\/03\/Mitschrift.docx\" target=\"_blank\" rel=\"noopener noreferrer\">Gro\u00dffahrt &#8211; planen<\/a><\/li>\n<li><a href=\"https:\/\/waldjugend-nord.de\/wp-content\/uploads\/2020\/03\/Beispiel-Elternbrief.docx\" target=\"_blank\" rel=\"noopener noreferrer\">Gro\u00dffahrt &#8211; Elternbrief<\/a><\/li>\n<li><a href=\"https:\/\/waldjugend-nord.de\/wp-content\/uploads\/2020\/03\/An-den-SDW-Kreisverband.docx\" target=\"_blank\" rel=\"noopener noreferrer\">Gro\u00dffahrt &#8211; Spendenschreiben<\/a><\/li>\n<li><a href=\"https:\/\/waldjugend-nord.de\/wp-content\/uploads\/2020\/03\/Packliste.docx\" target=\"_blank\" rel=\"noopener noreferrer\">Gro\u00dffahrt &#8211; Packliste<\/a><\/li>\n<li><a href=\"https:\/\/waldjugend-nord.de\/wp-content\/uploads\/2020\/03\/Schwedenfahrt.xlsx\" target=\"_blank\" rel=\"noopener noreferrer\">Gro\u00dffahrt &#8211; Kostenplanung und Abrechnung<\/a><\/li>\n<\/ul>\n<table width=\"281\">\n<tbody>\n<tr>\n<td style=\"text-align: left;\"><strong>A<\/strong><\/td>\n<\/tr>\n<tr>\n<td style=\"text-align: left;\"><\/td>\n<\/tr>\n<tr>\n<td style=\"text-align: left;\"><\/td>\n<\/tr>\n<tr>\n<td style=\"text-align: left;\"><strong>B<\/strong><\/td>\n<\/tr>\n<tr>\n<td style=\"text-align: left;\"><a href=\"https:\/\/waldjugend-nord.de\/wp-content\/uploads\/2017\/11\/Bach-Erkundung-NN-3-1995.pdf\" target=\"_blank\" rel=\"noopener noreferrer\">Bach-Erkundung (NN 3\/1995)<\/a><\/td>\n<\/tr>\n<tr>\n<td style=\"text-align: left;\"><a href=\"https:\/\/waldjugend-nord.de\/wp-content\/uploads\/2017\/11\/Beobachtung-Anleitung-NN-3-1994.pdf\" target=\"_blank\" rel=\"noopener noreferrer\">Beobachtung-Anleitung (NN 3\/1994)<\/a><\/td>\n<\/tr>\n<tr>\n<td style=\"text-align: left;\"><a href=\"https:\/\/waldjugend-nord.de\/wp-content\/uploads\/2017\/11\/Biber-NN-2-2002.pdf\" target=\"_blank\" rel=\"noopener noreferrer\">Biber (NN 2\/2002)<\/a><\/td>\n<\/tr>\n<tr>\n<td style=\"text-align: left;\"><a href=\"https:\/\/waldjugend-nord.de\/wp-content\/uploads\/2017\/10\/Die-Birke.pdf\" target=\"_blank\" rel=\"noopener noreferrer\">Birke (NN 1\/2017)<\/a><\/td>\n<\/tr>\n<tr>\n<td style=\"text-align: left;\"><a href=\"https:\/\/waldjugend-nord.de\/wp-content\/uploads\/2017\/11\/Brennnessel-gro\u00dfe-NN-2-2011.pdf\" target=\"_blank\" rel=\"noopener noreferrer\">Brennnessel-gro\u00dfe (NN 2\/2011)<\/a><\/td>\n<\/tr>\n<tr>\n<td style=\"text-align: left;\"><\/td>\n<\/tr>\n<tr>\n<td style=\"text-align: left;\"><strong>C<\/strong><\/td>\n<\/tr>\n<tr>\n<td style=\"text-align: left;\"><\/td>\n<\/tr>\n<tr>\n<td style=\"text-align: left;\"><\/td>\n<\/tr>\n<tr>\n<td style=\"text-align: left;\"><strong>D<\/strong><\/td>\n<\/tr>\n<tr>\n<td style=\"text-align: left;\"><a href=\"https:\/\/waldjugend-nord.de\/wp-content\/uploads\/2017\/11\/Damhirsch-NN-3-2004.pdf\" target=\"_blank\" rel=\"noopener noreferrer\">Damhirsch (NN 3\/2004)<\/a><\/td>\n<\/tr>\n<tr>\n<td style=\"text-align: left;\"><\/td>\n<\/tr>\n<tr>\n<td style=\"text-align: left;\"><strong>E<\/strong><\/td>\n<\/tr>\n<tr>\n<td style=\"text-align: left;\"><a title=\"Bei der Macht des Mondes...\" href=\"https:\/\/waldjugend-nord.de\/wp-content\/uploads\/2017\/08\/2014_Bio_Ebbe_und_Flut.pdf\" target=\"_blank\" rel=\"alternate noopener noreferrer\">Ebbe und Flut (NN 1\/2014)<\/a><\/td>\n<\/tr>\n<tr>\n<td style=\"text-align: left;\"><a href=\"https:\/\/waldjugend-nord.de\/wp-content\/uploads\/2017\/11\/Eberesche-NN-1-1997.pdf\" target=\"_blank\" rel=\"noopener noreferrer\">Eberesche (NN 1\/1997)<\/a><\/td>\n<\/tr>\n<tr>\n<td style=\"text-align: left;\"><a href=\"https:\/\/waldjugend-nord.de\/wp-content\/uploads\/2017\/11\/Eiche-NN-3-2011.pdf\" target=\"_blank\" rel=\"noopener noreferrer\">Eiche (NN 3\/2011)<\/a><\/td>\n<\/tr>\n<tr>\n<td style=\"text-align: left;\"><a href=\"https:\/\/waldjugend-nord.de\/wp-content\/uploads\/2017\/11\/Eisvogel-NN-3-2005.pdf\" target=\"_blank\" rel=\"noopener noreferrer\">Eisvogel (NN 3\/2005)<\/a><\/td>\n<\/tr>\n<tr>\n<td style=\"text-align: left;\"><\/td>\n<\/tr>\n<tr>\n<td style=\"text-align: left;\"><strong>F<\/strong><\/td>\n<\/tr>\n<tr>\n<td style=\"text-align: left;\"><a href=\"https:\/\/waldjugend-nord.de\/wp-content\/uploads\/2017\/08\/2015_Bio_Feldahorn.pdf\" target=\"_blank\" rel=\"noopener noreferrer\">Feldahorn (NN 1\/2015)<\/a><\/td>\n<\/tr>\n<tr>\n<td style=\"text-align: left;\"><a href=\"https:\/\/waldjugend-nord.de\/wp-content\/uploads\/2017\/11\/Feuchtwiesen-ABC-Teil-1-NN-1-2001.pdf\" target=\"_blank\" rel=\"noopener noreferrer\">Feuchtwiesen ABC Teil 1 (NN 1\/2001)<\/a><\/td>\n<\/tr>\n<tr>\n<td style=\"text-align: left;\"><a href=\"https:\/\/waldjugend-nord.de\/wp-content\/uploads\/2017\/11\/Feuchtwiesen-ABC-Teil-2-NN-3-2001.pdf\" target=\"_blank\" rel=\"noopener noreferrer\">Feuchtwiesen ABC Teil 2 (NN 3\/2001)<\/a><\/td>\n<\/tr>\n<tr>\n<td style=\"text-align: left;\"><a href=\"https:\/\/waldjugend-nord.de\/wp-content\/uploads\/2017\/11\/Feuchtwiesen-ABC-Teil-3-NN-1-2002.pdf\" target=\"_blank\" rel=\"noopener noreferrer\">Feuchtwiesen ABC Teil 3\u00a0 (NN 1\/2002)<\/a><\/td>\n<\/tr>\n<tr>\n<td style=\"text-align: left;\"><a href=\"https:\/\/waldjugend-nord.de\/wp-content\/uploads\/2017\/11\/Feuer-NN-3-2002.pdf\" target=\"_blank\" rel=\"noopener noreferrer\">Feuer (NN 3\/2002)<\/a><\/td>\n<\/tr>\n<tr>\n<td style=\"text-align: left;\"><a href=\"https:\/\/waldjugend-nord.de\/wp-content\/uploads\/2017\/11\/Feuer-Fahne-und-Kluft-NN-2-1995.pdf\" target=\"_blank\" rel=\"noopener noreferrer\">Feuer, Fahne und Kluft (NN 2\/1995)<\/a><\/td>\n<\/tr>\n<tr>\n<td style=\"text-align: left;\"><a href=\"https:\/\/waldjugend-nord.de\/wp-content\/uploads\/2017\/10\/Die-Fichte.pdf\" target=\"_blank\" rel=\"noopener noreferrer\">Fichte (NN 1\/2016)<\/a><\/td>\n<\/tr>\n<tr>\n<td style=\"text-align: left;\"><a href=\"https:\/\/waldjugend-nord.de\/wp-content\/uploads\/2017\/11\/Florfliege-NN-4-1998.pdf\" target=\"_blank\" rel=\"noopener noreferrer\">Florfliege (NN 4\/1998)<\/a><\/td>\n<\/tr>\n<tr>\n<td style=\"text-align: left;\"><\/td>\n<\/tr>\n<tr>\n<td style=\"text-align: left;\"><strong>G<\/strong><\/td>\n<\/tr>\n<tr>\n<td style=\"text-align: left;\"><\/td>\n<\/tr>\n<tr>\n<td style=\"text-align: left;\"><\/td>\n<\/tr>\n<tr>\n<td style=\"text-align: left;\"><strong>H<\/strong><\/td>\n<\/tr>\n<tr>\n<td style=\"text-align: left;\"><a href=\"https:\/\/waldjugend-nord.de\/wp-content\/uploads\/2017\/11\/Hermelin-NN-3-2002.pdf\" target=\"_blank\" rel=\"noopener noreferrer\">Hermelin (NN 3\/2002)<\/a><\/td>\n<\/tr>\n<tr>\n<td style=\"text-align: left;\"><\/td>\n<\/tr>\n<tr>\n<td style=\"text-align: left;\"><strong>I<\/strong><\/td>\n<\/tr>\n<tr>\n<td style=\"text-align: left;\"><a href=\"https:\/\/waldjugend-nord.de\/wp-content\/uploads\/2017\/11\/Igel-NN-3-2003.pdf\" target=\"_blank\" rel=\"noopener noreferrer\">Igel (NN 3\/2003)<\/a><\/td>\n<\/tr>\n<tr>\n<td style=\"text-align: left;\"><\/td>\n<\/tr>\n<tr>\n<td style=\"text-align: left;\"><strong>J<\/strong><\/td>\n<\/tr>\n<tr>\n<td style=\"text-align: left;\"><a href=\"https:\/\/waldjugend-nord.de\/wp-content\/uploads\/2017\/11\/Jugenbewegung-NN-2-1990.pdf\" target=\"_blank\" rel=\"noopener noreferrer\">Jugenbewegung (NN 2\/1990)<\/a><\/td>\n<\/tr>\n<tr>\n<td style=\"text-align: left;\"><a title=\"Mal etwas Geschichtliches\" href=\"https:\/\/waldjugend-nord.de\/wp-content\/uploads\/2017\/08\/2013_Von_Jurten_Kohten_Loks_und_Kr%C3%B6ten.pdf\" target=\"_blank\" rel=\"alternate noopener noreferrer\">Jurten, Kothen, Loks und Kr\u00f6ten (NN 1\/2013)<\/a><\/td>\n<\/tr>\n<tr>\n<td style=\"text-align: left;\"><\/td>\n<\/tr>\n<tr>\n<td style=\"text-align: left;\"><strong>K<\/strong><\/td>\n<\/tr>\n<tr>\n<td style=\"text-align: left;\"><a title=\"Vanellus vanellus\" href=\"https:\/\/waldjugend-nord.de\/wp-content\/uploads\/2017\/08\/2004_Bio_Der_Kiebitz.pdf\" target=\"_blank\" rel=\"alternate noopener noreferrer\">Kiebitz (NN 1\/2004)<\/a><\/td>\n<\/tr>\n<tr>\n<td style=\"text-align: left;\"><\/td>\n<\/tr>\n<tr>\n<td style=\"text-align: left;\"><strong>L<\/strong><\/td>\n<\/tr>\n<tr>\n<td style=\"text-align: left;\"><a href=\"https:\/\/waldjugend-nord.de\/wp-content\/uploads\/2017\/11\/Lachm\u00f6we-NN-1-2002.pdf\" target=\"_blank\" rel=\"noopener noreferrer\">Lachm\u00f6we (NN 1\/2002)<\/a><\/td>\n<\/tr>\n<tr>\n<td style=\"text-align: left;\"><a title=\"...ja richtig: Salmonidae!\" href=\"https:\/\/waldjugend-nord.de\/wp-content\/uploads\/2017\/08\/2014_Bio_Lachs.pdf\" target=\"_blank\" rel=\"alternate noopener noreferrer\">Lachs (NN 2\/2014)<\/a><\/td>\n<\/tr>\n<tr>\n<td style=\"text-align: left;\"><\/td>\n<\/tr>\n<tr>\n<td style=\"text-align: left;\"><strong>M<\/strong><\/td>\n<\/tr>\n<tr>\n<td style=\"text-align: left;\"><a href=\"https:\/\/waldjugend-nord.de\/wp-content\/uploads\/2017\/11\/M\u00e4usebussard-NN-1-2005.pdf\" target=\"_blank\" rel=\"noopener noreferrer\">M\u00e4usebussard (NN 1\/2005)<\/a><\/td>\n<\/tr>\n<tr>\n<td style=\"text-align: left;\"><a href=\"https:\/\/waldjugend-nord.de\/wp-content\/uploads\/2017\/11\/Meteologie-\u2013-ein-Ph\u00e4nomen-NN-2-2001.pdf\" target=\"_blank\" rel=\"noopener noreferrer\">Meteologie &#8211; ein Ph\u00e4nomen (NN 2\/2001)<\/a><\/td>\n<\/tr>\n<tr>\n<td style=\"text-align: left;\"><a href=\"https:\/\/waldjugend-nord.de\/wp-content\/uploads\/2017\/11\/Musikinstrumente-\u2013-seltene-NN-1-1990.pdf\" target=\"_blank\" rel=\"noopener noreferrer\">Musikinstrumente &#8211; seltene (NN 1\/1990)<\/a><\/td>\n<\/tr>\n<tr>\n<td style=\"text-align: left;\"><\/td>\n<\/tr>\n<tr>\n<td style=\"text-align: left;\"><strong>N<\/strong><\/td>\n<\/tr>\n<tr>\n<td style=\"text-align: left;\"><\/td>\n<\/tr>\n<tr>\n<td style=\"text-align: left;\"><strong>O<\/strong><\/td>\n<\/tr>\n<tr>\n<td style=\"text-align: left;\"><a href=\"https:\/\/waldjugend-nord.de\/wp-content\/uploads\/2017\/11\/Orchideewiese-\u2013-ABC-Teil-1-NN-1-2003.pdf\" target=\"_blank\" rel=\"noopener noreferrer\">Orchideewiese &#8211; ABC Teil 1 (NN 1\/2003)<\/a><\/td>\n<\/tr>\n<tr>\n<td style=\"text-align: left;\"><a href=\"https:\/\/waldjugend-nord.de\/wp-content\/uploads\/2017\/11\/Orchideewiese-\u2013-ABC-Teil-2-NN-1-2004.pdf\" target=\"_blank\" rel=\"noopener noreferrer\">Orchideewiese &#8211; ABC Teil 2 (NN 1\/2004)<\/a><\/td>\n<\/tr>\n<tr>\n<td style=\"text-align: left;\"><a href=\"https:\/\/waldjugend-nord.de\/wp-content\/uploads\/2017\/11\/Orchideewiese-\u2013-ABC-Teil-3-NN-1-2005.pdf\" target=\"_blank\" rel=\"noopener noreferrer\">Orchideewiese &#8211; ABC Teil 3 (NN 1\/2005)<\/a><\/td>\n<\/tr>\n<tr>\n<td style=\"text-align: left;\"><a href=\"https:\/\/waldjugend-nord.de\/wp-content\/uploads\/2018\/07\/Oeffi.pdf\" target=\"_blank\" rel=\"noopener noreferrer\">\u00d6ffentliche Verkehrsmittel in Schleswig Holstein (NN 1\/2018)<\/a><\/td>\n<\/tr>\n<tr>\n<td style=\"text-align: left;\"><\/td>\n<\/tr>\n<tr>\n<td style=\"text-align: left;\"><strong>P<\/strong><\/td>\n<\/tr>\n<tr>\n<td style=\"text-align: left;\"><a href=\"https:\/\/waldjugend-nord.de\/wp-content\/uploads\/2017\/11\/Packliste-f\u00fcr-Waldl\u00e4ufer-NN-1-1998.pdf\" target=\"_blank\" rel=\"noopener noreferrer\">Packliste f\u00fcr Waldl\u00e4ufer (NN 1\/1998)<\/a><\/td>\n<\/tr>\n<tr>\n<td style=\"text-align: left;\"><a href=\"https:\/\/waldjugend-nord.de\/wp-content\/uploads\/2018\/07\/Packliste.pdf\" target=\"_blank\" rel=\"noopener noreferrer\">Packliste &#8211; 20 Jahre sp\u00e4ter (NN 1\/2018)<\/a><\/td>\n<\/tr>\n<tr>\n<td style=\"text-align: left;\"><a title=\"Ih Bah!\" href=\"https:\/\/waldjugend-nord.de\/wp-content\/uploads\/2017\/08\/2014_Bio_Plankton_und_Plastik.pdf\" target=\"_blank\" rel=\"alternate noopener noreferrer\">Plankton und Plastik (NN 1\/2014)<\/a><\/td>\n<\/tr>\n<tr>\n<td style=\"text-align: left;\"><\/td>\n<\/tr>\n<tr>\n<td style=\"text-align: left;\"><strong>Q<\/strong><\/td>\n<\/tr>\n<tr>\n<td style=\"text-align: left;\"><\/td>\n<\/tr>\n<tr>\n<td style=\"text-align: left;\"><strong>R<\/strong><\/td>\n<\/tr>\n<tr>\n<td style=\"text-align: left;\"><a href=\"https:\/\/waldjugend-nord.de\/wp-content\/uploads\/2017\/11\/Raubw\u00fcrger-NN-2-2003.pdf\" target=\"_blank\" rel=\"noopener noreferrer\">Raubw\u00fcrger (NN 2\/2003)<\/a><\/td>\n<\/tr>\n<tr>\n<td style=\"text-align: left;\"><a title=\"Nicht Rosst...Ross...wie Hotteh\u00fc!\" href=\"https:\/\/waldjugend-nord.de\/wp-content\/uploads\/2017\/08\/2013_Bio_Die_Rosskastanie.pdf\" target=\"_blank\" rel=\"alternate noopener noreferrer\">Rosskastanie (NN 1\/2013)<\/a><\/td>\n<\/tr>\n<tr>\n<td style=\"text-align: left;\"><a href=\"https:\/\/waldjugend-nord.de\/wp-content\/uploads\/2017\/11\/Rotbuche-NN-1-2011.pdf\" target=\"_blank\" rel=\"noopener noreferrer\">Rotbuche (NN 1\/2011)<\/a><\/td>\n<\/tr>\n<tr>\n<td style=\"text-align: left;\"><a href=\"https:\/\/waldjugend-nord.de\/wp-content\/uploads\/2017\/08\/2015_Bio_Igelbeobachtung.pdf\" target=\"_blank\" rel=\"noopener noreferrer\">Rupfungen (NN 3\/2015)<\/a><\/td>\n<\/tr>\n<tr>\n<td style=\"text-align: left;\"><a href=\"https:\/\/waldjugend-nord.de\/wp-content\/uploads\/2017\/11\/Rupfung-legen-NN-1-1990.pdf\" target=\"_blank\" rel=\"noopener noreferrer\">Rupfung legen (NN 1\/1990)<\/a><\/td>\n<\/tr>\n<tr>\n<td style=\"text-align: left;\"><\/td>\n<\/tr>\n<tr>\n<td style=\"text-align: left;\"><strong>S<\/strong><\/td>\n<\/tr>\n<tr>\n<td style=\"text-align: left;\"><a href=\"https:\/\/waldjugend-nord.de\/wp-content\/uploads\/2017\/11\/saurer-Regen-NN-4-1997.pdf\" target=\"_blank\" rel=\"noopener noreferrer\">saurer Regen (NN 4\/1997)<\/a><\/td>\n<\/tr>\n<tr>\n<td style=\"text-align: left;\">Schwarzspecht (NN 1\/2004)<\/td>\n<\/tr>\n<tr>\n<td style=\"text-align: left;\"><a href=\"https:\/\/waldjugend-nord.de\/wp-content\/uploads\/2017\/11\/Sperber-NN-2-2004.pdf\" target=\"_blank\" rel=\"noopener noreferrer\">Sperber (NN 2\/2004)<\/a><\/td>\n<\/tr>\n<tr>\n<td style=\"text-align: left;\"><a href=\"https:\/\/waldjugend-nord.de\/wp-content\/uploads\/2017\/11\/Stechm\u00fccke-NN-2-1990.pdf\" target=\"_blank\" rel=\"noopener noreferrer\">Stechm\u00fccke (NN 2\/1990)<\/a><\/td>\n<\/tr>\n<tr>\n<td style=\"text-align: left;\"><\/td>\n<\/tr>\n<tr>\n<td style=\"text-align: left;\"><strong>T<\/strong><\/td>\n<\/tr>\n<tr>\n<td style=\"text-align: left;\">Tag des Baumes &#8211; <em>Geschichte<\/em> (NN 1\/1991)<\/td>\n<\/tr>\n<tr>\n<td style=\"text-align: left;\"><a href=\"https:\/\/waldjugend-nord.de\/wp-content\/uploads\/2017\/11\/Tordalk-NN-2-2005.pdf\" target=\"_blank\" rel=\"noopener noreferrer\">Tordalk (NN 2\/2005)<\/a><\/td>\n<\/tr>\n<tr>\n<td style=\"text-align: left;\"><\/td>\n<\/tr>\n<tr>\n<td style=\"text-align: left;\"><strong>U<\/strong><\/td>\n<\/tr>\n<tr>\n<td style=\"text-align: left;\"><\/td>\n<\/tr>\n<tr>\n<td style=\"text-align: left;\"><\/td>\n<\/tr>\n<tr>\n<td style=\"text-align: left;\"><strong>V<\/strong><\/td>\n<\/tr>\n<tr>\n<td style=\"text-align: left;\"><\/td>\n<\/tr>\n<tr>\n<td style=\"text-align: left;\"><\/td>\n<\/tr>\n<tr>\n<td style=\"text-align: left;\"><strong>W<\/strong><\/td>\n<\/tr>\n<tr>\n<td style=\"text-align: left;\"><a href=\"https:\/\/waldjugend-nord.de\/wp-content\/uploads\/2017\/11\/Wald-\u2013-Bl\u00fche-NN-1-1990.pdf\" target=\"_blank\" rel=\"noopener noreferrer\">Wald &#8211; Bl\u00fche (NN 1\/1990)<\/a><\/td>\n<\/tr>\n<tr>\n<td style=\"text-align: left;\"><a href=\"https:\/\/waldjugend-nord.de\/wp-content\/uploads\/2017\/11\/Wald-\u2013-Wohlfahrtswirkung-NN-2-2001.pdf\" target=\"_blank\" rel=\"noopener noreferrer\">Wald &#8211; Wohlfahrtswirkung (NN 2\/2001)<\/a><\/td>\n<\/tr>\n<tr>\n<td style=\"text-align: left;\"><a title=\"Waldwissen_Vom Nutzen des Waldes_Wohlfahrtswirkungen_20180412\" href=\"https:\/\/waldjugend-nord.de\/wp-content\/uploads\/2019\/11\/Waldwissen_Vom-Nutzen-des-Waldes_Wohlfahrtswirkungen_20180412.pdf\" target=\"_blank\" rel=\"alternate noopener noreferrer\">Wald &#8211; Wohlfahrtswirkung des Waldes (Stiftung Klimawald &#8211; 2019)<\/a><\/td>\n<\/tr>\n<tr>\n<td style=\"text-align: left;\"><a href=\"https:\/\/waldjugend-nord.de\/wp-content\/uploads\/2020\/03\/Waldl\u00e4uferzeichen-scaled.jpg\" target=\"_blank\" rel=\"noopener noreferrer\">Waldl\u00e4uferzeichen<\/a><\/td>\n<\/tr>\n<tr>\n<td style=\"text-align: left;\"><a href=\"https:\/\/waldjugend-nord.de\/wp-content\/uploads\/2019\/11\/Waldwissen_Rekorde-des-Waldes_20180412.pdf\" target=\"_blank\" rel=\"noopener noreferrer\">Waldwissen &#8211; Rekorde des Waldes (Stiftung Klimawald &#8211; 2019)<\/a><\/td>\n<\/tr>\n<tr>\n<td style=\"text-align: left;\"><a href=\"https:\/\/waldjugend-nord.de\/wp-content\/uploads\/2017\/11\/Wanderfalter-NN-3-1990.pdf\" target=\"_blank\" rel=\"noopener noreferrer\">Wanderfalter (NN 3\/1990)<\/a><\/td>\n<\/tr>\n<tr>\n<td style=\"text-align: left;\"><a href=\"https:\/\/waldjugend-nord.de\/wp-content\/uploads\/2017\/11\/Wiese-\u2013-erkunden-NN-2-1995.pdf\" target=\"_blank\" rel=\"noopener noreferrer\">Wiese &#8211; erkunden (NN 2\/1995)<\/a><\/td>\n<\/tr>\n<tr>\n<td style=\"text-align: left;\"><a href=\"https:\/\/waldjugend-nord.de\/wp-content\/uploads\/2017\/11\/Wildarten-\u2013-die-wichtigsten-in-SH-NN-2-2001.pdf\" target=\"_blank\" rel=\"noopener noreferrer\">Wildarten &#8211; die wichtigsten in SH (NN 2\/2001)<\/a><\/td>\n<\/tr>\n<tr>\n<td style=\"text-align: left;\"><a href=\"https:\/\/waldjugend-nord.de\/wp-content\/uploads\/2018\/07\/Wilcampen.pdf\" target=\"_blank\" rel=\"noopener noreferrer\">Wildcampen (NN 1\/2018)<\/a><\/td>\n<\/tr>\n<tr>\n<td style=\"text-align: left;\"><a href=\"https:\/\/waldjugend-nord.de\/wp-content\/uploads\/2017\/11\/Winterfuetterung-der-Greifv\u00f6gel-und-Eulen-NN-4-1997.pdf\" target=\"_blank\" rel=\"noopener noreferrer\">Winterf\u00fctterung der Greifv\u00f6gel und Eulen (NN 4\/1997)<\/a><\/td>\n<\/tr>\n<tr>\n<td style=\"text-align: left;\"><a title=\"...der tut doch nichts, der will doch blo\u00df spielen!\" href=\"https:\/\/waldjugend-nord.de\/wp-content\/uploads\/2017\/08\/2003_Bio_Der_Wolf.pdf\" target=\"_blank\" rel=\"alternate noopener noreferrer\">Wolf (NN 1\/2003)<\/a><\/td>\n<\/tr>\n<tr>\n<td style=\"text-align: left;\"><\/td>\n<\/tr>\n<tr>\n<td style=\"text-align: left;\"><strong>X<\/strong><\/td>\n<\/tr>\n<tr>\n<td style=\"text-align: left;\"><\/td>\n<\/tr>\n<tr>\n<td style=\"text-align: left;\"><\/td>\n<\/tr>\n<tr>\n<td style=\"text-align: left;\"><strong>Y<\/strong><\/td>\n<\/tr>\n<tr>\n<td style=\"text-align: left;\"><\/td>\n<\/tr>\n<tr>\n<td style=\"text-align: left;\"><\/td>\n<\/tr>\n<tr>\n<td style=\"text-align: left;\"><strong>Z<\/strong><\/td>\n<\/tr>\n<tr>\n<td style=\"text-align: left;\"><\/td>\n<\/tr>\n<tr>\n<td style=\"text-align: left;\"><\/td>\n<\/tr>\n<tr>\n<td style=\"text-align: left;\"><\/td>\n<\/tr>\n<\/tbody>\n<\/table>\n<p><img loading=\"lazy\" decoding=\"async\" class=\"size-medium wp-image-397 aligncenter\" src=\"https:\/\/waldjugend-nord.de\/wp-content\/uploads\/2017\/08\/saeugetier-226x300.jpg\" alt=\"\" width=\"226\" height=\"300\" \/><\/p>\n","protected":false},"excerpt":{"rendered":"<p>Hier findest du Beitr\u00e4ge rund um Flora und Fauna, \u00d6kosysteme und vieles mehr. Extras f\u00fcr die Gruppenleitung: Forsteinsatz planen Lagerverpflegung planen Gro\u00dffahrt &#8211; planen Gro\u00dffahrt &#8211; Elternbrief Gro\u00dffahrt &#8211; Spendenschreiben Gro\u00dffahrt &#8211; Packliste Gro\u00dffahrt &#8211; Kostenplanung und Abrechnung A B Bach-Erkundung (NN 3\/1995) Beobachtung-Anleitung (NN 3\/1994) Biber (NN 2\/2002) Birke &#8230;<\/p>\n","protected":false},"author":2,"featured_media":0,"parent":0,"menu_order":0,"comment_status":"closed","ping_status":"closed","template":"","meta":{"_lmt_disableupdate":"no","_lmt_disable":"","footnotes":""},"class_list":["post-614","page","type-page","status-publish","hentry","column","twocol"],"_links":{"self":[{"href":"https:\/\/waldjugend-nord.de\/index.php?rest_route=\/wp\/v2\/pages\/614","targetHints":{"allow":["GET"]}}],"collection":[{"href":"https:\/\/waldjugend-nord.de\/index.php?rest_route=\/wp\/v2\/pages"}],"about":[{"href":"https:\/\/waldjugend-nord.de\/index.php?rest_route=\/wp\/v2\/types\/page"}],"author":[{"embeddable":true,"href":"https:\/\/waldjugend-nord.de\/index.php?rest_route=\/wp\/v2\/users\/2"}],"replies":[{"embeddable":true,"href":"https:\/\/waldjugend-nord.de\/index.php?rest_route=%2Fwp%2Fv2%2Fcomments&post=614"}],"version-history":[{"count":43,"href":"https:\/\/waldjugend-nord.de\/index.php?rest_route=\/wp\/v2\/pages\/614\/revisions"}],"predecessor-version":[{"id":3453,"href":"https:\/\/waldjugend-nord.de\/index.php?rest_route=\/wp\/v2\/pages\/614\/revisions\/3453"}],"wp:attachment":[{"href":"https:\/\/waldjugend-nord.de\/index.php?rest_route=%2Fwp%2Fv2%2Fmedia&parent=614"}],"curies":[{"name":"wp","href":"https:\/\/api.w.org\/{rel}","templated":true}]}}