{"id":607,"date":"2017-08-09T15:55:10","date_gmt":"2017-08-09T13:55:10","guid":{"rendered":"https:\/\/waldjugend-nord.de\/?page_id=607"},"modified":"2026-01-24T17:08:33","modified_gmt":"2026-01-24T15:08:33","slug":"impressum","status":"publish","type":"page","link":"https:\/\/waldjugend-nord.de\/?page_id=607","title":{"rendered":"Impressum"},"content":{"rendered":"<div style=\"text-align: justify;\"><strong>Anbieter der Seite<\/strong><\/div>\n<div style=\"text-align: justify;\">Deutsche Waldjugend Landesverband Nord e.V.<br \/>\nHeimst\u00e4ttenstra\u00dfe 11<br \/>\n25436 Tornesch<\/div>\n<div><\/div>\n<div style=\"text-align: justify;\">E-Mail: <a href=\"mailto:info@waldjugend-nord.de\">info@waldjugend-nord.de<\/a><br \/>\nInternet:<a href=\"https:\/\/waldjugend-nord.de\"> waldjugend-nord.de <\/a><\/div>\n<div style=\"text-align: justify;\">sowie <a href=\"http:\/\/dwj-nord.de\">dwj-nord.de<\/a><\/div>\n<div style=\"text-align: justify;\">Registernummer: VR 2684 KI<\/div>\n<div style=\"text-align: justify;\">\n<p><strong>Vertretungsberechtigter Vorstand<\/strong><br \/>\nStine Schinz, G\u00f6ntje Buchholz, Tade Lachs, Kjell Reimann<\/p>\n<p><strong>Verantwortlich im Sinne des Pressegesetzes<\/strong><br \/>\nStine Schinz, G\u00f6ntje Buchholz, Kjell Reimann, Tade Lachs, Johann Thode<\/p>\n<p><strong>Haftungsausschlu\u00df<\/strong><\/p>\n<p>1. Die Deutsche Waldjugend, Landesverband Nord e.V., ist f\u00fcr eigene Inhalte, die es zur Nutzung bereith\u00e4lt, nach den allgemeinen Gesetzen verantwortlich. Von diesen eigenen Inhalten sind Querverweise auf die von anderen Anbietern bereitgehaltenen Inhalte zu unterscheiden. Die Inhalte fremder Web-Seiten, auf die mittels eines Hyperlinks verwiesen wird, dienen lediglich der Information. Die Verantwortlichkeit f\u00fcr diese fremden Inhalte liegt alleine bei dem Anbieter, der die Inhalte bereith\u00e4lt.<\/p>\n<p>2. Vor dem Einrichten des entsprechenden Verweises sind die Web-Seiten der anderen Anbieter mit gro\u00dfer Sorgfalt und nach bestem Wissen und Gewissen \u00fcberpr\u00fcft worden. Die Deutsche Waldjugend, Landesverband Nord e.V., kann jedoch keine Gew\u00e4hr f\u00fcr die Vollst\u00e4ndigkeit und Richtigkeit von Informationen \u00fcbernehmen, die \u00fcber weiterf\u00fchrende Hyperlinks erreicht werden. Der Inhalt der anderen Web-Seiten kann jederzeit ohne Wissen der Deutsche Waldjugend, Landesverband Nord e.V., ge\u00e4ndert werden. Falls die Deutsche Waldjugend, Landesverband Nord e.V., auf Seiten verweisen sollte, deren Inhalt Anlass zur Beanstandung gibt, bittet die Deutsche Waldjugend, Landesverband Nord e.V., um Mitteilung.<\/p>\n<p>3. Die Deutsche Waldjugend, Landesverband Nord e.V., weist auf seine Berechtigung hin, ohne vorherige Ank\u00fcndigung \u00c4nderungen oder Erg\u00e4nzungen der bereitgestellten Informationen vorzunehmen, gegebenenfalls auch Informationen zu entfernen.<\/p>\n<\/div>\n","protected":false},"excerpt":{"rendered":"<p>Anbieter der Seite Deutsche Waldjugend Landesverband Nord e.V. Heimst\u00e4ttenstra\u00dfe 11 25436 Tornesch E-Mail: info@waldjugend-nord.de Internet: waldjugend-nord.de sowie dwj-nord.de Registernummer: VR 2684 KI Vertretungsberechtigter Vorstand Stine Schinz, G\u00f6ntje Buchholz, Tade Lachs, Kjell Reimann Verantwortlich im Sinne des Pressegesetzes Stine Schinz, G\u00f6ntje Buchholz, Kjell Reimann, Tade Lachs, Johann Thode Haftungsausschlu\u00df 1. Die &#8230;<\/p>\n","protected":false},"author":2,"featured_media":0,"parent":0,"menu_order":0,"comment_status":"closed","ping_status":"closed","template":"","meta":{"_lmt_disableupdate":"no","_lmt_disable":"","footnotes":""},"class_list":["post-607","page","type-page","status-publish","hentry","column","twocol"],"_links":{"self":[{"href":"https:\/\/waldjugend-nord.de\/index.php?rest_route=\/wp\/v2\/pages\/607","targetHints":{"allow":["GET"]}}],"collection":[{"href":"https:\/\/waldjugend-nord.de\/index.php?rest_route=\/wp\/v2\/pages"}],"about":[{"href":"https:\/\/waldjugend-nord.de\/index.php?rest_route=\/wp\/v2\/types\/page"}],"author":[{"embeddable":true,"href":"https:\/\/waldjugend-nord.de\/index.php?rest_route=\/wp\/v2\/users\/2"}],"replies":[{"embeddable":true,"href":"https:\/\/waldjugend-nord.de\/index.php?rest_route=%2Fwp%2Fv2%2Fcomments&post=607"}],"version-history":[{"count":17,"href":"https:\/\/waldjugend-nord.de\/index.php?rest_route=\/wp\/v2\/pages\/607\/revisions"}],"predecessor-version":[{"id":5343,"href":"https:\/\/waldjugend-nord.de\/index.php?rest_route=\/wp\/v2\/pages\/607\/revisions\/5343"}],"wp:attachment":[{"href":"https:\/\/waldjugend-nord.de\/index.php?rest_route=%2Fwp%2Fv2%2Fmedia&parent=607"}],"curies":[{"name":"wp","href":"https:\/\/api.w.org\/{rel}","templated":true}]}}