{"id":464,"date":"2017-08-09T15:51:25","date_gmt":"2017-08-09T13:51:25","guid":{"rendered":"https:\/\/waldjugend-nord.de\/?page_id=464"},"modified":"2018-05-24T13:11:23","modified_gmt":"2018-05-24T11:11:23","slug":"newsletter","status":"publish","type":"page","link":"https:\/\/waldjugend-nord.de\/?page_id=464","title":{"rendered":"Newsletter"},"content":{"rendered":"<p>Registriere dich f\u00fcr unseren Nord-Newsletter, um \u00fcber aktuelle Veranstaltungen, Aktionen und Neuigkeiten in der Waldjugend Nord informiert zu werden. Daf\u00fcr einfach in dem Feld unten deine Email-Adresse eingeben, du erh\u00e4ltst dann eine Email um deine Adresse zu best\u00e4tigen und wirst dann automatisch in den Newsletter aufgenommen.<\/p>\n<p><strong><div class=\"tnp tnp-subscription \">\n<form method=\"post\" action=\"https:\/\/waldjugend-nord.de\/wp-admin\/admin-ajax.php?action=tnp&amp;na=s\">\n<input type=\"hidden\" name=\"nlang\" value=\"\">\n<div class=\"tnp-field tnp-field-email\"><label for=\"tnp-1\">Email<\/label>\n<input class=\"tnp-email\" type=\"email\" name=\"ne\" id=\"tnp-1\" value=\"\" placeholder=\"\" required><\/div>\n<div class=\"tnp-field tnp-privacy-field\"><label><input type=\"checkbox\" name=\"ny\" required class=\"tnp-privacy\"> <a target=\"_blank\" href=\"https:\/\/waldjugend-nord.de\/?page_id=1920\">Mit dem Ankreuzen erkl\u00e4ren Sie sich einverstanden, dass die in diesem Registrierungsformular angegebenen Daten elektronisch erhoben und gespeichert werden. Ihre Daten werden dabei nur zweckgebunden zur Versendung Ihrerer Newsletter-Benachrichtigung genutzt. Diese Einwilligung kann jederzeit durch eine Nachricht an uns wiederrufen werden. Ihre Daten werden im Falle eines Widerrufs umgehend gel\u00f6scht. Weitere Informationen entnehmen Sie der Datenschutzerkl\u00e4rung.<\/a><\/label><\/div><div class=\"tnp-field tnp-field-button\" style=\"text-align: left\"><input class=\"tnp-submit\" type=\"submit\" value=\"Abonnieren\" style=\"\">\n<\/div>\n<\/form>\n<\/div>\n<\/strong><\/p>\n","protected":false},"excerpt":{"rendered":"<p>Registriere dich f\u00fcr unseren Nord-Newsletter, um \u00fcber aktuelle Veranstaltungen, Aktionen und Neuigkeiten in der Waldjugend Nord informiert zu werden. Daf\u00fcr einfach in dem Feld unten deine Email-Adresse eingeben, du erh\u00e4ltst dann eine Email um deine Adresse zu best\u00e4tigen und wirst dann automatisch in den Newsletter aufgenommen.<\/p>\n","protected":false},"author":2,"featured_media":0,"parent":0,"menu_order":0,"comment_status":"closed","ping_status":"closed","template":"","meta":{"_lmt_disableupdate":"","_lmt_disable":"","footnotes":""},"class_list":["post-464","page","type-page","status-publish","hentry","column","twocol"],"_links":{"self":[{"href":"https:\/\/waldjugend-nord.de\/index.php?rest_route=\/wp\/v2\/pages\/464","targetHints":{"allow":["GET"]}}],"collection":[{"href":"https:\/\/waldjugend-nord.de\/index.php?rest_route=\/wp\/v2\/pages"}],"about":[{"href":"https:\/\/waldjugend-nord.de\/index.php?rest_route=\/wp\/v2\/types\/page"}],"author":[{"embeddable":true,"href":"https:\/\/waldjugend-nord.de\/index.php?rest_route=\/wp\/v2\/users\/2"}],"replies":[{"embeddable":true,"href":"https:\/\/waldjugend-nord.de\/index.php?rest_route=%2Fwp%2Fv2%2Fcomments&post=464"}],"version-history":[{"count":15,"href":"https:\/\/waldjugend-nord.de\/index.php?rest_route=\/wp\/v2\/pages\/464\/revisions"}],"predecessor-version":[{"id":1937,"href":"https:\/\/waldjugend-nord.de\/index.php?rest_route=\/wp\/v2\/pages\/464\/revisions\/1937"}],"wp:attachment":[{"href":"https:\/\/waldjugend-nord.de\/index.php?rest_route=%2Fwp%2Fv2%2Fmedia&parent=464"}],"curies":[{"name":"wp","href":"https:\/\/api.w.org\/{rel}","templated":true}]}}