{"id":433,"date":"2017-08-09T15:38:10","date_gmt":"2017-08-09T13:38:10","guid":{"rendered":"https:\/\/waldjugend-nord.de\/?page_id=433"},"modified":"2019-10-16T10:28:57","modified_gmt":"2019-10-16T08:28:57","slug":"fahrten-2","status":"publish","type":"page","link":"https:\/\/waldjugend-nord.de\/?page_id=433","title":{"rendered":"Fahrtenberichte"},"content":{"rendered":"<div style=\"text-align: justify;\">\n<p><img loading=\"lazy\" decoding=\"async\" class=\"aligncenter wp-image-1215 size-full\" src=\"https:\/\/waldjugend-nord.de\/wp-content\/uploads\/2017\/08\/Fahrten.png\" alt=\"\" width=\"800\" height=\"348\" \/><\/p>\n<p>Hier gibt es was f\u00fcr alle die sich an l\u00e4ngst vergangene Fahrten zur\u00fcck erinnern wollen, oder die die einfach nur Fehrnweh haben. Ihr k\u00f6nnt euch hier auch Ideen f\u00fcr k\u00fcnftige Fahrtenziele holen: Einfach das lieblings Zielgebiet ausw\u00e4hlen und schauen wer da was erlebt hat.<\/p>\n<\/div>\n<p>u\u00f6u\u00f6u<\/p>\n<table>\n<tbody>\n<tr>\n<th style=\"text-align: left;\" scope=\"col\" height=\"28\"><\/th>\n<th style=\"text-align: left;\" scope=\"col\"><\/th>\n<\/tr>\n<tr>\n<td>\n<p style=\"text-align: left;\"><strong>Schleswig Holstein<\/strong><\/p>\n<\/td>\n<\/tr>\n<tr>\n<td style=\"text-align: left;\"><a href=\"https:\/\/waldjugend-nord.de\/wp-content\/uploads\/2018\/10\/Feuerwanzen-Stormarnweg.pdf\" target=\"_blank\" rel=\"noopener noreferrer\">Die Feuerwanzen auf dem Stormarnweg (NN 2\/2018)<\/a><\/td>\n<\/tr>\n<tr>\n<td style=\"text-align: left;\" height=\"17\"><a title=\"Vom VCP OSW aus Berlin\" href=\"https:\/\/waldjugend-nord.de\/wp-content\/uploads\/2017\/08\/2014_Schatzsuche.pdf\" target=\"_blank\" rel=\"alternate noopener noreferrer\">Schatzsuche (NN 2\/2014)<\/a><\/td>\n<td style=\"text-align: left;\"><\/td>\n<\/tr>\n<tr>\n<td style=\"text-align: left;\" height=\"17\"><a title=\"Eine Waldl\u00e4uferin geht fremd...\" href=\"https:\/\/waldjugend-nord.de\/wp-content\/uploads\/2017\/08\/2012_Schwentinewanderung.pdf\" target=\"_blank\" rel=\"alternate noopener noreferrer\">Schwentinewanderung (NN 2\/2012)<\/a><\/td>\n<td><\/td>\n<\/tr>\n<tr>\n<td style=\"text-align: left;\" height=\"17\"><a title=\"Eine s\u00fc\u00dfwasser Expedition\" href=\"https:\/\/waldjugend-nord.de\/wp-content\/uploads\/2017\/08\/2006_Gro%C3%9Ffahrt_SH.pdf\" target=\"_blank\" rel=\"alternate noopener noreferrer\">Gro\u00dffahrt in SH (NN 3\/2006)<\/a><\/td>\n<td><\/td>\n<\/tr>\n<tr>\n<td style=\"text-align: left;\" height=\"17\"><a title=\"Eine Osterfahrt\" href=\"https:\/\/waldjugend-nord.de\/wp-content\/uploads\/2017\/08\/2006-Fahrrad-SH.pdf\" target=\"_blank\" rel=\"alternate noopener noreferrer\">Mit dem Fahrrad durch SH (NN 2\/2006)<\/a><\/td>\n<td><\/td>\n<\/tr>\n<tr>\n<td style=\"text-align: left;\" height=\"17\"><a title=\"Auf alten Wegen zum HaSiwe\" href=\"https:\/\/waldjugend-nord.de\/wp-content\/uploads\/2017\/08\/2006_Ochsenweg.pdf\" target=\"_blank\" rel=\"alternate noopener noreferrer\">Der Ochsenweg (NN 1\/2006)<\/a><\/td>\n<td><\/td>\n<\/tr>\n<tr>\n<td style=\"text-align: left;\" height=\"17\"><a href=\"https:\/\/waldjugend-nord.de\/wp-content\/uploads\/2018\/04\/Naturpark-Lauenburgische-Seen-2016-1.pdf\" target=\"_blank\" rel=\"noopener noreferrer\">Naturpark Lauenburgische Seenplatte (NN 1\/2006)<\/a><\/td>\n<td><\/td>\n<\/tr>\n<tr>\n<td style=\"text-align: left;\" height=\"17\"><a href=\"https:\/\/waldjugend-nord.de\/wp-content\/uploads\/2017\/11\/DWJ-auf-Helgoland-NN-4-1998.pdf\" target=\"_blank\" rel=\"noopener noreferrer\">DWJ auf Helgoland (NN 4\/1998)<\/a><\/td>\n<td><\/td>\n<\/tr>\n<tr>\n<td style=\"text-align: left;\" height=\"17\"><\/td>\n<td><\/td>\n<\/tr>\n<tr>\n<td style=\"text-align: left;\" height=\"17\"><strong>Deutschland<\/strong><\/td>\n<td><\/td>\n<\/tr>\n<tr>\n<td style=\"text-align: left;\"><a href=\"https:\/\/waldjugend-nord.de\/wp-content\/uploads\/2018\/10\/LaLa-Hopping.pdf\" target=\"_blank\" rel=\"noopener noreferrer\">Lala-Hopping (NN 2\/2018)<\/a><\/td>\n<\/tr>\n<tr>\n<td style=\"text-align: left;\" height=\"17\"><a href=\"https:\/\/waldjugend-nord.de\/wp-content\/uploads\/2018\/07\/Osterheijk.pdf\" target=\"_blank\" rel=\"noopener noreferrer\">Osterhaijk (NN 1\/2018)<\/a><\/td>\n<td><\/td>\n<\/tr>\n<tr>\n<td style=\"text-align: left;\" height=\"17\"><a title=\"Auf gesattelten Aalen in 80 Tagen um die Welt\" href=\"https:\/\/waldjugend-nord.de\/wp-content\/uploads\/2017\/08\/2014_Osterhaijk.pdf\" target=\"_blank\" rel=\"alternate noopener noreferrer\">Osterhaijk (NN 2\/2014)<\/a><\/td>\n<td><\/td>\n<\/tr>\n<tr>\n<td style=\"text-align: left;\" height=\"17\"><a href=\"https:\/\/waldjugend-nord.de\/wp-content\/uploads\/2017\/08\/02-2014_NRW.pdf\" target=\"_blank\" rel=\"noopener noreferrer\">Nordreinwestfahlen (NN 2\/2014)<\/a><\/td>\n<td><\/td>\n<\/tr>\n<tr>\n<td style=\"text-align: left;\" height=\"17\"><a title=\"Oder: Wie Pelle kaputt ging\" href=\"https:\/\/waldjugend-nord.de\/wp-content\/uploads\/2017\/08\/02-2012_Reinland-Pfalz.pdf\" target=\"_blank\" rel=\"alternate noopener noreferrer\">Reservat Pf\u00e4lzerwald (NN 2\/2012)<\/a><\/td>\n<td><\/td>\n<\/tr>\n<tr>\n<td style=\"text-align: left;\" height=\"17\"><a title=\"Zu gast bei Freunden... in Manderbach\" href=\"https:\/\/waldjugend-nord.de\/wp-content\/uploads\/2017\/08\/01-2006_Hessen.pdf\" target=\"_blank\" rel=\"alternate noopener noreferrer\">Von M\u00e4usen, Bergen und seltsamen Dialekten in Hessen (NN 1\/2006)<\/a><\/td>\n<td><\/td>\n<\/tr>\n<tr>\n<td style=\"text-align: left;\" height=\"17\"><a href=\"https:\/\/waldjugend-nord.de\/wp-content\/uploads\/2017\/11\/Sommerfahrt-im-Harz-NN-2-2004.pdf\" target=\"_blank\" rel=\"noopener noreferrer\">Sommerfahrt in den Harz (NN 2\/2004)<\/a><\/td>\n<td><\/td>\n<\/tr>\n<tr>\n<td style=\"text-align: left;\" height=\"17\"><a href=\"https:\/\/waldjugend-nord.de\/wp-content\/uploads\/2017\/11\/Den-Daumen-als-Fahrkarte-NN-2-2002.pdf\" target=\"_blank\" rel=\"noopener noreferrer\">Den Daumen als Fahrkarte (NN 2\/2002)<\/a><\/td>\n<td><\/td>\n<\/tr>\n<tr>\n<td style=\"text-align: left;\" height=\"17\"><a href=\"https:\/\/waldjugend-nord.de\/wp-content\/uploads\/2017\/11\/Sommerfahrt-in-Mc-Pomm-NN-3-1994.pdf\" target=\"_blank\" rel=\"noopener noreferrer\">Sommerfahrt in Meck-Pomm (NN 3\/94)<\/a><\/td>\n<td><\/td>\n<\/tr>\n<tr>\n<td style=\"text-align: left;\" height=\"17\"><\/td>\n<td><\/td>\n<\/tr>\n<tr>\n<td style=\"text-align: left;\" height=\"17\"><strong>Skandinavien<\/strong><\/td>\n<td><\/td>\n<\/tr>\n<tr>\n<td style=\"text-align: left;\"><a href=\"https:\/\/waldjugend-nord.de\/wp-content\/uploads\/2019\/10\/Unterwegs-Perlenfahrt.pdf\" target=\"_blank\" rel=\"noopener noreferrer\">30 Jahre Nordnachrichten &#8211; Die Perlenfahrt in Schweden (NN 2\/2019)<\/a><\/td>\n<\/tr>\n<tr>\n<td style=\"text-align: left;\"><a href=\"https:\/\/waldjugend-nord.de\/wp-content\/uploads\/2018\/10\/AbschiedVomSarek.pdf\" target=\"_blank\" rel=\"noopener noreferrer\">Ein angemessener Abschied vom Sarek &#8211; Schweden (NN 2\/2018)<\/a><\/td>\n<\/tr>\n<tr>\n<td style=\"text-align: left;\" height=\"17\"><a href=\"https:\/\/waldjugend-nord.de\/wp-content\/uploads\/2017\/12\/grossfahrt-Finnland_NN3-17.pdf\" target=\"_blank\" rel=\"noopener noreferrer\">Gro\u00dffahrt 2017 &#8211; Finnland (3\/2017)<\/a><\/td>\n<td><\/td>\n<\/tr>\n<tr>\n<td style=\"text-align: left;\" height=\"17\"><a href=\"https:\/\/waldjugend-nord.de\/wp-content\/uploads\/2017\/10\/Ganz-schoen-droege-drei-Ingenieure-auf-Fahrt.pdf\" target=\"_blank\" rel=\"noopener noreferrer\">Granz sch\u00f6n dr\u00f6ge &#8211; drei Ingenieure auf Fahrt (2\/2017)<\/a><\/td>\n<td><\/td>\n<\/tr>\n<tr>\n<td style=\"text-align: left;\" height=\"17\"><a title=\"Schengen macht's m\u00f6glich\" href=\"https:\/\/waldjugend-nord.de\/wp-content\/uploads\/2017\/08\/2014_Sommer_Pelle_Nils.pdf\" target=\"_blank\" rel=\"alternate noopener noreferrer\">Zwei Daumen und die grenzenlose Ostsee (NN 3\/2014)<\/a><\/td>\n<td><\/td>\n<\/tr>\n<tr>\n<td style=\"text-align: left;\" height=\"17\"><a title=\"Ein Krankenhaus, zwei Inseln und jede menge Eis\" href=\"https:\/\/waldjugend-nord.de\/wp-content\/uploads\/2017\/08\/2008_Durch_4_L%C3%A4nder.pdf\" target=\"_blank\" rel=\"alternate noopener noreferrer\">Durch vier L\u00e4nder (NN 2\/2008)<\/a><\/td>\n<td><\/td>\n<\/tr>\n<tr>\n<td style=\"text-align: left;\" height=\"17\"><a title=\"Mit Bonus-Rezept\" href=\"https:\/\/waldjugend-nord.de\/wp-content\/uploads\/2017\/08\/2007_NN-Fahrt.pdf\" target=\"_blank\" rel=\"alternate noopener noreferrer\">Die NN nimmt Urlaub&#8230; (NN 3\/2007)<\/a><\/td>\n<td><\/td>\n<\/tr>\n<tr>\n<td style=\"text-align: left;\" height=\"17\"><a title=\"Norwegen im Bulli\" href=\"https:\/\/waldjugend-nord.de\/wp-content\/uploads\/2017\/08\/2007_Tour_de_Dekadenz.pdf\" target=\"_blank\" rel=\"alternate noopener noreferrer\">Tour de Dekadnez (NN 2\/2007)<\/a><\/td>\n<td><\/td>\n<\/tr>\n<tr>\n<td style=\"text-align: left;\" height=\"17\"><a href=\"https:\/\/waldjugend-nord.de\/wp-content\/uploads\/2017\/11\/Schwedenfahrt-der-Spatzen-NN-3-2001.pdf\" target=\"_blank\" rel=\"noopener noreferrer\">Die erste Schwedenfahrt der Spatzen (NN 3\/2001)<\/a><\/td>\n<td><\/td>\n<\/tr>\n<tr>\n<td style=\"text-align: left;\" height=\"17\"><a href=\"https:\/\/waldjugend-nord.de\/wp-content\/uploads\/2017\/11\/Luebeck-auf-Schwedenfahrt-NN-3-2001.pdf\" target=\"_blank\" rel=\"noopener noreferrer\">L\u00fcbeck auf Schwedenfahrt (NN 3\/2001)<\/a><\/td>\n<td><\/td>\n<\/tr>\n<tr>\n<td style=\"text-align: left;\" height=\"17\"><a href=\"https:\/\/waldjugend-nord.de\/wp-content\/uploads\/2017\/11\/Winterurlaub-im-Sommer-NN-2-1999.pdf\" target=\"_blank\" rel=\"noopener noreferrer\">Winterurlaub im Sommer (NN 2\/1999)<\/a><\/td>\n<td><\/td>\n<\/tr>\n<tr>\n<td style=\"text-align: left;\" height=\"17\"><a href=\"https:\/\/waldjugend-nord.de\/wp-content\/uploads\/2017\/11\/Und-noch-eine-Schwedenfahrt-NN-1-1998.pdf\" target=\"_blank\" rel=\"noopener noreferrer\">Winterurlaub im Winter (NN 2\/1998)<\/a><\/td>\n<td><\/td>\n<\/tr>\n<tr>\n<td style=\"text-align: left;\" height=\"17\"><a href=\"https:\/\/waldjugend-nord.de\/wp-content\/uploads\/2017\/11\/Und-noch-eine-Schwedenfahrt-NN-1-1998.pdf\" target=\"_blank\" rel=\"noopener noreferrer\">Und noch eine Schwedenfahrt (NN 1\/1998)<\/a><\/td>\n<td><\/td>\n<\/tr>\n<tr>\n<td style=\"text-align: left;\" height=\"17\"><a href=\"https:\/\/waldjugend-nord.de\/wp-content\/uploads\/2017\/11\/Gl\u00fccksburger-Schwedenfahrt-NN-3-1997.pdf\" target=\"_blank\" rel=\"noopener noreferrer\">Gl\u00fccksburg Schwedenfahrt (NN 3\/1997)<\/a><\/td>\n<td><\/td>\n<\/tr>\n<tr>\n<td style=\"text-align: left;\" height=\"17\"><a href=\"https:\/\/waldjugend-nord.de\/wp-content\/uploads\/2017\/11\/Flensburger-Schwedenfahrt-NN-3-1997.pdf\" target=\"_blank\" rel=\"noopener noreferrer\">Flensburger Schwedenfahrt (NN 3\/1997)<\/a><\/td>\n<td><\/td>\n<\/tr>\n<tr>\n<td style=\"text-align: left;\" height=\"17\"><a href=\"https:\/\/waldjugend-nord.de\/wp-content\/uploads\/2017\/11\/Ein-Bayer-in-Lappland-NN-4-1997.pdf\" target=\"_blank\" rel=\"noopener noreferrer\">Ein Bayer in Lappland (NN 4\/1997)<\/a><\/td>\n<td><\/td>\n<\/tr>\n<tr>\n<td style=\"text-align: left;\" height=\"17\"><a href=\"https:\/\/waldjugend-nord.de\/wp-content\/uploads\/2017\/11\/Eine-aussergewoehnliche-Schwedenfahrt-NN-4-1997.pdf\" target=\"_blank\" rel=\"noopener noreferrer\">Eine au\u00dfergew\u00f6hnliche Schwedenfahrt (NN 4\/1997)<\/a><\/td>\n<td><\/td>\n<\/tr>\n<tr>\n<td style=\"text-align: left;\" height=\"17\"><a href=\"https:\/\/waldjugend-nord.de\/wp-content\/uploads\/2017\/11\/Luebecker-Schwedenfahrt-NN-3-1997.pdf\" target=\"_blank\" rel=\"noopener noreferrer\">L\u00fcbecker Schwedenfahrt (NN 3\/1997)<\/a><\/td>\n<td><\/td>\n<\/tr>\n<tr>\n<td style=\"text-align: left;\" height=\"17\"><a href=\"https:\/\/waldjugend-nord.de\/wp-content\/uploads\/2017\/11\/Norwegen-Schwedenfahrt-NN-4-1997.pdf\" target=\"_blank\" rel=\"noopener noreferrer\">Norwegen-Schwedenfahrt (NN 3\/1997)<\/a><\/td>\n<td><\/td>\n<\/tr>\n<tr>\n<td style=\"text-align: left;\" height=\"17\"><a href=\"https:\/\/waldjugend-nord.de\/wp-content\/uploads\/2017\/11\/Schwedenfahrt-96t-NN-3-1996.pdf\" target=\"_blank\" rel=\"noopener noreferrer\">Schwedenfahrt &#8217;96 (NN 3\/1996)<\/a><\/td>\n<td><\/td>\n<\/tr>\n<tr>\n<td style=\"text-align: left;\" height=\"17\"><a href=\"https:\/\/waldjugend-nord.de\/wp-content\/uploads\/2017\/11\/Winter-Schwedenfahrtt-NN-1-1996.pdf\" target=\"_blank\" rel=\"noopener noreferrer\">Winter-Schwedenfahrt &#8217;96 (NN 1\/1996)<\/a><\/td>\n<td><\/td>\n<\/tr>\n<tr>\n<td style=\"text-align: left;\" height=\"17\"><a href=\"https:\/\/waldjugend-nord.de\/wp-content\/uploads\/2017\/11\/Einmal-Lappland-und-zurueck-NN-3-1995.pdf\" target=\"_blank\" rel=\"noopener noreferrer\">Einmal Lappland und zur\u00fcck (NN 3\/1995)<\/a><\/td>\n<td><\/td>\n<\/tr>\n<tr>\n<td style=\"text-align: left;\" height=\"17\"><a href=\"https:\/\/waldjugend-nord.de\/wp-content\/uploads\/2017\/11\/Island-NN-3-1995.pdf\" target=\"_blank\" rel=\"noopener noreferrer\">Island &#8217;95 (NN 3\/1995)<\/a><\/td>\n<td><\/td>\n<\/tr>\n<tr>\n<td style=\"text-align: left;\" height=\"17\"><a href=\"https:\/\/waldjugend-nord.de\/wp-content\/uploads\/2017\/11\/Fahrtenbuch-Auszug-Schwedenfahrt-94-NN-4-1994.pdf\" target=\"_blank\" rel=\"noopener noreferrer\">Fahrtenbuch-Auszug &#8211; Schwedenfahrt (NN 4\/1994)<\/a><\/td>\n<td><\/td>\n<\/tr>\n<tr>\n<td style=\"text-align: left;\" height=\"17\"><a href=\"https:\/\/waldjugend-nord.de\/wp-content\/uploads\/2017\/11\/Island-mit-Problemen-NN-4-1991.pdf\" target=\"_blank\" rel=\"noopener noreferrer\">Island &#8211; ein interessantes Fahrtegebiet mit Problemen (NN 4\/1991)<\/a><\/td>\n<td><\/td>\n<\/tr>\n<tr>\n<td style=\"text-align: left;\" height=\"17\"><a href=\"https:\/\/waldjugend-nord.de\/wp-content\/uploads\/2017\/11\/Grossfahrt-in-Smaland-NN-3-1991.pdf\" target=\"_blank\" rel=\"noopener noreferrer\">Gro\u00dffahrt nach Smaland &#8217;91 (NN 3\/1991)<\/a><\/td>\n<td><\/td>\n<\/tr>\n<tr>\n<td style=\"text-align: left;\" height=\"17\"><\/td>\n<td><\/td>\n<\/tr>\n<tr>\n<td style=\"text-align: left;\" height=\"17\"><strong>Osteuropa<\/strong><\/td>\n<td><\/td>\n<\/tr>\n<tr>\n<td style=\"text-align: left;\" height=\"17\"><a title=\"Und das ganze Analog\" href=\"https:\/\/waldjugend-nord.de\/wp-content\/uploads\/2017\/08\/2014_Auf_einen_Kaffe.pdf\" target=\"_blank\" rel=\"alternate noopener noreferrer\">Auf einen Kaffe&#8217; in Odessa (NN 1\/2014)<\/a><\/td>\n<td><\/td>\n<\/tr>\n<tr>\n<td style=\"text-align: left;\" height=\"17\"><a href=\"https:\/\/waldjugend-nord.de\/wp-content\/uploads\/2017\/11\/Russland-94-NN-4-1994.pdf\" target=\"_blank\" rel=\"noopener noreferrer\">Russland &#8217;94 (NN 4\/1994)<\/a><\/td>\n<td><\/td>\n<\/tr>\n<tr>\n<td style=\"text-align: left;\" height=\"17\"><\/td>\n<td><\/td>\n<\/tr>\n<tr>\n<td style=\"text-align: left;\" height=\"17\"><strong>S\u00fcdeuropa<\/strong><\/td>\n<td><\/td>\n<\/tr>\n<tr>\n<td style=\"text-align: left;\" height=\"17\"><a href=\"https:\/\/waldjugend-nord.de\/wp-content\/uploads\/2017\/11\/La-Tour-de-Suisse-Schweiz-NN-3-1992.pdf\" target=\"_blank\" rel=\"noopener noreferrer\">La Tour de Suisse &#8211; Schweiz (NN 3\/1992)<\/a><\/td>\n<td><\/td>\n<\/tr>\n<tr>\n<td style=\"text-align: left;\" height=\"17\"><\/td>\n<td><\/td>\n<\/tr>\n<tr>\n<td style=\"text-align: left;\" height=\"17\"><strong> Bei den Kelten<\/strong><\/td>\n<td><\/td>\n<\/tr>\n<tr>\n<td style=\"text-align: left;\" height=\"17\"><a title=\"Mit Link zum Blog\" href=\"https:\/\/waldjugend-nord.de\/wp-content\/uploads\/2017\/08\/2014_Erasmus_-Irland.pdf\" target=\"_blank\" rel=\"alternate noopener noreferrer\">Erasmus in Irland (NN 2\/2014)<\/a><\/td>\n<td><\/td>\n<\/tr>\n<tr>\n<td style=\"text-align: left;\" height=\"17\"><a title=\"Mit nur Einmeterf\u00fcnfzig\" href=\"https:\/\/waldjugend-nord.de\/wp-content\/uploads\/2017\/08\/2012_Irland.pdf\" target=\"_blank\" rel=\"alternate noopener noreferrer\">Irland (NN 2\/2012)<\/a><\/td>\n<td><\/td>\n<\/tr>\n<tr>\n<td style=\"text-align: left;\" height=\"17\"><a href=\"https:\/\/waldjugend-nord.de\/wp-content\/uploads\/2017\/11\/Eire-Impressionen-NN-3-2004.pdf\" target=\"_blank\" rel=\"noopener noreferrer\">Eire Impressionen &#8211; Irland (NN 3\/2004)<\/a><\/td>\n<td><\/td>\n<\/tr>\n<tr>\n<td style=\"text-align: left;\" height=\"17\"><a title=\"Auf nach Schottland\" href=\"https:\/\/waldjugend-nord.de\/wp-content\/uploads\/2017\/08\/2002_Over_the_Sea.pdf\" target=\"_blank\" rel=\"alternate noopener noreferrer\">Over the Sea in Schottland (NN 2\/2002)<\/a><\/td>\n<td><\/td>\n<\/tr>\n<tr>\n<td style=\"text-align: left;\" height=\"17\"><a href=\"https:\/\/waldjugend-nord.de\/wp-content\/uploads\/2017\/11\/Schule-aus-was-nun-NN-1-2002.pdf\" target=\"_blank\" rel=\"noopener noreferrer\">Schule aus, was nun? &#8211; Schottland (NN 1\/2002)<\/a><\/td>\n<td><\/td>\n<\/tr>\n<tr>\n<td style=\"text-align: left;\" height=\"17\"><\/td>\n<td><\/td>\n<\/tr>\n<tr>\n<td style=\"text-align: left;\" height=\"17\"><strong>Weltweit<\/strong><\/td>\n<td><\/td>\n<\/tr>\n<tr>\n<td style=\"text-align: left;\"><a href=\"https:\/\/waldjugend-nord.de\/wp-content\/uploads\/2018\/10\/Brasielien-2018.pdf\" target=\"_blank\" rel=\"noopener noreferrer\">Zw\u00f6lf Waldl\u00e4ufer auf Expedition im Urlwald &#8211; Brasilien (NN 2\/2018)<\/a><\/td>\n<\/tr>\n<tr>\n<td style=\"text-align: left;\" height=\"17\"><a href=\"https:\/\/waldjugend-nord.de\/wp-content\/uploads\/2017\/11\/Australien-NN-1-2013.pdf\" target=\"_blank\" rel=\"noopener noreferrer\">Australien (NN 1\/2013)<\/a><\/td>\n<td><\/td>\n<\/tr>\n<tr>\n<td style=\"text-align: left;\" height=\"17\"><a href=\"https:\/\/waldjugend-nord.de\/wp-content\/uploads\/2017\/11\/Ausklang-einer-Weltfahrt-NN-2-2005.pdf\" target=\"_blank\" rel=\"noopener noreferrer\">Ausklag einer Weltfahrt Teil 3 (NN 2\/2005)<\/a><\/td>\n<td><\/td>\n<\/tr>\n<tr>\n<td style=\"text-align: left;\" height=\"17\"><a href=\"https:\/\/waldjugend-nord.de\/wp-content\/uploads\/2017\/11\/Suedamerikanischer-Fahrtensommer-\u2013-Weltfahrt-Teil-1-NN-12003.pdf\" target=\"_blank\" rel=\"noopener noreferrer\">S\u00fcdamerikanischer Fahrtensommer &#8211; Weltfahrt Teil 2 (NN 1\/2005)<\/a><\/td>\n<td><\/td>\n<\/tr>\n<tr>\n<td style=\"text-align: left;\" height=\"17\"><a href=\"https:\/\/waldjugend-nord.de\/wp-content\/uploads\/2017\/11\/In-80-Tagen-bis-Pakistan-NN-2-2004.pdf\" target=\"_blank\" rel=\"noopener noreferrer\">In 80 Tagen bis Pakistan &#8211; Weltfahrt Teil 1 (NN 2\/2004)<\/a><\/td>\n<td><\/td>\n<\/tr>\n<tr>\n<td style=\"text-align: left;\" height=\"17\"><\/td>\n<td><\/td>\n<\/tr>\n<\/tbody>\n<\/table>\n<p><img loading=\"lazy\" decoding=\"async\" class=\"size-medium wp-image-391 alignleft\" src=\"https:\/\/waldjugend-nord.de\/wp-content\/uploads\/2017\/08\/runningGag-Er-181x300.jpg\" alt=\"\" width=\"181\" height=\"300\" \/><img loading=\"lazy\" decoding=\"async\" class=\"size-medium wp-image-392 alignright\" src=\"https:\/\/waldjugend-nord.de\/wp-content\/uploads\/2017\/08\/runningGag-Sie-196x300.jpg\" alt=\"\" width=\"196\" height=\"300\" \/><\/p>\n","protected":false},"excerpt":{"rendered":"<p>Hier gibt es was f\u00fcr alle die sich an l\u00e4ngst vergangene Fahrten zur\u00fcck erinnern wollen, oder die die einfach nur Fehrnweh haben. Ihr k\u00f6nnt euch hier auch Ideen f\u00fcr k\u00fcnftige Fahrtenziele holen: Einfach das lieblings Zielgebiet ausw\u00e4hlen und schauen wer da was erlebt hat. u\u00f6u\u00f6u Schleswig Holstein Die Feuerwanzen auf &#8230;<\/p>\n","protected":false},"author":2,"featured_media":0,"parent":0,"menu_order":0,"comment_status":"closed","ping_status":"closed","template":"","meta":{"_lmt_disableupdate":"","_lmt_disable":"","footnotes":""},"class_list":["post-433","page","type-page","status-publish","hentry","column","twocol"],"_links":{"self":[{"href":"https:\/\/waldjugend-nord.de\/index.php?rest_route=\/wp\/v2\/pages\/433","targetHints":{"allow":["GET"]}}],"collection":[{"href":"https:\/\/waldjugend-nord.de\/index.php?rest_route=\/wp\/v2\/pages"}],"about":[{"href":"https:\/\/waldjugend-nord.de\/index.php?rest_route=\/wp\/v2\/types\/page"}],"author":[{"embeddable":true,"href":"https:\/\/waldjugend-nord.de\/index.php?rest_route=\/wp\/v2\/users\/2"}],"replies":[{"embeddable":true,"href":"https:\/\/waldjugend-nord.de\/index.php?rest_route=%2Fwp%2Fv2%2Fcomments&post=433"}],"version-history":[{"count":38,"href":"https:\/\/waldjugend-nord.de\/index.php?rest_route=\/wp\/v2\/pages\/433\/revisions"}],"predecessor-version":[{"id":2936,"href":"https:\/\/waldjugend-nord.de\/index.php?rest_route=\/wp\/v2\/pages\/433\/revisions\/2936"}],"wp:attachment":[{"href":"https:\/\/waldjugend-nord.de\/index.php?rest_route=%2Fwp%2Fv2%2Fmedia&parent=433"}],"curies":[{"name":"wp","href":"https:\/\/api.w.org\/{rel}","templated":true}]}}