{"id":324,"date":"2017-08-09T14:42:32","date_gmt":"2017-08-09T12:42:32","guid":{"rendered":"https:\/\/waldjugend-nord.de\/?page_id=324"},"modified":"2020-01-03T15:04:57","modified_gmt":"2020-01-03T13:04:57","slug":"kiel","status":"publish","type":"page","link":"https:\/\/waldjugend-nord.de\/?page_id=324","title":{"rendered":"Kiel"},"content":{"rendered":"<p><img loading=\"lazy\" decoding=\"async\" class=\"alignnone wp-image-783 size-full\" src=\"https:\/\/waldjugend-nord.de\/wp-content\/uploads\/2017\/08\/Wanderfalken1.png\" width=\"800\" height=\"348\" \/><\/p>\n<div><div class='jtrt_table_MotherShipContainer'><div class='jtTableContainer jtrespo-scroll  ' ><div class='jtsettingcontainer' style='display:none;position:absolute;left:-9999px;'><textarea data-jtrt-table-id='3225' id='jtrt_table_settings_3225' cols='30' rows='10'>[[[\"Gruppennachmittage:\",\"Samstag 14:00 Uhr bis 17:00 Uhr\"],[\"Adresse:\",\"im Viehburger Geh\\u00f6lz\"],[\"Ansprechpartner:\",\"Lennard Basenau\"],[\"Kontakt:\",\"<a href=\\\"mailto: wanderfalkenhorte@waldjugend-nord.de\\\">wanderfalkenhorte@waldjugend-nord.de<\\\/a>\"]],[{\"row\":0,\"col\":0,\"visualRow\":0,\"visualCol\":0,\"prop\":0,\"jtcellstyle\":{\"font-weight\":\"bold\"},\"className\":\"htLeft\"},{\"row\":0,\"col\":1,\"visualRow\":0,\"visualCol\":1,\"prop\":1,\"className\":\"htLeft\"},{\"row\":1,\"col\":0,\"visualRow\":1,\"visualCol\":0,\"prop\":0,\"className\":\"htLeft\",\"jtcellstyle\":{\"font-weight\":\"bold\"}},{\"row\":1,\"col\":1,\"visualRow\":1,\"visualCol\":1,\"prop\":1,\"className\":\"htLeft\"},{\"row\":2,\"col\":0,\"visualRow\":2,\"visualCol\":0,\"prop\":0,\"className\":\"htLeft\",\"jtcellstyle\":{\"font-weight\":\"bold\"}},{\"row\":2,\"col\":1,\"visualRow\":2,\"visualCol\":1,\"prop\":1,\"className\":\"htLeft\"},{\"row\":3,\"col\":0,\"visualRow\":3,\"visualCol\":0,\"prop\":0,\"jtcellstyle\":{\"font-weight\":\"bold\"},\"className\":\"htLeft\"},{\"row\":3,\"col\":1,\"visualRow\":3,\"visualCol\":1,\"prop\":1,\"className\":\"htLeft\"}],[],[]]<\/textarea><textarea data-jtrt-table-id='3225' id='jtrt_table_bps_3225' cols='30' rows='10'>[]<\/textarea><\/div><table id='jtrt_table_3225' data-sorting='false' data-paging='false' data-paging-size='10' data-paging-menu='10,20,50,100' data-filtering='false' data-jtrt-table-id='3225' class='jtrt-table  ' ><thead><tr><th>Gruppennachmittage:<\/th><th>Samstag 14:00 Uhr bis 17:00 Uhr<\/th><\/tr><\/thead><tbody><tr><td>Adresse:<\/td><td>im Viehburger Geh\u00f6lz<\/td><\/tr><tr><td>Ansprechpartner:<\/td><td>Lennard Basenau<\/td><\/tr><tr><td>Kontakt:<\/td><td><a href=\"mailto: wanderfalkenhorte@waldjugend-nord.de\">wanderfalkenhorte@waldjugend-nord.de<\/a><\/td><\/tr><\/tbody><\/table><\/div><\/div><\/div>\n<div>\u00a0<\/div>\n<div style=\"text-align: justify;\">Wir sind die WanderfalkenhorteWir, die Wanderfalkenhorte Kiel, sind ein wilder Haufen von 10 bis 15 Waldl\u00e4ufern\/innen. Wir treffen uns einmal w\u00f6chentlich an unserem Heim im Viehburger Geh\u00f6lz und erleben zusammen die Natur.<br \/>Oft gehen wir auf Fahrt und kamen so schon in die verschiedensten L\u00e4nder.<img loading=\"lazy\" decoding=\"async\" class=\"aligncenter wp-image-782 size-full\" src=\"https:\/\/waldjugend-nord.de\/wp-content\/uploads\/2017\/08\/Wanderfalken.png\" width=\"2352\" height=\"1183\" \/><\/div>\n\n\n<p><\/p>\n","protected":false},"excerpt":{"rendered":"<p>\u00a0 Wir sind die WanderfalkenhorteWir, die Wanderfalkenhorte Kiel, sind ein wilder Haufen von 10 bis 15 Waldl\u00e4ufern\/innen. Wir treffen uns einmal w\u00f6chentlich an unserem Heim im Viehburger Geh\u00f6lz und erleben zusammen die Natur.Oft gehen wir auf Fahrt und kamen so schon in die verschiedensten L\u00e4nder.<\/p>\n","protected":false},"author":2,"featured_media":0,"parent":0,"menu_order":0,"comment_status":"closed","ping_status":"closed","template":"","meta":{"_lmt_disableupdate":"","_lmt_disable":"","footnotes":""},"class_list":["post-324","page","type-page","status-publish","hentry","column","twocol"],"_links":{"self":[{"href":"https:\/\/waldjugend-nord.de\/index.php?rest_route=\/wp\/v2\/pages\/324","targetHints":{"allow":["GET"]}}],"collection":[{"href":"https:\/\/waldjugend-nord.de\/index.php?rest_route=\/wp\/v2\/pages"}],"about":[{"href":"https:\/\/waldjugend-nord.de\/index.php?rest_route=\/wp\/v2\/types\/page"}],"author":[{"embeddable":true,"href":"https:\/\/waldjugend-nord.de\/index.php?rest_route=\/wp\/v2\/users\/2"}],"replies":[{"embeddable":true,"href":"https:\/\/waldjugend-nord.de\/index.php?rest_route=%2Fwp%2Fv2%2Fcomments&post=324"}],"version-history":[{"count":7,"href":"https:\/\/waldjugend-nord.de\/index.php?rest_route=\/wp\/v2\/pages\/324\/revisions"}],"predecessor-version":[{"id":3226,"href":"https:\/\/waldjugend-nord.de\/index.php?rest_route=\/wp\/v2\/pages\/324\/revisions\/3226"}],"wp:attachment":[{"href":"https:\/\/waldjugend-nord.de\/index.php?rest_route=%2Fwp%2Fv2%2Fmedia&parent=324"}],"curies":[{"name":"wp","href":"https:\/\/api.w.org\/{rel}","templated":true}]}}