{"id":315,"date":"2017-08-09T14:35:16","date_gmt":"2017-08-09T12:35:16","guid":{"rendered":"https:\/\/waldjugend-nord.de\/?page_id=315"},"modified":"2026-02-18T09:31:47","modified_gmt":"2026-02-18T07:31:47","slug":"kontakt","status":"publish","type":"page","link":"https:\/\/waldjugend-nord.de\/?page_id=315","title":{"rendered":"Landesleitung Nord"},"content":{"rendered":"\n<h4 class=\"wp-block-heading\"><strong>Die Landesleitung der Waldjugend Lvb. Nord e.V.<\/strong><\/h4>\n\n\n\n<div class=\"wp-block-media-text alignwide\" style=\"grid-template-columns:25% auto\"><figure class=\"wp-block-media-text__media\"><img loading=\"lazy\" decoding=\"async\" width=\"750\" height=\"1024\" src=\"https:\/\/waldjugend-nord.de\/wp-content\/uploads\/2024\/11\/20241110_151931-750x1024.jpg\" alt=\"\" class=\"wp-image-4943 size-full\" srcset=\"https:\/\/waldjugend-nord.de\/wp-content\/uploads\/2024\/11\/20241110_151931-750x1024.jpg 750w, https:\/\/waldjugend-nord.de\/wp-content\/uploads\/2024\/11\/20241110_151931-220x300.jpg 220w, https:\/\/waldjugend-nord.de\/wp-content\/uploads\/2024\/11\/20241110_151931-768x1048.jpg 768w, https:\/\/waldjugend-nord.de\/wp-content\/uploads\/2024\/11\/20241110_151931-1125x1536.jpg 1125w, https:\/\/waldjugend-nord.de\/wp-content\/uploads\/2024\/11\/20241110_151931-1500x2048.jpg 1500w, https:\/\/waldjugend-nord.de\/wp-content\/uploads\/2024\/11\/20241110_151931-700x956.jpg 700w, https:\/\/waldjugend-nord.de\/wp-content\/uploads\/2024\/11\/20241110_151931-600x819.jpg 600w, https:\/\/waldjugend-nord.de\/wp-content\/uploads\/2024\/11\/20241110_151931-scaled.jpg 1875w\" sizes=\"auto, (max-width: 750px) 100vw, 750px\" \/><\/figure><div class=\"wp-block-media-text__content\">\n<p class=\"has-large-font-size\"><strong>Gesch\u00e4ftsf\u00fchrerin<\/strong><\/p>\n\n\n\n<p> Stine Schinz<br><a href=\"mailto:geschaeftsstelle@waldjugend-nord.de\">geschaeftsstelle@waldjugend-nord.de<\/a><\/p>\n\n\n\n<p>Vereinsanschrift:<br><strong>Deutsche Waldjugend Landesverband Nord e.V.<\/strong><br>c\/o Stine Schinz<br>Heimst\u00e4ttenstra\u00dfe 11<br>25436 Tornesch<\/p>\n<\/div><\/div>\n\n\n\n<div style=\"height:50px\" aria-hidden=\"true\" class=\"wp-block-spacer\"><\/div>\n\n\n\n<div class=\"wp-block-media-text alignwide\" style=\"grid-template-columns:25% auto\"><figure class=\"wp-block-media-text__media\"><img loading=\"lazy\" decoding=\"async\" width=\"731\" height=\"1024\" src=\"https:\/\/waldjugend-nord.de\/wp-content\/uploads\/2025\/01\/photo_2025-01-11_16-15-14-731x1024.jpg\" alt=\"\" class=\"wp-image-4959 size-full\" srcset=\"https:\/\/waldjugend-nord.de\/wp-content\/uploads\/2025\/01\/photo_2025-01-11_16-15-14-731x1024.jpg 731w, https:\/\/waldjugend-nord.de\/wp-content\/uploads\/2025\/01\/photo_2025-01-11_16-15-14-214x300.jpg 214w, https:\/\/waldjugend-nord.de\/wp-content\/uploads\/2025\/01\/photo_2025-01-11_16-15-14-768x1076.jpg 768w, https:\/\/waldjugend-nord.de\/wp-content\/uploads\/2025\/01\/photo_2025-01-11_16-15-14-700x980.jpg 700w, https:\/\/waldjugend-nord.de\/wp-content\/uploads\/2025\/01\/photo_2025-01-11_16-15-14-600x840.jpg 600w, https:\/\/waldjugend-nord.de\/wp-content\/uploads\/2025\/01\/photo_2025-01-11_16-15-14.jpg 914w\" sizes=\"auto, (max-width: 731px) 100vw, 731px\" \/><\/figure><div class=\"wp-block-media-text__content\">\n<p class=\"has-large-font-size\"><strong>Landesleiterin<\/strong><\/p>\n\n\n\n<p>G\u00f6ntje Buchholz<br><a href=\"mailto:landesleiter@waldjugend-nord.de\">landesleiterin@waldjugend-nord.de<\/a><\/p>\n\n\n\n<p><\/p>\n<\/div><\/div>\n\n\n\n<div style=\"height:50px\" aria-hidden=\"true\" class=\"wp-block-spacer\"><\/div>\n\n\n\n<div class=\"wp-block-media-text alignwide\" style=\"grid-template-columns:24% auto\"><figure class=\"wp-block-media-text__media\"><img loading=\"lazy\" decoding=\"async\" width=\"756\" height=\"1024\" src=\"https:\/\/waldjugend-nord.de\/wp-content\/uploads\/2026\/01\/photo_2026-01-24_16-36-54-1-756x1024.jpg\" alt=\"\" class=\"wp-image-5351 size-full\" srcset=\"https:\/\/waldjugend-nord.de\/wp-content\/uploads\/2026\/01\/photo_2026-01-24_16-36-54-1-756x1024.jpg 756w, https:\/\/waldjugend-nord.de\/wp-content\/uploads\/2026\/01\/photo_2026-01-24_16-36-54-1-222x300.jpg 222w, https:\/\/waldjugend-nord.de\/wp-content\/uploads\/2026\/01\/photo_2026-01-24_16-36-54-1-768x1040.jpg 768w, https:\/\/waldjugend-nord.de\/wp-content\/uploads\/2026\/01\/photo_2026-01-24_16-36-54-1-1134x1536.jpg 1134w, https:\/\/waldjugend-nord.de\/wp-content\/uploads\/2026\/01\/photo_2026-01-24_16-36-54-1-700x948.jpg 700w, https:\/\/waldjugend-nord.de\/wp-content\/uploads\/2026\/01\/photo_2026-01-24_16-36-54-1-600x812.jpg 600w, https:\/\/waldjugend-nord.de\/wp-content\/uploads\/2026\/01\/photo_2026-01-24_16-36-54-1.jpg 1254w\" sizes=\"auto, (max-width: 756px) 100vw, 756px\" \/><\/figure><div class=\"wp-block-media-text__content\">\n<p class=\"has-large-font-size\"><strong>stellv. Landesleiter<\/strong><\/p>\n\n\n\n<p>Kjell Reimann<br><a href=\"mailto:stellv.landesleiter@waldjugend-nord.de\">stellv.landesleiter@waldjugend-nord.de<\/a><\/p>\n\n\n\n<p>Seminaranmeldung<br><a href=\"mailto:anmeldung@waldjugend-nord.de\">anmeldung@waldjugend-nord.de<\/a><\/p>\n<\/div><\/div>\n\n\n\n<div style=\"height:50px\" aria-hidden=\"true\" class=\"wp-block-spacer\"><\/div>\n\n\n\n<div class=\"wp-block-media-text alignwide\" style=\"grid-template-columns:23% auto\"><figure class=\"wp-block-media-text__media\"><img loading=\"lazy\" decoding=\"async\" width=\"731\" height=\"1024\" src=\"https:\/\/waldjugend-nord.de\/wp-content\/uploads\/2024\/01\/Schatzmeister-Tade-Lachs-731x1024.png\" alt=\"\" class=\"wp-image-4687 size-full\" srcset=\"https:\/\/waldjugend-nord.de\/wp-content\/uploads\/2024\/01\/Schatzmeister-Tade-Lachs-731x1024.png 731w, https:\/\/waldjugend-nord.de\/wp-content\/uploads\/2024\/01\/Schatzmeister-Tade-Lachs-214x300.png 214w, https:\/\/waldjugend-nord.de\/wp-content\/uploads\/2024\/01\/Schatzmeister-Tade-Lachs-768x1075.png 768w, https:\/\/waldjugend-nord.de\/wp-content\/uploads\/2024\/01\/Schatzmeister-Tade-Lachs-700x980.png 700w, https:\/\/waldjugend-nord.de\/wp-content\/uploads\/2024\/01\/Schatzmeister-Tade-Lachs-600x840.png 600w, https:\/\/waldjugend-nord.de\/wp-content\/uploads\/2024\/01\/Schatzmeister-Tade-Lachs.png 1000w\" sizes=\"auto, (max-width: 731px) 100vw, 731px\" \/><\/figure><div class=\"wp-block-media-text__content\">\n<p class=\"has-large-font-size\"><strong>Schatzmeister<\/strong><\/p>\n\n\n\n<p>Tade Lachs<br><a href=\"mailto:schatzmeister@waldjugend-nord.de\">schatzmeister@waldjugend-nord.de<\/a><\/p>\n<\/div><\/div>\n\n\n\n<div style=\"height:50px\" aria-hidden=\"true\" class=\"wp-block-spacer\"><\/div>\n\n\n\n<div class=\"wp-block-media-text alignwide\" style=\"grid-template-columns:23% auto\"><figure class=\"wp-block-media-text__media\"><img loading=\"lazy\" decoding=\"async\" width=\"686\" height=\"1024\" src=\"https:\/\/waldjugend-nord.de\/wp-content\/uploads\/2026\/01\/photo_2026-01-24_16-36-56-686x1024.jpg\" alt=\"\" class=\"wp-image-5354 size-full\" srcset=\"https:\/\/waldjugend-nord.de\/wp-content\/uploads\/2026\/01\/photo_2026-01-24_16-36-56-686x1024.jpg 686w, https:\/\/waldjugend-nord.de\/wp-content\/uploads\/2026\/01\/photo_2026-01-24_16-36-56-201x300.jpg 201w, https:\/\/waldjugend-nord.de\/wp-content\/uploads\/2026\/01\/photo_2026-01-24_16-36-56-768x1147.jpg 768w, https:\/\/waldjugend-nord.de\/wp-content\/uploads\/2026\/01\/photo_2026-01-24_16-36-56-1029x1536.jpg 1029w, https:\/\/waldjugend-nord.de\/wp-content\/uploads\/2026\/01\/photo_2026-01-24_16-36-56-700x1045.jpg 700w, https:\/\/waldjugend-nord.de\/wp-content\/uploads\/2026\/01\/photo_2026-01-24_16-36-56-600x896.jpg 600w, https:\/\/waldjugend-nord.de\/wp-content\/uploads\/2026\/01\/photo_2026-01-24_16-36-56.jpg 1069w\" sizes=\"auto, (max-width: 686px) 100vw, 686px\" \/><\/figure><div class=\"wp-block-media-text__content\">\n<p class=\"has-large-font-size\"><strong>Pressereferent<\/strong><\/p>\n\n\n\n<p>Info-Material und \u00d6ffentlichkeitsarbeit<br>Johann Thode<br><a href=\"mailto:presse@waldjugend-nord.de\">presse@waldjugend-nord.de<\/a><\/p>\n<\/div><\/div>\n\n\n\n<div style=\"height:50px\" aria-hidden=\"true\" class=\"wp-block-spacer\"><\/div>\n\n\n\n<div class=\"wp-block-media-text alignwide\" style=\"grid-template-columns:24% auto\"><figure class=\"wp-block-media-text__media\"><img loading=\"lazy\" decoding=\"async\" width=\"150\" height=\"200\" src=\"https:\/\/waldjugend-nord.de\/wp-content\/uploads\/2018\/09\/Anni.jpg\" alt=\"\" class=\"wp-image-2092 size-full\" \/><\/figure><div class=\"wp-block-media-text__content\">\n<p class=\"has-large-font-size\"><strong>Landespatenf\u00f6rsterin<\/strong><\/p>\n\n\n\n<p>Mietanfragen Landeszentrum<\/p>\n\n\n\n<p>Annika Valentin-Russell<br>F\u00f6rsterei 2, 24358 H\u00fctten<br><a href=\"mailto:patenfoerster@waldjugend-nord.de\">annika.valentin@forst-sh.de<\/a><\/p>\n<\/div><\/div>\n\n\n\n<div style=\"height:50px\" aria-hidden=\"true\" class=\"wp-block-spacer\"><\/div>\n\n\n\n<div class=\"wp-block-media-text alignwide\" style=\"grid-template-columns:24% auto\"><figure class=\"wp-block-media-text__media\"><img loading=\"lazy\" decoding=\"async\" width=\"816\" height=\"1024\" src=\"https:\/\/waldjugend-nord.de\/wp-content\/uploads\/2026\/01\/photo_2026-01-24_16-51-10-816x1024.jpg\" alt=\"\" class=\"wp-image-5358 size-full\" srcset=\"https:\/\/waldjugend-nord.de\/wp-content\/uploads\/2026\/01\/photo_2026-01-24_16-51-10-816x1024.jpg 816w, https:\/\/waldjugend-nord.de\/wp-content\/uploads\/2026\/01\/photo_2026-01-24_16-51-10-239x300.jpg 239w, https:\/\/waldjugend-nord.de\/wp-content\/uploads\/2026\/01\/photo_2026-01-24_16-51-10-768x964.jpg 768w, https:\/\/waldjugend-nord.de\/wp-content\/uploads\/2026\/01\/photo_2026-01-24_16-51-10-700x878.jpg 700w, https:\/\/waldjugend-nord.de\/wp-content\/uploads\/2026\/01\/photo_2026-01-24_16-51-10-600x753.jpg 600w, https:\/\/waldjugend-nord.de\/wp-content\/uploads\/2026\/01\/photo_2026-01-24_16-51-10.jpg 1161w\" sizes=\"auto, (max-width: 816px) 100vw, 816px\" \/><\/figure><div class=\"wp-block-media-text__content\">\n<p class=\"has-large-font-size\"><strong>Referat Kindeswohl<\/strong> <\/p>\n\n\n\n<p>F\u00fcr Kindeswohl, gegen Machtmissbrauch (KiM)<\/p>\n\n\n\n<p>Ida Lachs und Neva Nommensen<br><a href=\"mailto:kim@waldjugend-nord.de\">kim@waldjugend-nord.de<\/a><\/p>\n<\/div><\/div>\n\n\n\n<div style=\"height:50px\" aria-hidden=\"true\" class=\"wp-block-spacer\"><\/div>\n\n\n\n<div class=\"wp-block-media-text alignwide\" style=\"grid-template-columns:24% auto\"><figure class=\"wp-block-media-text__media\"><img loading=\"lazy\" decoding=\"async\" width=\"150\" height=\"200\" src=\"https:\/\/waldjugend-nord.de\/wp-content\/uploads\/2020\/01\/Biologisches-Sebastian.png\" alt=\"\" class=\"wp-image-3250 size-full\" \/><\/figure><div class=\"wp-block-media-text__content\">\n<p class=\"has-large-font-size\"><strong>Referat Biologisches<\/strong><\/p>\n\n\n\n<p>Sebastian Laps<br><a href=\"mailto:sebastian.laps@waldjugend-nord.de\">sebastian.laps@waldjugend-nord.de<\/a><\/p>\n<\/div><\/div>\n\n\n\n<div style=\"height:50px\" aria-hidden=\"true\" class=\"wp-block-spacer\"><\/div>\n\n\n\n<div class=\"wp-block-media-text alignwide\" style=\"grid-template-columns:24% auto\"><figure class=\"wp-block-media-text__media\"><img loading=\"lazy\" decoding=\"async\" width=\"512\" height=\"512\" src=\"https:\/\/waldjugend-nord.de\/wp-content\/uploads\/2017\/09\/cropped-DWJ-Favicon.png\" alt=\"\" class=\"wp-image-917 size-full\" srcset=\"https:\/\/waldjugend-nord.de\/wp-content\/uploads\/2017\/09\/cropped-DWJ-Favicon.png 512w, https:\/\/waldjugend-nord.de\/wp-content\/uploads\/2017\/09\/cropped-DWJ-Favicon-150x150.png 150w, https:\/\/waldjugend-nord.de\/wp-content\/uploads\/2017\/09\/cropped-DWJ-Favicon-300x300.png 300w, https:\/\/waldjugend-nord.de\/wp-content\/uploads\/2017\/09\/cropped-DWJ-Favicon-180x180.png 180w, https:\/\/waldjugend-nord.de\/wp-content\/uploads\/2017\/09\/cropped-DWJ-Favicon-432x432.png 432w, https:\/\/waldjugend-nord.de\/wp-content\/uploads\/2017\/09\/cropped-DWJ-Favicon-268x268.png 268w, https:\/\/waldjugend-nord.de\/wp-content\/uploads\/2017\/09\/cropped-DWJ-Favicon-270x270.png 270w, https:\/\/waldjugend-nord.de\/wp-content\/uploads\/2017\/09\/cropped-DWJ-Favicon-192x192.png 192w, https:\/\/waldjugend-nord.de\/wp-content\/uploads\/2017\/09\/cropped-DWJ-Favicon-32x32.png 32w\" sizes=\"auto, (max-width: 512px) 100vw, 512px\" \/><\/figure><div class=\"wp-block-media-text__content\">\n<p class=\"has-large-font-size\"><strong>Referat Klimawald<\/strong><\/p>\n\n\n\n<p>Pelle Johannsen<br><a href=\"mailto:klimawald@waldjugend-nord.de\">klimawald@waldjugend-nord.de<\/a><\/p>\n<\/div><\/div>\n\n\n\n<div style=\"height:50px\" aria-hidden=\"true\" class=\"wp-block-spacer\"><\/div>\n\n\n\n<div class=\"wp-block-media-text alignwide\" style=\"grid-template-columns:24% auto\"><figure class=\"wp-block-media-text__media\"><img loading=\"lazy\" decoding=\"async\" width=\"731\" height=\"1024\" src=\"https:\/\/waldjugend-nord.de\/wp-content\/uploads\/2024\/01\/Referat-Liegenschaften-Torn-Nommensen-731x1024.png\" alt=\"\" class=\"wp-image-4692 size-full\" srcset=\"https:\/\/waldjugend-nord.de\/wp-content\/uploads\/2024\/01\/Referat-Liegenschaften-Torn-Nommensen-731x1024.png 731w, https:\/\/waldjugend-nord.de\/wp-content\/uploads\/2024\/01\/Referat-Liegenschaften-Torn-Nommensen-214x300.png 214w, https:\/\/waldjugend-nord.de\/wp-content\/uploads\/2024\/01\/Referat-Liegenschaften-Torn-Nommensen-768x1075.png 768w, https:\/\/waldjugend-nord.de\/wp-content\/uploads\/2024\/01\/Referat-Liegenschaften-Torn-Nommensen-700x980.png 700w, https:\/\/waldjugend-nord.de\/wp-content\/uploads\/2024\/01\/Referat-Liegenschaften-Torn-Nommensen-600x840.png 600w, https:\/\/waldjugend-nord.de\/wp-content\/uploads\/2024\/01\/Referat-Liegenschaften-Torn-Nommensen.png 1000w\" sizes=\"auto, (max-width: 731px) 100vw, 731px\" \/><\/figure><div class=\"wp-block-media-text__content\">\n<p class=\"has-large-font-size\"><strong>Referat Liegenschaften<\/strong><\/p>\n\n\n\n<p>Torn Nommensen<br><a href=\"mailto:torn.nommensen@waldjugend-nord.de\">torn.nommensen@waldjugend-nord.de<\/a><\/p>\n<\/div><\/div>\n\n\n\n<div style=\"height:50px\" aria-hidden=\"true\" class=\"wp-block-spacer\"><\/div>\n\n\n\n<div class=\"wp-block-media-text alignwide\" style=\"grid-template-columns:24% auto\"><figure class=\"wp-block-media-text__media\"><img loading=\"lazy\" decoding=\"async\" width=\"512\" height=\"512\" src=\"https:\/\/waldjugend-nord.de\/wp-content\/uploads\/2017\/09\/cropped-DWJ-Favicon.png\" alt=\"\" class=\"wp-image-917 size-full\" srcset=\"https:\/\/waldjugend-nord.de\/wp-content\/uploads\/2017\/09\/cropped-DWJ-Favicon.png 512w, https:\/\/waldjugend-nord.de\/wp-content\/uploads\/2017\/09\/cropped-DWJ-Favicon-150x150.png 150w, https:\/\/waldjugend-nord.de\/wp-content\/uploads\/2017\/09\/cropped-DWJ-Favicon-300x300.png 300w, https:\/\/waldjugend-nord.de\/wp-content\/uploads\/2017\/09\/cropped-DWJ-Favicon-180x180.png 180w, https:\/\/waldjugend-nord.de\/wp-content\/uploads\/2017\/09\/cropped-DWJ-Favicon-432x432.png 432w, https:\/\/waldjugend-nord.de\/wp-content\/uploads\/2017\/09\/cropped-DWJ-Favicon-268x268.png 268w, https:\/\/waldjugend-nord.de\/wp-content\/uploads\/2017\/09\/cropped-DWJ-Favicon-270x270.png 270w, https:\/\/waldjugend-nord.de\/wp-content\/uploads\/2017\/09\/cropped-DWJ-Favicon-192x192.png 192w, https:\/\/waldjugend-nord.de\/wp-content\/uploads\/2017\/09\/cropped-DWJ-Favicon-32x32.png 32w\" sizes=\"auto, (max-width: 512px) 100vw, 512px\" \/><\/figure><div class=\"wp-block-media-text__content\">\n<p class=\"has-large-font-size\"><strong>IT \/ Website <\/strong>Administrator<\/p>\n\n\n\n<p>Torge Bj\u00f8rner Schinz<\/p>\n\n\n\n<p>Ver\u00e4nderungen, Verwaltung Cloud, Email und Web- Auftritt<br><a href=\"mailto:torge.schinz@waldjugend-nord.de\">torge.schinz@waldjugend-nord.de<\/a><\/p>\n<\/div><\/div>\n\n\n\n<div style=\"height:50px\" aria-hidden=\"true\" class=\"wp-block-spacer\"><\/div>\n\n\n\n<p><\/p>\n","protected":false},"excerpt":{"rendered":"<p>Die Landesleitung der Waldjugend Lvb. Nord e.V. Gesch\u00e4ftsf\u00fchrerin Stine Schinzgeschaeftsstelle@waldjugend-nord.de Vereinsanschrift:Deutsche Waldjugend Landesverband Nord e.V.c\/o Stine SchinzHeimst\u00e4ttenstra\u00dfe 1125436 Tornesch Landesleiterin G\u00f6ntje Buchholzlandesleiterin@waldjugend-nord.de stellv. Landesleiter Kjell Reimannstellv.landesleiter@waldjugend-nord.de Seminaranmeldunganmeldung@waldjugend-nord.de Schatzmeister Tade Lachsschatzmeister@waldjugend-nord.de Pressereferent Info-Material und \u00d6ffentlichkeitsarbeitJohann Thodepresse@waldjugend-nord.de Landespatenf\u00f6rsterin Mietanfragen Landeszentrum Annika Valentin-RussellF\u00f6rsterei 2, 24358 H\u00fcttenannika.valentin@forst-sh.de Referat Kindeswohl F\u00fcr Kindeswohl, gegen Machtmissbrauch (KiM) &#8230;<\/p>\n","protected":false},"author":2,"featured_media":0,"parent":0,"menu_order":0,"comment_status":"closed","ping_status":"closed","template":"","meta":{"_lmt_disableupdate":"no","_lmt_disable":"","footnotes":""},"class_list":["post-315","page","type-page","status-publish","hentry","column","twocol"],"_links":{"self":[{"href":"https:\/\/waldjugend-nord.de\/index.php?rest_route=\/wp\/v2\/pages\/315","targetHints":{"allow":["GET"]}}],"collection":[{"href":"https:\/\/waldjugend-nord.de\/index.php?rest_route=\/wp\/v2\/pages"}],"about":[{"href":"https:\/\/waldjugend-nord.de\/index.php?rest_route=\/wp\/v2\/types\/page"}],"author":[{"embeddable":true,"href":"https:\/\/waldjugend-nord.de\/index.php?rest_route=\/wp\/v2\/users\/2"}],"replies":[{"embeddable":true,"href":"https:\/\/waldjugend-nord.de\/index.php?rest_route=%2Fwp%2Fv2%2Fcomments&post=315"}],"version-history":[{"count":83,"href":"https:\/\/waldjugend-nord.de\/index.php?rest_route=\/wp\/v2\/pages\/315\/revisions"}],"predecessor-version":[{"id":5416,"href":"https:\/\/waldjugend-nord.de\/index.php?rest_route=\/wp\/v2\/pages\/315\/revisions\/5416"}],"wp:attachment":[{"href":"https:\/\/waldjugend-nord.de\/index.php?rest_route=%2Fwp%2Fv2%2Fmedia&parent=315"}],"curies":[{"name":"wp","href":"https:\/\/api.w.org\/{rel}","templated":true}]}}