{"id":313,"date":"2017-08-09T14:34:38","date_gmt":"2017-08-09T12:34:38","guid":{"rendered":"https:\/\/waldjugend-nord.de\/?page_id=313"},"modified":"2019-05-21T10:28:17","modified_gmt":"2019-05-21T08:28:17","slug":"tornesch","status":"publish","type":"page","link":"https:\/\/waldjugend-nord.de\/?page_id=313","title":{"rendered":"Tornesch"},"content":{"rendered":"<p><img loading=\"lazy\" decoding=\"async\" class=\"alignnone wp-image-576 size-full\" src=\"https:\/\/waldjugend-nord.de\/wp-content\/uploads\/2017\/08\/Tornesch1.png\" width=\"800\" height=\"348\" \/><\/p>\n<div style=\"text-align: justify;\">\n<div class='jtrt_table_MotherShipContainer'><div class='jtTableContainer jtrespo-scroll  ' ><div class='jtsettingcontainer' style='display:none;position:absolute;left:-9999px;'><textarea data-jtrt-table-id='2758' id='jtrt_table_settings_2758' cols='30' rows='10'>[[[\"Gruppennachmittage:\",\"Freitag 16:30 Uhr bis 19 Uhr\"],[\"Adresse:\",\"am Rand eines Kleing\\u00e4rtnervereins bei Tornesch\\nin der Dorfgemeinschaft Ahrenlohe\"],[\"Ansprechpartnerin:\",\"Juliane Remstedt\"],[\"Kontakt:\",\"<a href='mailto: tordalkhorte@waldjugend-nord.de'>tordalkhorte@waldjugend-nord.de<\\\/a>\"]],[{\"row\":0,\"col\":0,\"visualRow\":0,\"visualCol\":0,\"prop\":0,\"jtcellstyle\":{\"font-weight\":\"bold\"},\"className\":\"htLeft\"},{\"row\":0,\"col\":1,\"visualRow\":0,\"visualCol\":1,\"prop\":1,\"className\":\"htLeft\"},{\"row\":1,\"col\":0,\"visualRow\":1,\"visualCol\":0,\"prop\":0,\"className\":\"htLeft\",\"jtcellstyle\":{\"font-weight\":\"bold\"}},{\"row\":1,\"col\":1,\"visualRow\":1,\"visualCol\":1,\"prop\":1,\"className\":\"htLeft\"},{\"row\":2,\"col\":0,\"visualRow\":2,\"visualCol\":0,\"prop\":0,\"className\":\"htLeft\",\"jtcellstyle\":{\"font-weight\":\"bold\"}},{\"row\":2,\"col\":1,\"visualRow\":2,\"visualCol\":1,\"prop\":1,\"className\":\"htLeft\"},{\"row\":3,\"col\":0,\"visualRow\":3,\"visualCol\":0,\"prop\":0,\"jtcellstyle\":{\"font-weight\":\"bold\"},\"className\":\"htLeft\"},{\"row\":3,\"col\":1,\"visualRow\":3,\"visualCol\":1,\"prop\":1,\"className\":\"htLeft\"}],[],[]]<\/textarea><textarea data-jtrt-table-id='2758' id='jtrt_table_bps_2758' cols='30' rows='10'>[]<\/textarea><\/div><table id='jtrt_table_2758' data-sorting='false' data-paging='false' data-paging-size='10' data-paging-menu='10,20,50,100' data-filtering='false' data-jtrt-table-id='2758' class='jtrt-table  ' ><thead><tr><th>Gruppennachmittage:<\/th><th>Freitag 16:30 Uhr bis 19 Uhr<\/th><\/tr><\/thead><tbody><tr><td>Adresse:<\/td><td>am Rand eines Kleing\u00e4rtnervereins bei Tornesch<br>in der Dorfgemeinschaft Ahrenlohe<\/td><\/tr><tr><td>Ansprechpartnerin:<\/td><td>Juliane Remstedt<\/td><\/tr><tr><td>Kontakt:<\/td><td><a href='mailto: tordalkhorte@waldjugend-nord.de'>tordalkhorte@waldjugend-nord.de<\/a><\/td><\/tr><\/tbody><\/table><\/div><\/div>\n<\/div>\n<div style=\"text-align: justify;\"><\/div>\n<div style=\"text-align: justify;\">Wir sind die Tordalkhorte Tornesch<img loading=\"lazy\" decoding=\"async\" class=\"size-medium wp-image-577 alignright\" src=\"https:\/\/waldjugend-nord.de\/wp-content\/uploads\/2017\/08\/Tornesch2-171x300.jpg\" alt=\"\" width=\"171\" height=\"300\" \/><\/div>\n<div style=\"text-align: justify;\">\n<p>&nbsp;<\/p>\n<p>Dieser seltsame Name kommt von unserem Hortentier, dem Tordalk, ein Hochseevogel, der auf der Insel Helgoland lebt.<\/p>\n<p>Wir sind ein lustiger Haufen von Jungen und M\u00e4dchen im Alter von 8- 23 Jahren. In Moment haben wir rund 15 aktive Mitglieder. Aber nat\u00fcrlich k\u00f6nnen wir nie genug sein! Am liebsten spielen wir im Wald und machen Feuer in unserem kleinen Garten. Seit neuestem haben wir auch einen eigenen Gem\u00fcsegarten, der uns zur Erntezeit viele Gruppenstunden mit eigens gekochten Kartoffeln und anderen leckereinen beschert hat. Ab und zu zieht es uns in die weite und n\u00e4here Welt. Nach Schweden auf Fahrt, oder quer durch Deutschland mit anderen Waldl\u00e4ufern. Gerne helfen wir wo wir gebraucht werden. Im Landeszentrum in H\u00fctten beim Offenen Lager, im Erlebniswald Trappenkamp beim Schlittenhunderennen oder beim Tag des Baumes irgendwo in Schleswig Holstein.<\/p>\n<p>Unsere H\u00fctte, unser Wald<\/p>\n<p>Unsere H\u00fctte ist eine kleine Holzh\u00fctte am Rand eines Kleing\u00e4rtnervereins am Tornescher Stadtrand in der Dorfgemeinschaft Ahrenlohe. Die H\u00fctte besteht aus einem Raum mit einer Sitzecke, einem Gasofen und einem Gaskocher. Strom haben wir nicht und brauchen wir auch nicht. F\u00fcr die Nasszellen muss man ein St\u00fcck die Stra\u00dfe zur Ahrenloher Feuerwehr gehen, wo wir im Vereinshaus die Toiletten benutzen d\u00fcrfen. Insgesamt k\u00f6nnen in der H\u00fctte ca. 10 Leute bequem \u00fcbernachten und im Garten ist auch Platz f\u00fcr eine Jurte oder zwei Kothen. Im angrenzenden Esinger Wohld (unser offizieller Patenforst) kann man sich herrlich austoben und viel entdecken.<\/p>\n<p>Rund herum<\/p>\n<p>Tornesch hat einen eigenen Bahnhof und hat eine direkte Anbindung nach Neum\u00fcnster und Hamburg Altona. Vom Bahnhof kann man die H\u00fctte in einer halben Stunde zu Fu\u00df gut erreichen. Ansonsten kann man in der N\u00e4he in Ellerhoop das Aboretum besuchen, wo man viele heimische und ausl\u00e4ndische Pflanzen kennenlernen kann und in Hei\u00dft hat in den Sommermonaten ein Klettergarten im Wald ge\u00f6ffnet der ein tolles Angebot f\u00fcr Gruppen bietet.<\/p>\n<\/div>\n","protected":false},"excerpt":{"rendered":"<p>Wir sind die Tordalkhorte Tornesch &nbsp; Dieser seltsame Name kommt von unserem Hortentier, dem Tordalk, ein Hochseevogel, der auf der Insel Helgoland lebt. Wir sind ein lustiger Haufen von Jungen und M\u00e4dchen im Alter von 8- 23 Jahren. In Moment haben wir rund 15 aktive Mitglieder. Aber nat\u00fcrlich k\u00f6nnen wir &#8230;<\/p>\n","protected":false},"author":2,"featured_media":0,"parent":0,"menu_order":0,"comment_status":"closed","ping_status":"closed","template":"","meta":{"_lmt_disableupdate":"","_lmt_disable":"","footnotes":""},"class_list":["post-313","page","type-page","status-publish","hentry","column","twocol"],"_links":{"self":[{"href":"https:\/\/waldjugend-nord.de\/index.php?rest_route=\/wp\/v2\/pages\/313","targetHints":{"allow":["GET"]}}],"collection":[{"href":"https:\/\/waldjugend-nord.de\/index.php?rest_route=\/wp\/v2\/pages"}],"about":[{"href":"https:\/\/waldjugend-nord.de\/index.php?rest_route=\/wp\/v2\/types\/page"}],"author":[{"embeddable":true,"href":"https:\/\/waldjugend-nord.de\/index.php?rest_route=\/wp\/v2\/users\/2"}],"replies":[{"embeddable":true,"href":"https:\/\/waldjugend-nord.de\/index.php?rest_route=%2Fwp%2Fv2%2Fcomments&post=313"}],"version-history":[{"count":5,"href":"https:\/\/waldjugend-nord.de\/index.php?rest_route=\/wp\/v2\/pages\/313\/revisions"}],"predecessor-version":[{"id":2759,"href":"https:\/\/waldjugend-nord.de\/index.php?rest_route=\/wp\/v2\/pages\/313\/revisions\/2759"}],"wp:attachment":[{"href":"https:\/\/waldjugend-nord.de\/index.php?rest_route=%2Fwp%2Fv2%2Fmedia&parent=313"}],"curies":[{"name":"wp","href":"https:\/\/api.w.org\/{rel}","templated":true}]}}