{"id":266,"date":"2017-08-09T13:50:16","date_gmt":"2017-08-09T11:50:16","guid":{"rendered":"https:\/\/waldjugend-nord.de\/?page_id=266"},"modified":"2019-11-18T11:55:47","modified_gmt":"2019-11-18T09:55:47","slug":"glucksburg","status":"publish","type":"page","link":"https:\/\/waldjugend-nord.de\/?page_id=266","title":{"rendered":"Gl\u00fccksburg"},"content":{"rendered":"<div class='jtrt_table_MotherShipContainer'><div class='jtTableContainer jtrespo-scroll  ' ><div class='jtsettingcontainer' style='display:none;position:absolute;left:-9999px;'><textarea data-jtrt-table-id='2739' id='jtrt_table_settings_2739' cols='30' rows='10'>[[[\"Gruppennachmittag:\",\"Kiebitzhorte:\",\"Samstags von 11.00 Uhr bis 13.00 Uhr\"],[null,\"Seeadlerhorte:\",\"Samstags von 14.00 bis 16.00 Uhr\"],[\"Ansprechperson:\",\"Petz\",\"<a href='mailto: seeadlerhorte@waldjugend-nord.de'>seeadlerhorte@waldjugend-nord.de<\\\/a>\"],[null,\"Hajo\",\"<a href='mailto: hajo.m@online.de'>hajo.m@online.de<\\\/a>\"]],[{\"row\":0,\"col\":0,\"visualRow\":0,\"visualCol\":0,\"prop\":0,\"jtcellstyle\":{\"font-weight\":\"bold\"},\"className\":\"htLeft\"},{\"row\":0,\"col\":1,\"visualRow\":0,\"visualCol\":1,\"prop\":1,\"className\":\"htLeft\"},{\"row\":0,\"col\":2,\"visualRow\":0,\"visualCol\":2,\"prop\":2,\"className\":\"htLeft\"},{\"row\":1,\"col\":0,\"visualRow\":1,\"visualCol\":0,\"prop\":0,\"className\":\"htLeft\"},{\"row\":1,\"col\":1,\"visualRow\":1,\"visualCol\":1,\"prop\":1,\"className\":\"htLeft\"},{\"row\":1,\"col\":2,\"visualRow\":1,\"visualCol\":2,\"prop\":2,\"className\":\"htLeft\"},{\"row\":2,\"col\":0,\"visualRow\":2,\"visualCol\":0,\"prop\":0,\"className\":\"htLeft\",\"jtcellstyle\":{\"font-weight\":\"bold\"}},{\"row\":2,\"col\":1,\"visualRow\":2,\"visualCol\":1,\"prop\":1,\"className\":\"htLeft\"},{\"row\":2,\"col\":2,\"visualRow\":2,\"visualCol\":2,\"prop\":2,\"className\":\"htLeft\"},{\"row\":3,\"col\":0,\"visualRow\":3,\"visualCol\":0,\"prop\":0,\"className\":\"htLeft\"},{\"row\":3,\"col\":1,\"visualRow\":3,\"visualCol\":1,\"prop\":1,\"className\":\"htLeft\"},{\"row\":3,\"col\":2,\"visualRow\":3,\"visualCol\":2,\"prop\":2,\"className\":\"htLeft\"}],[],[]]<\/textarea><textarea data-jtrt-table-id='2739' id='jtrt_table_bps_2739' cols='30' rows='10'>[]<\/textarea><\/div><table id='jtrt_table_2739' data-sorting='false' data-paging='false' data-paging-size='10' data-paging-menu='10,20,50,100' data-filtering='false' data-jtrt-table-id='2739' class='jtrt-table  ' ><thead><tr><th>Gruppennachmittag:<\/th><th>Kiebitzhorte:<\/th><th>Samstags von 11.00 Uhr bis 13.00 Uhr<\/th><\/tr><\/thead><tbody><tr><td><\/td><td>Seeadlerhorte:<\/td><td>Samstags von 14.00 bis 16.00 Uhr<\/td><\/tr><tr><td>Ansprechperson:<\/td><td>Petz<\/td><td><a href='mailto: seeadlerhorte@waldjugend-nord.de'>seeadlerhorte@waldjugend-nord.de<\/a><\/td><\/tr><tr><td><\/td><td>Hajo<\/td><td><a href='mailto: hajo.m@online.de'>hajo.m@online.de<\/a><\/td><\/tr><\/tbody><\/table><\/div><\/div>\n<div style=\"text-align: justify;\">Waldjugend Gl\u00fccksburg<img loading=\"lazy\" decoding=\"async\" class=\"size-medium wp-image-3046 alignright\" src=\"https:\/\/waldjugend-nord.de\/wp-content\/uploads\/2019\/11\/Gruleileh-207x300.jpg\" alt=\"\" width=\"207\" height=\"300\" \/><\/div>\n<div style=\"text-align: justify;\"><\/div>\n<div style=\"text-align: justify;\">In Gl\u00fccksburg haben wir\u00a0 zwei aktive Gruppen: die Kiebitze und die Seeadler. Die Kiebitze treffen sich Samstags von 11.00 Uhr bis 13.00 Uhr. Die Seeadler treffen sich Samstags von 14.00 bis 16.00 Uhr. Au\u00dferdem haben wir eine aktive Bl\u00e4sergruppe und eine Singerunde. Wir freuen uns immer \u00fcber interessierte Kinder und Jugendliche. Wenn ihr Kontakt zu uns aufnehmen m\u00f6chtet, meldet euch bitte bei Hajo unter hajo.m@online.de<\/div>\n<div><img loading=\"lazy\" decoding=\"async\" class=\"alignnone size-medium wp-image-3044\" src=\"https:\/\/waldjugend-nord.de\/wp-content\/uploads\/2019\/11\/Forstseminar-e1574069565894-231x300.jpg\" alt=\"\" width=\"231\" height=\"300\" srcset=\"https:\/\/waldjugend-nord.de\/wp-content\/uploads\/2019\/11\/Forstseminar-e1574069565894-231x300.jpg 231w, https:\/\/waldjugend-nord.de\/wp-content\/uploads\/2019\/11\/Forstseminar-e1574069565894-768x997.jpg 768w, https:\/\/waldjugend-nord.de\/wp-content\/uploads\/2019\/11\/Forstseminar-e1574069565894-789x1024.jpg 789w, https:\/\/waldjugend-nord.de\/wp-content\/uploads\/2019\/11\/Forstseminar-e1574069565894-700x909.jpg 700w, https:\/\/waldjugend-nord.de\/wp-content\/uploads\/2019\/11\/Forstseminar-e1574069565894-600x779.jpg 600w, https:\/\/waldjugend-nord.de\/wp-content\/uploads\/2019\/11\/Forstseminar-e1574069565894.jpg 1032w\" sizes=\"auto, (max-width: 231px) 100vw, 231px\" \/><\/div>\n<div><\/div>\n<div><\/div>\n","protected":false},"excerpt":{"rendered":"<p>Waldjugend Gl\u00fccksburg In Gl\u00fccksburg haben wir\u00a0 zwei aktive Gruppen: die Kiebitze und die Seeadler. Die Kiebitze treffen sich Samstags von 11.00 Uhr bis 13.00 Uhr. Die Seeadler treffen sich Samstags von 14.00 bis 16.00 Uhr. Au\u00dferdem haben wir eine aktive Bl\u00e4sergruppe und eine Singerunde. Wir freuen uns immer \u00fcber interessierte &#8230;<\/p>\n","protected":false},"author":2,"featured_media":0,"parent":0,"menu_order":0,"comment_status":"closed","ping_status":"closed","template":"","meta":{"_lmt_disableupdate":"","_lmt_disable":"","footnotes":""},"class_list":["post-266","page","type-page","status-publish","hentry","column","twocol"],"_links":{"self":[{"href":"https:\/\/waldjugend-nord.de\/index.php?rest_route=\/wp\/v2\/pages\/266","targetHints":{"allow":["GET"]}}],"collection":[{"href":"https:\/\/waldjugend-nord.de\/index.php?rest_route=\/wp\/v2\/pages"}],"about":[{"href":"https:\/\/waldjugend-nord.de\/index.php?rest_route=\/wp\/v2\/types\/page"}],"author":[{"embeddable":true,"href":"https:\/\/waldjugend-nord.de\/index.php?rest_route=\/wp\/v2\/users\/2"}],"replies":[{"embeddable":true,"href":"https:\/\/waldjugend-nord.de\/index.php?rest_route=%2Fwp%2Fv2%2Fcomments&post=266"}],"version-history":[{"count":7,"href":"https:\/\/waldjugend-nord.de\/index.php?rest_route=\/wp\/v2\/pages\/266\/revisions"}],"predecessor-version":[{"id":3101,"href":"https:\/\/waldjugend-nord.de\/index.php?rest_route=\/wp\/v2\/pages\/266\/revisions\/3101"}],"wp:attachment":[{"href":"https:\/\/waldjugend-nord.de\/index.php?rest_route=%2Fwp%2Fv2%2Fmedia&parent=266"}],"curies":[{"name":"wp","href":"https:\/\/api.w.org\/{rel}","templated":true}]}}