{"id":264,"date":"2017-08-09T13:49:42","date_gmt":"2017-08-09T11:49:42","guid":{"rendered":"https:\/\/waldjugend-nord.de\/?page_id=264"},"modified":"2022-05-21T17:01:04","modified_gmt":"2022-05-21T15:01:04","slug":"frorup","status":"publish","type":"page","link":"https:\/\/waldjugend-nord.de\/?page_id=264","title":{"rendered":"Fr\u00f6rup"},"content":{"rendered":"<div style=\"text-align: justify;\"><div class='jtrt_table_MotherShipContainer'><div class='jtTableContainer jtrespo-scroll  ' ><div class='jtsettingcontainer' style='display:none;position:absolute;left:-9999px;'><textarea data-jtrt-table-id='2737' id='jtrt_table_settings_2737' cols='30' rows='10'>[[[\"Gruppennachmittag:\",\"Freitag 15.30 bis 18.00 (Sommer)\"],[null,\"Freitag 15:30 bis 17.30 (Winter)\"],[\"Adresse:\",\"Fr\\u00f6ruper Berge (Fr\\u00f6rupsand)\"],[\"Kontakt:\",\"<a href='mailto: wieselhorte@waldjugend-nord.de'>wieselhorte@waldjugend-nord.de<\\\/a>\"]],[{\"row\":0,\"col\":0,\"visualRow\":0,\"visualCol\":0,\"prop\":0,\"jtcellstyle\":{\"font-weight\":\"bold\"},\"className\":\"htLeft\"},{\"row\":0,\"col\":1,\"visualRow\":0,\"visualCol\":1,\"prop\":1,\"className\":\"htLeft\"},{\"row\":1,\"col\":0,\"visualRow\":1,\"visualCol\":0,\"prop\":0,\"className\":\"htLeft\"},{\"row\":1,\"col\":1,\"visualRow\":1,\"visualCol\":1,\"prop\":1,\"className\":\"htLeft\"},{\"row\":2,\"col\":0,\"visualRow\":2,\"visualCol\":0,\"prop\":0,\"className\":\"htLeft\",\"jtcellstyle\":{\"font-weight\":\"bold\"}},{\"row\":2,\"col\":1,\"visualRow\":2,\"visualCol\":1,\"prop\":1,\"className\":\"htLeft\"},{\"row\":3,\"col\":0,\"visualRow\":3,\"visualCol\":0,\"prop\":0,\"jtcellstyle\":{\"font-weight\":\"bold\"},\"className\":\"htLeft\"},{\"row\":3,\"col\":1,\"visualRow\":3,\"visualCol\":1,\"prop\":1,\"className\":\"htLeft\"}],[],[]]<\/textarea><textarea data-jtrt-table-id='2737' id='jtrt_table_bps_2737' cols='30' rows='10'>[]<\/textarea><\/div><table id='jtrt_table_2737' data-sorting='false' data-paging='false' data-paging-size='10' data-paging-menu='10,20,50,100' data-filtering='false' data-jtrt-table-id='2737' class='jtrt-table  ' ><thead><tr><th>Gruppennachmittag:<\/th><th>Freitag 15.30 bis 18.00 (Sommer)<\/th><\/tr><\/thead><tbody><tr><td><\/td><td>Freitag 15:30 bis 17.30 (Winter)<\/td><\/tr><tr><td>Adresse:<\/td><td>Fr\u00f6ruper Berge (Fr\u00f6rupsand)<\/td><\/tr><tr><td>Kontakt:<\/td><td><a href='mailto: wieselhorte@waldjugend-nord.de'>wieselhorte@waldjugend-nord.de<\/a><\/td><\/tr><\/tbody><\/table><\/div><\/div><img loading=\"lazy\" decoding=\"async\" class=\"size-medium wp-image-3042 alignleft\" src=\"https:\/\/waldjugend-nord.de\/wp-content\/uploads\/2019\/11\/Baulager-e1573802765769-207x300.jpg\" alt=\"\" width=\"207\" height=\"300\" \/><\/p>\n<\/div>\n<div style=\"text-align: justify;\">\n<p class=\"normal\"><span lang=\"de\" style=\"font-size: 12.0pt; line-height: 115%;\">Moin, <\/span><\/p>\n<p class=\"normal\"><span lang=\"de\" style=\"font-size: 12.0pt; line-height: 115%;\">wir sind die Wieselhorte Fr\u00f6rup und wir treffen uns jeden Freitag in unserer H\u00fctte in den Fr\u00f6ruper Bergen. Aktuell sind wir ca. 10-15 aktive Mitglieder*innen und jeder zwischen 7 und 27 ist bei uns herzlich willkommen. <\/span><\/p>\n<p class=\"normal\"><span lang=\"de\" style=\"font-size: 12.0pt; line-height: 115%;\">Unsere Horte wurde 1977 gegr\u00fcndet und seitdem findet unsere Gruppenstunde regelm\u00e4\u00dfig an oder in unserer H\u00fctte in den Fr\u00f6ruper Bergen statt. Die H\u00fctte ist eine alte Forstschutzh\u00fctte, die wir im Laufe der Zeit allerdings etwas umgebaut haben. So haben wir beispielsweise einen Werkzeugschuppen und einen Holzschuppen angebaut. Die H\u00fctte umfasst ebenfalls einen Schlafboden, auf dem wir \u00fcbernachten k\u00f6nnen und eine K\u00fcche mit Gasherd in der wir kochen k\u00f6nnen (wenn wir nicht gerade auf dem Feuer kochen). Da wir jedoch so viel wie m\u00f6glich drau\u00dfen aktiv sein wollen nutzen wir die H\u00fctte im Sommer eher selten.<\/span><\/p>\n<p class=\"normal\">\n<p class=\"normal\"><span lang=\"de\" style=\"font-size: 12.0pt; line-height: 115%;\">Auf unserem Gruppennachmittag bieten wir ein vielf\u00e4ltiges Programm rund um den Wald an. Wir betreiben sowohl aktiven Naturschutz, und helfen den Wald sauber und intakt zu halten, aber lernen auch viel \u00fcber den Wald, seine Flora und Fauna. Wenn unsere H\u00fctte oder der Wald keiner Pflege bedarf machen wir auch andere Dinge, wie Basteln, Spielen, Feuer machen, Waldl\u00e4ufer zeichen lernen und Anwenden und und und\u2026<\/span><\/p>\n<p class=\"normal\"><span lang=\"de\" style=\"font-size: 12.0pt; line-height: 115%;\">Wie jede andere Gruppe fahren auch wir regelm\u00e4\u00dfig auf Lager und treffen uns dort mit den anderen Gruppen in Deutschland oder auch nur Schleswig Holstein. Au\u00dferdem veranstalten wir auch selbst Lager auf unserer Wiese und jedes Jahr im Winter findet eine Gruppen \u00dcbernachtung in unserer H\u00fctte statt, bei der wir uns auf das Schafstallfest im Fr\u00f6ruper Schafstall vorbereiten (bei dem wir jedes Jahr einen Stand haben und Tschai verkaufen).<\/span><\/p>\n<p class=\"normal\"><span lang=\"de\" style=\"font-size: 12.0pt; line-height: 115%;\">Bei Interesse oder jeglicher Art von Fragen, k\u00f6nnt ihr euch gerne bei uns melden. Wir freuen uns \u00fcber jedes neue Mitglied und hoffen zuk\u00fcnftig viele neue Gesichter in unserer Gruppe begr\u00fc\u00dfen zu k\u00f6nnen. <\/span><\/p>\n<p class=\"normal\"><span lang=\"de\" style=\"font-size: 12.0pt; line-height: 115%;\">\u00a0<\/span><\/p>\n<p class=\"normal\"><span lang=\"de\" style=\"font-size: 12.0pt; line-height: 115%;\">Horrido!<\/span><\/p>\n<p class=\"normal\"><span lang=\"de\" style=\"font-size: 12.0pt; line-height: 115%;\">Die Wieselhorte Fr\u00f6rup<\/span><\/p>\n<\/div>\n","protected":false},"excerpt":{"rendered":"<p>Moin, wir sind die Wieselhorte Fr\u00f6rup und wir treffen uns jeden Freitag in unserer H\u00fctte in den Fr\u00f6ruper Bergen. Aktuell sind wir ca. 10-15 aktive Mitglieder*innen und jeder zwischen 7 und 27 ist bei uns herzlich willkommen. Unsere Horte wurde 1977 gegr\u00fcndet und seitdem findet unsere Gruppenstunde regelm\u00e4\u00dfig an oder &#8230;<\/p>\n","protected":false},"author":2,"featured_media":0,"parent":0,"menu_order":0,"comment_status":"closed","ping_status":"closed","template":"","meta":{"_lmt_disableupdate":"no","_lmt_disable":"","footnotes":""},"class_list":["post-264","page","type-page","status-publish","hentry","column","twocol"],"_links":{"self":[{"href":"https:\/\/waldjugend-nord.de\/index.php?rest_route=\/wp\/v2\/pages\/264","targetHints":{"allow":["GET"]}}],"collection":[{"href":"https:\/\/waldjugend-nord.de\/index.php?rest_route=\/wp\/v2\/pages"}],"about":[{"href":"https:\/\/waldjugend-nord.de\/index.php?rest_route=\/wp\/v2\/types\/page"}],"author":[{"embeddable":true,"href":"https:\/\/waldjugend-nord.de\/index.php?rest_route=\/wp\/v2\/users\/2"}],"replies":[{"embeddable":true,"href":"https:\/\/waldjugend-nord.de\/index.php?rest_route=%2Fwp%2Fv2%2Fcomments&post=264"}],"version-history":[{"count":9,"href":"https:\/\/waldjugend-nord.de\/index.php?rest_route=\/wp\/v2\/pages\/264\/revisions"}],"predecessor-version":[{"id":4111,"href":"https:\/\/waldjugend-nord.de\/index.php?rest_route=\/wp\/v2\/pages\/264\/revisions\/4111"}],"wp:attachment":[{"href":"https:\/\/waldjugend-nord.de\/index.php?rest_route=%2Fwp%2Fv2%2Fmedia&parent=264"}],"curies":[{"name":"wp","href":"https:\/\/api.w.org\/{rel}","templated":true}]}}