{"id":262,"date":"2017-08-09T13:49:06","date_gmt":"2017-08-09T11:49:06","guid":{"rendered":"https:\/\/waldjugend-nord.de\/?page_id=262"},"modified":"2022-11-26T17:56:34","modified_gmt":"2022-11-26T15:56:34","slug":"flensburg","status":"publish","type":"page","link":"https:\/\/waldjugend-nord.de\/?page_id=262","title":{"rendered":"Flensburg"},"content":{"rendered":"<p><img loading=\"lazy\" decoding=\"async\" class=\"wp-image-1637 size-full aligncenter\" src=\"https:\/\/waldjugend-nord.de\/wp-content\/uploads\/2017\/12\/Flensburg-1.png\" alt=\"\" width=\"800\" height=\"348\" srcset=\"https:\/\/waldjugend-nord.de\/wp-content\/uploads\/2017\/12\/Flensburg-1.png 800w, https:\/\/waldjugend-nord.de\/wp-content\/uploads\/2017\/12\/Flensburg-1-600x261.png 600w, https:\/\/waldjugend-nord.de\/wp-content\/uploads\/2017\/12\/Flensburg-1-300x131.png 300w, https:\/\/waldjugend-nord.de\/wp-content\/uploads\/2017\/12\/Flensburg-1-768x334.png 768w, https:\/\/waldjugend-nord.de\/wp-content\/uploads\/2017\/12\/Flensburg-1-700x305.png 700w\" sizes=\"auto, (max-width: 800px) 100vw, 800px\" \/><\/p>\n<div class='jtrt_table_MotherShipContainer'><div class='jtTableContainer jtrespo-scroll  ' ><div class='jtsettingcontainer' style='display:none;position:absolute;left:-9999px;'><textarea data-jtrt-table-id='2735' id='jtrt_table_settings_2735' cols='30' rows='10'>[[[\"Gruppennachmittag:\",\"\"],[\"Adresse:\",\"Marienh\\u00f6lzung Flensburg\"],[\"Kontakt:\",\"<a href=\\\"mailto:damhirschhorte.flensburg@gmail.com\\\">damhirschhorte.flensburg@gmail.com<\\\/a>\"]],[{\"row\":0,\"col\":0,\"visualRow\":0,\"visualCol\":0,\"prop\":0,\"jtcellstyle\":{\"font-weight\":\"bold\"},\"className\":\"htLeft\"},{\"row\":0,\"col\":1,\"visualRow\":0,\"visualCol\":1,\"prop\":1,\"className\":\"htLeft\",\"jtcellstyle\":{\"font-weight\":\"inherit\"}},{\"row\":1,\"col\":0,\"visualRow\":1,\"visualCol\":0,\"prop\":0,\"className\":\"htLeft\",\"jtcellstyle\":{\"font-weight\":\"bold\"}},{\"row\":1,\"col\":1,\"visualRow\":1,\"visualCol\":1,\"prop\":1,\"className\":\"htLeft\",\"jtcellstyle\":{\"font-weight\":\"inherit\"}},{\"row\":2,\"col\":0,\"visualRow\":2,\"visualCol\":0,\"prop\":0,\"jtcellstyle\":{\"font-weight\":\"bold\"},\"className\":\"htLeft\"},{\"row\":2,\"col\":1,\"visualRow\":2,\"visualCol\":1,\"prop\":1,\"jtcellstyle\":{\"font-weight\":\"inherit\"},\"className\":\"htLeft\"}],[],[]]<\/textarea><textarea data-jtrt-table-id='2735' id='jtrt_table_bps_2735' cols='30' rows='10'>[]<\/textarea><\/div><table id='jtrt_table_2735' data-sorting='false' data-paging='false' data-paging-size='10' data-paging-menu='10,20,50,100' data-filtering='false' data-jtrt-table-id='2735' class='jtrt-table  ' ><thead><tr><th>Gruppennachmittag:<\/th><th><\/th><\/tr><\/thead><tbody><tr><td>Adresse:<\/td><td>Marienh\u00f6lzung Flensburg<\/td><\/tr><tr><td>Kontakt:<\/td><td><a href=\"mailto:damhirschhorte.flensburg@gmail.com\">damhirschhorte.flensburg@gmail.com<\/a><\/td><\/tr><\/tbody><\/table><\/div><\/div>\n<div style=\"text-align: justify;\">\n<p>Moin, wir sind die Damhirschhorte aus Flensburg!<\/p>\n<\/div>\n<p><strong>Zurzeit finden keine Gruppenstunden statt.<\/strong><\/p>\n<div style=\"text-align: justify;\">\n<p>W\u00e4hrend der Gruppenstunden verbringen wir die Zeit in der Natur und lernen spielerisch unsere Umgebung kennen. Manchmal arbeiten wir an unserem Gruppenheim, das in einem an den Wald gelegenen Grundst\u00fcck im Kleingartenverein liegt. Dort machen wir auch Lagerfeuer, besch\u00e4ftigen uns kreativ, erleben Abenteuer und k\u00f6nnen regnerische Stunden verbringen. Als Gruppe nehmen wir regelm\u00e4\u00dfig an Lagern und Seminaren teil.\u00a0 Wir freuen uns, wenn du bei der n\u00e4chsten Gruppenstunde dabei bist!<\/p>\n<div style=\"text-align: justify;\"><img loading=\"lazy\" decoding=\"async\" class=\"size-medium wp-image-522 aligncenter\" src=\"https:\/\/waldjugend-nord.de\/wp-content\/uploads\/2017\/08\/Dammhirsch-266x300.png\" alt=\"\" width=\"266\" height=\"300\" \/><\/div>\n<\/div>\n","protected":false},"excerpt":{"rendered":"<p>Moin, wir sind die Damhirschhorte aus Flensburg! Zurzeit finden keine Gruppenstunden statt. W\u00e4hrend der Gruppenstunden verbringen wir die Zeit in der Natur und lernen spielerisch unsere Umgebung kennen. Manchmal arbeiten wir an unserem Gruppenheim, das in einem an den Wald gelegenen Grundst\u00fcck im Kleingartenverein liegt. Dort machen wir auch Lagerfeuer, &#8230;<\/p>\n","protected":false},"author":150,"featured_media":0,"parent":0,"menu_order":0,"comment_status":"closed","ping_status":"closed","template":"","meta":{"_lmt_disableupdate":"","_lmt_disable":"","footnotes":""},"class_list":["post-262","page","type-page","status-publish","hentry","column","twocol"],"_links":{"self":[{"href":"https:\/\/waldjugend-nord.de\/index.php?rest_route=\/wp\/v2\/pages\/262","targetHints":{"allow":["GET"]}}],"collection":[{"href":"https:\/\/waldjugend-nord.de\/index.php?rest_route=\/wp\/v2\/pages"}],"about":[{"href":"https:\/\/waldjugend-nord.de\/index.php?rest_route=\/wp\/v2\/types\/page"}],"author":[{"embeddable":true,"href":"https:\/\/waldjugend-nord.de\/index.php?rest_route=\/wp\/v2\/users\/150"}],"replies":[{"embeddable":true,"href":"https:\/\/waldjugend-nord.de\/index.php?rest_route=%2Fwp%2Fv2%2Fcomments&post=262"}],"version-history":[{"count":14,"href":"https:\/\/waldjugend-nord.de\/index.php?rest_route=\/wp\/v2\/pages\/262\/revisions"}],"predecessor-version":[{"id":4285,"href":"https:\/\/waldjugend-nord.de\/index.php?rest_route=\/wp\/v2\/pages\/262\/revisions\/4285"}],"wp:attachment":[{"href":"https:\/\/waldjugend-nord.de\/index.php?rest_route=%2Fwp%2Fv2%2Fmedia&parent=262"}],"curies":[{"name":"wp","href":"https:\/\/api.w.org\/{rel}","templated":true}]}}