{"id":252,"date":"2017-08-09T13:45:06","date_gmt":"2017-08-09T11:45:06","guid":{"rendered":"https:\/\/waldjugend-nord.de\/?page_id=252"},"modified":"2019-12-02T10:40:10","modified_gmt":"2019-12-02T08:40:10","slug":"partner","status":"publish","type":"page","link":"https:\/\/waldjugend-nord.de\/?page_id=252","title":{"rendered":"Unser Klimawald"},"content":{"rendered":"\n<p><strong>\u00dcber das Projekt<\/strong><\/p>\n\n\n\n<ul class=\"wp-block-gallery aligncenter columns-1 is-cropped wp-block-gallery-1 is-layout-flex wp-block-gallery-is-layout-flex\"><li class=\"blocks-gallery-item\"><figure><img loading=\"lazy\" decoding=\"async\" width=\"800\" height=\"348\" src=\"https:\/\/waldjugend-nord.de\/wp-content\/uploads\/2019\/10\/Klimawaldseminar-2019-1.jpg\" alt=\"\" data-id=\"3012\" data-link=\"https:\/\/waldjugend-nord.de\/?attachment_id=3012\" class=\"wp-image-3012\" srcset=\"https:\/\/waldjugend-nord.de\/wp-content\/uploads\/2019\/10\/Klimawaldseminar-2019-1.jpg 800w, https:\/\/waldjugend-nord.de\/wp-content\/uploads\/2019\/10\/Klimawaldseminar-2019-1-300x131.jpg 300w, https:\/\/waldjugend-nord.de\/wp-content\/uploads\/2019\/10\/Klimawaldseminar-2019-1-768x334.jpg 768w, https:\/\/waldjugend-nord.de\/wp-content\/uploads\/2019\/10\/Klimawaldseminar-2019-1-700x305.jpg 700w, https:\/\/waldjugend-nord.de\/wp-content\/uploads\/2019\/10\/Klimawaldseminar-2019-1-600x261.jpg 600w\" sizes=\"auto, (max-width: 800px) 100vw, 800px\" \/><figcaption>Klimawaldseminar-2019<\/figcaption><\/figure><\/li><\/ul>\n\n\n\n<p>In der N\u00e4he des Nord-Ostsee-Kanals bei Ostenfeld hat sich die Deutsche Waldjugend Lvb. Nord e.V. in Kooperation mit der <a href=\"https:\/\/www.stiftung-klimawald.de\/\">Stiftung Klimawald<\/a> ein umfangreiches und auf l\u00e4ngere Sicht sehr bedeutendes Projekt geschaffen.  <\/p>\n\n\n\n<p>Hier wurde\nbereits im April 2016 auf einem gemeinsamen Seminar die Anlage eines\nNeuwaldes geplant. \n<\/p>\n\n\n\n<p>Auf einer ca.\n12ha gro\u00dfen Fl\u00e4che, welche die Stiftung erwarb, entstehen durch die\nWaldjugend \u00fcber die Jahre diverse Naturschutzelemente f\u00fcr\nvielf\u00e4ltige Pflanzen-, Insekten- und Tierarten.  In mehreren\nForsteins\u00e4tzen bereiteten Waldjugend und Stiftung die Fl\u00e4che vor\nund setzen erste Elemente um, bis es im Dezember 2017 schlie\u00dflich\nzur letzten gro\u00dfen Bepflanzung kam. \n<\/p>\n\n\n\n<p>Doch damit nicht\ngenug. Die Fl\u00e4che wird durch die Waldjugend und die Stiftung\nweiterhin betreut. Es sollen noch Erholungselemente f\u00fcr Besucher\nfolgen und die B\u00e4ume werden bei weiteren Seminaren und\nForsteins\u00e4tzen stetig gez\u00e4hlt und gegebenenfalls nachgepflanzt. \n<\/p>\n\n\n\n<p><strong>\u00dcber die Stiftung Klimawald<\/strong><\/p>\n\n\n\n<div class=\"wp-block-image\"><figure class=\"aligncenter\"><img loading=\"lazy\" decoding=\"async\" width=\"313\" height=\"191\" src=\"https:\/\/waldjugend-nord.de\/wp-content\/uploads\/2017\/08\/Klimawald_Logo.png\" alt=\"\" class=\"wp-image-88\" srcset=\"https:\/\/waldjugend-nord.de\/wp-content\/uploads\/2017\/08\/Klimawald_Logo.png 313w, https:\/\/waldjugend-nord.de\/wp-content\/uploads\/2017\/08\/Klimawald_Logo-300x183.png 300w, https:\/\/waldjugend-nord.de\/wp-content\/uploads\/2017\/08\/Klimawald_Logo-268x164.png 268w\" sizes=\"auto, (max-width: 313px) 100vw, 313px\" \/><\/figure><\/div>\n\n\n\n<p>Wir sind die B\u00fcrger-Mitmach-Stiftung f\u00fcr mehr Wald in\nDeutschland, zum Wohle unseres Klimas und in Verantwortung f\u00fcr\nkommende Generationen. Die W\u00e4lder der Stiftung werden forstlich,\nnachhaltig und schonend genutzt.<\/p>\n\n\n\n<p>Unser Ziel ist \u2013 gemeinsam mit den B\u00fcrgern \u2013 neue W\u00e4lder in\nDeutschland zu pflanzen: W\u00e4lder, die bei ihrem Wachstum der\nAtmosph\u00e4re Kohlendioxid entziehen und in der Holzmasse binden.\nW\u00e4lder, die helfen den Klimawandel ein St\u00fcck weit zu bremsen\n(CO2-Senke). W\u00e4lder, die B\u00fcrgerw\u00e4lder sind und bleiben. Neue\nW\u00e4lder, die Klimaw\u00e4lder hei\u00dfen.<\/p>\n\n\n\n<p>Wir Stifter kommen aus langj\u00e4hriger ehrenamtlicher Arbeit bei der\nWaldjugend und SDW.<\/p>\n\n\n\n<p>Dar\u00fcber hinaus kl\u00e4rt die Stiftung Klimawald \u00fcber die Funktionen\nund den Nutzen von B\u00e4umen und W\u00e4ldern auf. Im Aufbau befinden sich\nkindgerecht aufbereitete Informationen zum Thema Klima und seinen\nWandel.<\/p>\n\n\n\n<p>Website : <a href=\"http:\/\/www.stiftung-klimawald.de\/\" target=\"_blank\" rel=\"noreferrer noopener\">www.stiftung-klimawald.de<\/a><\/p>\n","protected":false},"excerpt":{"rendered":"<p>\u00dcber das Projekt In der N\u00e4he des Nord-Ostsee-Kanals bei Ostenfeld hat sich die Deutsche Waldjugend Lvb. Nord e.V. in Kooperation mit der Stiftung Klimawald ein umfangreiches und auf l\u00e4ngere Sicht sehr bedeutendes Projekt geschaffen. Hier wurde bereits im April 2016 auf einem gemeinsamen Seminar die Anlage eines Neuwaldes geplant. Auf &#8230;<\/p>\n","protected":false},"author":2,"featured_media":0,"parent":0,"menu_order":0,"comment_status":"closed","ping_status":"closed","template":"","meta":{"_lmt_disableupdate":"","_lmt_disable":"","footnotes":""},"class_list":["post-252","page","type-page","status-publish","hentry","column","twocol"],"_links":{"self":[{"href":"https:\/\/waldjugend-nord.de\/index.php?rest_route=\/wp\/v2\/pages\/252","targetHints":{"allow":["GET"]}}],"collection":[{"href":"https:\/\/waldjugend-nord.de\/index.php?rest_route=\/wp\/v2\/pages"}],"about":[{"href":"https:\/\/waldjugend-nord.de\/index.php?rest_route=\/wp\/v2\/types\/page"}],"author":[{"embeddable":true,"href":"https:\/\/waldjugend-nord.de\/index.php?rest_route=\/wp\/v2\/users\/2"}],"replies":[{"embeddable":true,"href":"https:\/\/waldjugend-nord.de\/index.php?rest_route=%2Fwp%2Fv2%2Fcomments&post=252"}],"version-history":[{"count":8,"href":"https:\/\/waldjugend-nord.de\/index.php?rest_route=\/wp\/v2\/pages\/252\/revisions"}],"predecessor-version":[{"id":3186,"href":"https:\/\/waldjugend-nord.de\/index.php?rest_route=\/wp\/v2\/pages\/252\/revisions\/3186"}],"wp:attachment":[{"href":"https:\/\/waldjugend-nord.de\/index.php?rest_route=%2Fwp%2Fv2%2Fmedia&parent=252"}],"curies":[{"name":"wp","href":"https:\/\/api.w.org\/{rel}","templated":true}]}}