{"id":250,"date":"2017-08-09T13:44:29","date_gmt":"2017-08-09T11:44:29","guid":{"rendered":"https:\/\/waldjugend-nord.de\/?page_id=250"},"modified":"2024-08-09T10:15:49","modified_gmt":"2024-08-09T08:15:49","slug":"forderverein","status":"publish","type":"page","link":"https:\/\/waldjugend-nord.de\/?page_id=250","title":{"rendered":"F\u00f6rderverein"},"content":{"rendered":"<p><img loading=\"lazy\" decoding=\"async\" class=\"alignnone wp-image-494 size-full\" src=\"https:\/\/waldjugend-nord.de\/wp-content\/uploads\/2017\/08\/Foerderverein.png\" width=\"800\" height=\"348\" \/><\/p>\n<div style=\"text-align: justify;\">\n<p>Die Mitglieder der Waldjugend sind junge Menschen, die sich alle ehrenamtlich f\u00fcr den Erhalt und die Pflege von Natur und Landschaft einsetzen. Die meisten Waldl\u00e4ufer sind Sch\u00fcler, Auszubildende und Studenten, deshalb ist es f\u00fcr uns wichtig von verschiedenen Einrichtungen und Personen in unserer Arbeit unterst\u00fctzt zu werden.<\/p>\n<p>Jede\/er hat die M\u00f6glichkeit die Arbeit der Waldjugend Nord als F\u00f6rdermitglied zu unterst\u00fctzen. Der j\u00e4hrliche Mitgliedsbeitrag kommt der Waldjugendarbeit direkt zu gute und wenn Sie m\u00f6chten, geht ein Teil Ihres Mitgliedsbeitrages direkt an eine Waldjugendgruppe Ihrer Wahl. Als F\u00f6rdermitglied der Waldjugend Nord sind Sie eingeladen zu unserem j\u00e4hrlich stattfindenden Sommerfest und auch bei anderen Waldjugendveranstaltungen ein gern gesehener Gast.<\/p>\n<p>Wenn Sie Interesse an einer F\u00f6rdermitgliedschaft haben, setzen Sie sich bitte mit unserem Gesch\u00e4ftsf\u00fchrerin <a href=\"mailto:info@waldjugend-nord.de\">Stine Schinz<\/a> in Verbindung.<\/p>\n<\/div>\n","protected":false},"excerpt":{"rendered":"<p>Die Mitglieder der Waldjugend sind junge Menschen, die sich alle ehrenamtlich f\u00fcr den Erhalt und die Pflege von Natur und Landschaft einsetzen. Die meisten Waldl\u00e4ufer sind Sch\u00fcler, Auszubildende und Studenten, deshalb ist es f\u00fcr uns wichtig von verschiedenen Einrichtungen und Personen in unserer Arbeit unterst\u00fctzt zu werden. Jede\/er hat die &#8230;<\/p>\n","protected":false},"author":2,"featured_media":0,"parent":0,"menu_order":0,"comment_status":"closed","ping_status":"closed","template":"","meta":{"_lmt_disableupdate":"","_lmt_disable":"","footnotes":""},"class_list":["post-250","page","type-page","status-publish","hentry","column","twocol"],"_links":{"self":[{"href":"https:\/\/waldjugend-nord.de\/index.php?rest_route=\/wp\/v2\/pages\/250","targetHints":{"allow":["GET"]}}],"collection":[{"href":"https:\/\/waldjugend-nord.de\/index.php?rest_route=\/wp\/v2\/pages"}],"about":[{"href":"https:\/\/waldjugend-nord.de\/index.php?rest_route=\/wp\/v2\/types\/page"}],"author":[{"embeddable":true,"href":"https:\/\/waldjugend-nord.de\/index.php?rest_route=\/wp\/v2\/users\/2"}],"replies":[{"embeddable":true,"href":"https:\/\/waldjugend-nord.de\/index.php?rest_route=%2Fwp%2Fv2%2Fcomments&post=250"}],"version-history":[{"count":7,"href":"https:\/\/waldjugend-nord.de\/index.php?rest_route=\/wp\/v2\/pages\/250\/revisions"}],"predecessor-version":[{"id":4822,"href":"https:\/\/waldjugend-nord.de\/index.php?rest_route=\/wp\/v2\/pages\/250\/revisions\/4822"}],"wp:attachment":[{"href":"https:\/\/waldjugend-nord.de\/index.php?rest_route=%2Fwp%2Fv2%2Fmedia&parent=250"}],"curies":[{"name":"wp","href":"https:\/\/api.w.org\/{rel}","templated":true}]}}