{"id":248,"date":"2017-08-09T13:43:59","date_gmt":"2017-08-09T11:43:59","guid":{"rendered":"https:\/\/waldjugend-nord.de\/?page_id=248"},"modified":"2017-08-09T13:43:59","modified_gmt":"2017-08-09T11:43:59","slug":"geschichte","status":"publish","type":"page","link":"https:\/\/waldjugend-nord.de\/?page_id=248","title":{"rendered":"Geschichte"},"content":{"rendered":"<div style=\"align: 'justify;';\"><img loading=\"lazy\" decoding=\"async\" class=\"alignnone wp-image-493 size-full\" src=\"https:\/\/waldjugend-nord.de\/wp-content\/uploads\/2017\/08\/geschichte_1.png\" width=\"800\" height=\"348\" \/><\/div>\n<div style=\"text-align: justify;\">Die Deutsche Waldjugend (DWJ) ist die Jugendorganisation der Schutzgemeinschaft Deutscher Wald (SDW).<\/div>\n<div style=\"text-align: justify;\"><\/div>\n<div style=\"text-align: justify;\">Diese wurde 1947 gegr\u00fcndet und gilt in Deutschland als erste B\u00fcrgerinitiative im Natur- und Umweltschutz. Sie wurde mit dem Ziel gegr\u00fcndet, den Zerst\u00f6rungen in den deutschen <img loading=\"lazy\" decoding=\"async\" class=\"size-medium wp-image-344 alignright\" src=\"https:\/\/waldjugend-nord.de\/wp-content\/uploads\/2017\/08\/3-300x297.jpg\" alt=\"\" width=\"300\" height=\"297\" \/>W\u00e4ldern nach dem 2. Weltkrieg Einhalt zu gebieten und die Waldbest\u00e4nde wieder neu aufzubauen. An die SDW angelehnt arbeiteten bald zahlreiche Jugendgruppen. Diesen gab Klaus Gundelach am 21.2.1957 in Schleswig-Holstein den Namen &#8220;Deutsche Waldjugend&#8221; und eine einheitliche Satzung, die in ihren Grundz\u00fcgen heute noch Richtschnur der Verbandsarbeit ist. Gr\u00fcndungsv\u00e4ter waren dabei neben Forstleuten, die erkannten hatten, wie wichtig Umwelterziehung f\u00fcr die Jugend in Zukunft sein w\u00fcrde, vielfach Lehrer, die man heute als Umweltp\u00e4dagogen bezeichnen w\u00fcrde.<\/div>\n<div style=\"text-align: justify;\"><\/div>\n<div style=\"text-align: justify;\">Dem ersten Schritt folgten bald Gr\u00fcndungen von Landesverb\u00e4nden in Hamburg, Rheinland-Pfalz, Nordrhein-Westfalen, Niedersachsen und Hessen sowie sp\u00e4ter in Bayern und im Saarland. 1987 wurde der Landesverband Berlin gegr\u00fcndet.Nach 1990 entstanden auch in den meisten \u00f6stlichen Bundesl\u00e4ndern rasch neue Landesverb\u00e4nde.<\/div>\n<div style=\"text-align: justify;\"><\/div>\n<div style=\"text-align: justify;\">Sie wurden in der Reihenfolge Th\u00fcringen, Sachsen und Brandenburg in den Bundesverband aufgenommen. Die Gruppen in Mecklenburg-Vorpommern geh\u00f6ren zum Landesverband Nord. Der Landesverband Sachsen-Anhalt ist noch im Aufbau.1966 schlossen sich die Landesverb\u00e4nde <img loading=\"lazy\" decoding=\"async\" class=\"size-medium wp-image-345 alignleft\" src=\"https:\/\/waldjugend-nord.de\/wp-content\/uploads\/2017\/08\/17-300x201.jpg\" alt=\"\" width=\"300\" height=\"201\" \/>zum Bundesverband der DWJ zusammen.<\/div>\n<div style=\"text-align: justify;\">Dieser war zun\u00e4chst Jugendverband in der SDW. Seit 1978 ist der Bundesverband selbst\u00e4ndiger, eingetragener Verein, der als gemeinn\u00fctzig und als f\u00f6rderungsf\u00e4hig nach dem Kinder- und Jugendhilfegesetz anerkannt ist.Die DWJ war zun\u00e4chst ein reiner &#8220;Jugendnaturschutzverband&#8221;. Dies \u00e4nderte sich, nach dem Gruppen aus der Jungenschaft und anderen Jugendb\u00fcnden in die DWJ aufgenommen wurden. Sie brachten das b\u00fcndische Brauchtum in den Verband, das hier rasch Verbreitung fand.<\/div>\n<div style=\"text-align: justify;\"><\/div>\n<div style=\"text-align: justify;\">\n<p>Seit 1977 \u00f6ffnete sich die DWJ zunehmend anderen Jugendverb\u00e4nden. Sie nahm am \u00fcberb\u00fcndischen Treffen auf der Schw\u00e4bischen Alb und am Treffen auf dem Mei\u00dfner teil. Als Folge dieser \u00d6ffnung wurde sie 1980 in den Arbeitskreis zentraler Jugendverb\u00e4nde (AzJ) aufgenommen und erhielt so Anschluss an den Bundesjugendring. Au\u00dferdem beteiligte sie sich zunehmend an den Programmen der IJAB.<\/p>\n<\/div>\n","protected":false},"excerpt":{"rendered":"<p>Die Deutsche Waldjugend (DWJ) ist die Jugendorganisation der Schutzgemeinschaft Deutscher Wald (SDW). Diese wurde 1947 gegr\u00fcndet und gilt in Deutschland als erste B\u00fcrgerinitiative im Natur- und Umweltschutz. Sie wurde mit dem Ziel gegr\u00fcndet, den Zerst\u00f6rungen in den deutschen W\u00e4ldern nach dem 2. Weltkrieg Einhalt zu gebieten und die Waldbest\u00e4nde wieder &#8230;<\/p>\n","protected":false},"author":2,"featured_media":0,"parent":0,"menu_order":0,"comment_status":"closed","ping_status":"closed","template":"","meta":{"_lmt_disableupdate":"","_lmt_disable":"","footnotes":""},"class_list":["post-248","page","type-page","status-publish","hentry","column","twocol"],"_links":{"self":[{"href":"https:\/\/waldjugend-nord.de\/index.php?rest_route=\/wp\/v2\/pages\/248","targetHints":{"allow":["GET"]}}],"collection":[{"href":"https:\/\/waldjugend-nord.de\/index.php?rest_route=\/wp\/v2\/pages"}],"about":[{"href":"https:\/\/waldjugend-nord.de\/index.php?rest_route=\/wp\/v2\/types\/page"}],"author":[{"embeddable":true,"href":"https:\/\/waldjugend-nord.de\/index.php?rest_route=\/wp\/v2\/users\/2"}],"replies":[{"embeddable":true,"href":"https:\/\/waldjugend-nord.de\/index.php?rest_route=%2Fwp%2Fv2%2Fcomments&post=248"}],"version-history":[{"count":1,"href":"https:\/\/waldjugend-nord.de\/index.php?rest_route=\/wp\/v2\/pages\/248\/revisions"}],"predecessor-version":[{"id":249,"href":"https:\/\/waldjugend-nord.de\/index.php?rest_route=\/wp\/v2\/pages\/248\/revisions\/249"}],"wp:attachment":[{"href":"https:\/\/waldjugend-nord.de\/index.php?rest_route=%2Fwp%2Fv2%2Fmedia&parent=248"}],"curies":[{"name":"wp","href":"https:\/\/api.w.org\/{rel}","templated":true}]}}