{"id":245,"date":"2017-08-09T13:42:49","date_gmt":"2017-08-09T11:42:49","guid":{"rendered":"https:\/\/waldjugend-nord.de\/?page_id=245"},"modified":"2017-10-31T13:04:13","modified_gmt":"2017-10-31T11:04:13","slug":"dwj-nord-e-v","status":"publish","type":"page","link":"https:\/\/waldjugend-nord.de\/?page_id=245","title":{"rendered":"Landesverband Nord e.V."},"content":{"rendered":"<p><img loading=\"lazy\" decoding=\"async\" class=\"alignnone wp-image-495 size-full\" src=\"https:\/\/waldjugend-nord.de\/wp-content\/uploads\/2017\/08\/DWJ-Norde.V..png\" width=\"800\" height=\"348\" \/><\/p>\n<div style=\"text-align: justify;\">\n<p>Die Deutsche Waldjugend Landesverband Nord e.V. ist Mitglied im Bundesverband der Deutschen Waldjugend und im Erwachsenenverband Schutzgemeinschaft Deutscher Wald. Sie ist ein als gemeinn\u00fctzig anerkannter Verein, dessen Vereinsarbeit weder parteipolitisch, konfessionell noch weltanschaulich gebunden ist. Unsere Struktur ist basisdemokratisch.<\/p>\n<p>\u00c4u\u00dferes Zeichen der Zusammengeh\u00f6rigkeit der Waldjugend ist eine einheitliche Kluft, bestehend aus einem gr\u00fcnen Hemd mit einem schwarz-gr\u00fcnem Halstuch.<\/p>\n<\/div>\n","protected":false},"excerpt":{"rendered":"<p>Die Deutsche Waldjugend Landesverband Nord e.V. ist Mitglied im Bundesverband der Deutschen Waldjugend und im Erwachsenenverband Schutzgemeinschaft Deutscher Wald. Sie ist ein als gemeinn\u00fctzig anerkannter Verein, dessen Vereinsarbeit weder parteipolitisch, konfessionell noch weltanschaulich gebunden ist. Unsere Struktur ist basisdemokratisch. \u00c4u\u00dferes Zeichen der Zusammengeh\u00f6rigkeit der Waldjugend ist eine einheitliche Kluft, bestehend &#8230;<\/p>\n","protected":false},"author":2,"featured_media":0,"parent":0,"menu_order":0,"comment_status":"closed","ping_status":"closed","template":"","meta":{"_lmt_disableupdate":"","_lmt_disable":"","footnotes":""},"class_list":["post-245","page","type-page","status-publish","hentry","column","twocol"],"_links":{"self":[{"href":"https:\/\/waldjugend-nord.de\/index.php?rest_route=\/wp\/v2\/pages\/245","targetHints":{"allow":["GET"]}}],"collection":[{"href":"https:\/\/waldjugend-nord.de\/index.php?rest_route=\/wp\/v2\/pages"}],"about":[{"href":"https:\/\/waldjugend-nord.de\/index.php?rest_route=\/wp\/v2\/types\/page"}],"author":[{"embeddable":true,"href":"https:\/\/waldjugend-nord.de\/index.php?rest_route=\/wp\/v2\/users\/2"}],"replies":[{"embeddable":true,"href":"https:\/\/waldjugend-nord.de\/index.php?rest_route=%2Fwp%2Fv2%2Fcomments&post=245"}],"version-history":[{"count":5,"href":"https:\/\/waldjugend-nord.de\/index.php?rest_route=\/wp\/v2\/pages\/245\/revisions"}],"predecessor-version":[{"id":1270,"href":"https:\/\/waldjugend-nord.de\/index.php?rest_route=\/wp\/v2\/pages\/245\/revisions\/1270"}],"wp:attachment":[{"href":"https:\/\/waldjugend-nord.de\/index.php?rest_route=%2Fwp%2Fv2%2Fmedia&parent=245"}],"curies":[{"name":"wp","href":"https:\/\/api.w.org\/{rel}","templated":true}]}}