{"id":229,"date":"2017-08-09T13:38:26","date_gmt":"2017-08-09T11:38:26","guid":{"rendered":"https:\/\/waldjugend-nord.de\/?page_id=229"},"modified":"2019-01-07T17:29:26","modified_gmt":"2019-01-07T15:29:26","slug":"229-2","status":"publish","type":"page","link":"https:\/\/waldjugend-nord.de\/?page_id=229","title":{"rendered":"Intern"},"content":{"rendered":"<p><img loading=\"lazy\" decoding=\"async\" class=\"alignnone wp-image-1224 size-full\" src=\"https:\/\/waldjugend-nord.de\/wp-content\/uploads\/2017\/08\/Download.png\" alt=\"\" width=\"800\" height=\"348\" \/><\/p>\n<p>Hier findet ihr viele n\u00fctzliche Ideen und Anregungen f\u00fcr die t\u00e4gliche Arbeit in den Gruppen. Von <a href=\"https:\/\/waldjugend-nord.de\/?page_id=628\"><strong>Spielen<\/strong><\/a> \u00fcber <a href=\"https:\/\/waldjugend-nord.de\/?page_id=411\"><strong>Basteltipps<\/strong><\/a> bis hin zu<strong> <a href=\"https:\/\/waldjugend-nord.de\/?page_id=632\">Kochrezepten<\/a><\/strong> ist alles zu finden.<br \/>\nF\u00fcr angehende Sp\u00e4her haben wir die Rubrik <a href=\"https:\/\/waldjugend-nord.de\/?page_id=614\"><strong>Wissen<\/strong><\/a> angelegt, in der ihr die biologischen Beitr\u00e4ge der Nord-Nachrichten findet. Diese sind f\u00fcr eure Vorbereitung zur Sp\u00e4herprobe, aber auch f\u00fcr eure eigenes Wissen \u00fcber die Natur eine gute Grundlage.<\/p>\n<p>Nat\u00fcrlich freuen wir uns auch, wenn ihr eure eigenen Ideen oder Erfahrungen vorstellt und f\u00fcr andere Gruppen zur Verf\u00fcgung stellt.<\/p>\n<p>Mit freundlicher Unterst\u00fctzung der <strong><a href=\"https:\/\/waldjugend-nord.de\/?page_id=462\" target=\"_blank\" rel=\"noopener\">NN-Redaktion<\/a><\/strong>, welche die Rubriken (hoffentlich) st\u00e4ndig durch neue NN-Beitr\u00e4ge Aktualisiert.<\/p>\n<p>Hier k\u00f6nnt ihr gerne eure eignen Inhalte einreichen: <a href=\"mailto:gesa@waldjugend-nord.de\"><strong>Mail an Gesa Derda<\/strong><\/a> (Web-Design und Grafik)<\/p>\n","protected":false},"excerpt":{"rendered":"<p>Hier findet ihr viele n\u00fctzliche Ideen und Anregungen f\u00fcr die t\u00e4gliche Arbeit in den Gruppen. Von Spielen \u00fcber Basteltipps bis hin zu Kochrezepten ist alles zu finden. F\u00fcr angehende Sp\u00e4her haben wir die Rubrik Wissen angelegt, in der ihr die biologischen Beitr\u00e4ge der Nord-Nachrichten findet. Diese sind f\u00fcr eure Vorbereitung &#8230;<\/p>\n","protected":false},"author":2,"featured_media":0,"parent":0,"menu_order":0,"comment_status":"closed","ping_status":"closed","template":"","meta":{"_lmt_disableupdate":"","_lmt_disable":"","footnotes":""},"class_list":["post-229","page","type-page","status-publish","hentry","column","twocol"],"_links":{"self":[{"href":"https:\/\/waldjugend-nord.de\/index.php?rest_route=\/wp\/v2\/pages\/229","targetHints":{"allow":["GET"]}}],"collection":[{"href":"https:\/\/waldjugend-nord.de\/index.php?rest_route=\/wp\/v2\/pages"}],"about":[{"href":"https:\/\/waldjugend-nord.de\/index.php?rest_route=\/wp\/v2\/types\/page"}],"author":[{"embeddable":true,"href":"https:\/\/waldjugend-nord.de\/index.php?rest_route=\/wp\/v2\/users\/2"}],"replies":[{"embeddable":true,"href":"https:\/\/waldjugend-nord.de\/index.php?rest_route=%2Fwp%2Fv2%2Fcomments&post=229"}],"version-history":[{"count":6,"href":"https:\/\/waldjugend-nord.de\/index.php?rest_route=\/wp\/v2\/pages\/229\/revisions"}],"predecessor-version":[{"id":2442,"href":"https:\/\/waldjugend-nord.de\/index.php?rest_route=\/wp\/v2\/pages\/229\/revisions\/2442"}],"wp:attachment":[{"href":"https:\/\/waldjugend-nord.de\/index.php?rest_route=%2Fwp%2Fv2%2Fmedia&parent=229"}],"curies":[{"name":"wp","href":"https:\/\/api.w.org\/{rel}","templated":true}]}}