{"id":225,"date":"2017-08-09T13:36:58","date_gmt":"2017-08-09T11:36:58","guid":{"rendered":"https:\/\/waldjugend-nord.de\/?page_id=225"},"modified":"2024-02-11T14:29:19","modified_gmt":"2024-02-11T12:29:19","slug":"landeszentrum-2","status":"publish","type":"page","link":"https:\/\/waldjugend-nord.de\/?page_id=225","title":{"rendered":"Landeszentrum"},"content":{"rendered":"<div style=\"text-align: justify;\">\n<p><img loading=\"lazy\" decoding=\"async\" class=\"alignnone wp-image-497 size-full\" src=\"https:\/\/waldjugend-nord.de\/wp-content\/uploads\/2017\/08\/landeszentrum.png\" width=\"800\" height=\"348\" \/><\/p>\n<p>In direkter Nachbarschaft der F\u00f6rsterei H\u00fctten befindet sich das Landeszentrum der Deutschen Waldjugend Lvb. Nord e.V.<br \/>\nSeit \u00fcber 30 Jahren wird die Jugendbildungsst\u00e4tte in Zusammenarbeit mit den schleswig-holsteinischen Landesforsten betrieben. Dieser Treffpunkt der Waldjugend und Hort der Waldp\u00e4dagogik in Schleswig-Holstein Waldp\u00e4dagogik ist der Schl\u00fcssel zu unvergesslichen Erlebnissen in und mit der Natur.<\/p>\n<p>Das Landeszentrum umfasst eine Holzh\u00fctte mit einem gro\u00dfen Versammlungsraum im Erdgeschoss und einem Schlaf- und Mehrzweckraum im Dachgeschoss sowie ein Wirtschaftsgeb\u00e4ude mit allem, was zur Versorgung einer Jugendgruppe notwendig ist. Es bietet Platz f\u00fcr bis zu 25 \u00dcbernachtungsg\u00e4ste. Im Erdgeschoss des Wirtschaftsgeb\u00e4udes befinden sich eine Industriek\u00fcche sowie Waschr\u00e4ume f\u00fcr M\u00e4dchen und Jungen mit jeweils drei Duschen. Ein Gruppenraum im Obergeschoss dient als Treffpunkt f\u00fcr die in H\u00fctten ans\u00e4ssigen Ortsgruppen der Waldjugend. Bei schlechtem Wetter k\u00f6nnen sich die G\u00e4ste in die Remise unter dem Wirtschaftsgeb\u00e4ude zur\u00fcckziehen. Etwa 60 Personen finden dort problemlos Platz. Zwischen den beiden Hauptgeb\u00e4uden liegt eine gro\u00dfe Lagerfeuerstelle, umgeben von Tischen und B\u00e4nken f\u00fcr rund 60 Personen.<\/p>\n<p>Eine \u00fcberdachte Grillstation und ein Holzschuppen zum Lagern des Brennholzes erg\u00e4nzen das Ensemble. Rund 200 Meter vom Landeszentrum entfernt liegt unter 200-j\u00e4hrigen Buchen ein Zeltlagerplatz, geeignet f\u00fcr bis zu 20 Zelte und rund 80 Besucher. In der Mitte des Platzes befindet sich eine Lagerfeuerstelle mit Tischen und B\u00e4nken f\u00fcr 60 Personen \u2013 ein ebenso praktisches wie idyllischer Lagerplatz f\u00fcr Erkundungstouren im Wald.<\/p>\n<p>Patenforst der Waldjugend ist das angrenzende rund 170 Hektar gro\u00dfe Waldgehege Krummland. Das artenreiche, vielschichtige Waldgebiet dient als \u00bbKlassenzimmer im Gr\u00fcnen\u00ab.<\/p>\n<p>Viele wertvolle Quell- und Feuchtbereiche sowie offene, von Erlen, Weiden und Eschen ges\u00e4umte Gr\u00e4ben und B\u00e4che geh\u00f6ren zum Biotopbestand. Eine \u00fcppige Bodenflora mit seltenen Pflanzen pr\u00e4gt das Bild dieses naturnahen Geheges. Besonders eindrucksvoll sind die im Wald eingeschlossene Feuchtwiesen mit Orchideenvorkommen.<\/p>\n<p>Unser Landeszentrum vermieten wir gerne an andere Jugendgruppen\/-vereine, die unser Gel\u00e4nde f\u00fcr Tages- oder Wochenendveranstaltungen nutzen wollen. Bei Interesse schreibt gerne eine Nachricht an Annika Valentin-Russell: <a href=\"mailto:annika.valentin@forst-sh.de\" target=\"_blank\" rel=\"noopener noreferrer\">annika.valentin@forst-sh.de<\/a><\/p>\n<p><iframe loading=\"lazy\" style=\"border: 0;\" src=\"https:\/\/www.google.com\/maps\/embed?pb=!1m14!1m8!1m3!1d2320.1977565611437!2d9.6940261!3d54.441796!3m2!1i1024!2i768!4f13.1!3m3!1m2!1s0x0%3A0x1c7f7cdd21dad834!2sDeutsche+Waldjugend+Lvb.+Nord+Landeszentrum!5e0!3m2!1sde!2sde!4v1504951459771\" width=\"600\" height=\"450\" frameborder=\"0\" allowfullscreen=\"allowfullscreen\"><\/iframe><\/p>\n<\/div>\n","protected":false},"excerpt":{"rendered":"<p>In direkter Nachbarschaft der F\u00f6rsterei H\u00fctten befindet sich das Landeszentrum der Deutschen Waldjugend Lvb. Nord e.V. Seit \u00fcber 30 Jahren wird die Jugendbildungsst\u00e4tte in Zusammenarbeit mit den schleswig-holsteinischen Landesforsten betrieben. Dieser Treffpunkt der Waldjugend und Hort der Waldp\u00e4dagogik in Schleswig-Holstein Waldp\u00e4dagogik ist der Schl\u00fcssel zu unvergesslichen Erlebnissen in und mit &#8230;<\/p>\n","protected":false},"author":2,"featured_media":0,"parent":0,"menu_order":0,"comment_status":"closed","ping_status":"closed","template":"","meta":{"_lmt_disableupdate":"","_lmt_disable":"","footnotes":""},"class_list":["post-225","page","type-page","status-publish","hentry","column","twocol"],"_links":{"self":[{"href":"https:\/\/waldjugend-nord.de\/index.php?rest_route=\/wp\/v2\/pages\/225","targetHints":{"allow":["GET"]}}],"collection":[{"href":"https:\/\/waldjugend-nord.de\/index.php?rest_route=\/wp\/v2\/pages"}],"about":[{"href":"https:\/\/waldjugend-nord.de\/index.php?rest_route=\/wp\/v2\/types\/page"}],"author":[{"embeddable":true,"href":"https:\/\/waldjugend-nord.de\/index.php?rest_route=\/wp\/v2\/users\/2"}],"replies":[{"embeddable":true,"href":"https:\/\/waldjugend-nord.de\/index.php?rest_route=%2Fwp%2Fv2%2Fcomments&post=225"}],"version-history":[{"count":6,"href":"https:\/\/waldjugend-nord.de\/index.php?rest_route=\/wp\/v2\/pages\/225\/revisions"}],"predecessor-version":[{"id":4711,"href":"https:\/\/waldjugend-nord.de\/index.php?rest_route=\/wp\/v2\/pages\/225\/revisions\/4711"}],"wp:attachment":[{"href":"https:\/\/waldjugend-nord.de\/index.php?rest_route=%2Fwp%2Fv2%2Fmedia&parent=225"}],"curies":[{"name":"wp","href":"https:\/\/api.w.org\/{rel}","templated":true}]}}