{"id":2192,"date":"2018-11-25T14:44:26","date_gmt":"2018-11-25T12:44:26","guid":{"rendered":"https:\/\/waldjugend-nord.de\/?page_id=2192"},"modified":"2019-01-20T00:31:07","modified_gmt":"2019-01-19T22:31:07","slug":"paedagogisches-konzept-die-spaeherproben","status":"publish","type":"page","link":"https:\/\/waldjugend-nord.de\/?page_id=2192","title":{"rendered":"P\u00e4dagogisches Konzept"},"content":{"rendered":"<p><img loading=\"lazy\" decoding=\"async\" class=\"aligncenter wp-image-2196 size-full\" src=\"https:\/\/waldjugend-nord.de\/wp-content\/uploads\/2018\/11\/Bild-Format.png\" alt=\"\" width=\"800\" height=\"348\" srcset=\"https:\/\/waldjugend-nord.de\/wp-content\/uploads\/2018\/11\/Bild-Format.png 800w, https:\/\/waldjugend-nord.de\/wp-content\/uploads\/2018\/11\/Bild-Format-300x131.png 300w, https:\/\/waldjugend-nord.de\/wp-content\/uploads\/2018\/11\/Bild-Format-768x334.png 768w, https:\/\/waldjugend-nord.de\/wp-content\/uploads\/2018\/11\/Bild-Format-700x305.png 700w, https:\/\/waldjugend-nord.de\/wp-content\/uploads\/2018\/11\/Bild-Format-600x261.png 600w\" sizes=\"auto, (max-width: 800px) 100vw, 800px\" \/><\/p>\n<p><strong>Was sind Sp\u00e4herpunkte?<\/strong><\/p>\n<p>Wir von der Waldjugend wollen mit unserem p\u00e4dagogisches Konzept f\u00fcr Jung und Alt etwas f\u00fcr die geistige und sittliche Bildung rund um das Thema Umweltschutz, Gruppendynamik und musische Arbeit leisten.<\/p>\n<p><strong>Wie viele Sp\u00e4herpunkte gibt es?<\/strong><\/p>\n<p>Zusammen mit der Gr\u00fcndung unseres Vereins wurden die <a href=\"https:\/\/waldjugend-nord.de\/?page_id=2198\" target=\"_blank\" rel=\"noopener\">24 Sp\u00e4herproben + die Hegerprobe<\/a> festgelegt, die je nach Interesse und Schwierigkeitsgrad von den Kindern und Jugendlichen erf\u00fcllt werden k\u00f6nnen. Diese Punkte wurden in ihren Inhalten so aufgearbeitet, dass sie einzeln oder in der Gruppe im Rahmen der Gruppenstunden\/ Seminaren und Lager erlernt und erf\u00fcllt werden k\u00f6nnen. Von 15 B\u00e4ume und Str\u00e4ucher kennen, \u00fcber das Navigieren mit Kompass und Karte, bis zum Anfertigen einer Werkarbeit ist alles dabei!<\/p>\n<p><strong>Wann und wie legt man die Punkte ab?<\/strong><\/p>\n<p>Die Punkte k\u00f6nnen bei Waldl\u00e4ufern, die die Punkte bereits erf\u00fcllt haben oder den eigenen Gruppenleitern abgenommen und im Waldl\u00e4uferpass eingetragen werden.<\/p>\n<p><strong>Was hat man davon?<\/strong><\/p>\n<p>Ab 10 erf\u00fcllten Punkten wird man dann in einem feierlichen Rahmen zum Kundschafter ernannt. Daf\u00fcr erhalten die Waldl\u00e4ufer*Innen die gr\u00fcne Kordel, die man stolz um das Waldl\u00e4uferabzeichen an der Kluft tragen darf.<\/p>\n<p>Wer alle 24 Punkte erf\u00fcllt hat, ist nicht nur sehr schlau und geschickt, sondern erh\u00e4lt als neuer Sp\u00e4her*In die silberne Kordel.<\/p>\n<p>F\u00fcr die Hegerprobe bietet die Bundeshorte (die B\u00fcffelhorte) die M\u00f6glichkeit sich die goldene Kordel zu verdienen.<\/p>\n<p><strong>Das klingt nach viel Arbeit&#8230;<\/strong><\/p>\n<p>Aber lasst euch von R\u00e4ngen und Pr\u00fcfungen nicht abschrecken. Wir sind hier nicht in der Schule. Jede Anstrengung und Bem\u00fchung zahlt sich aus. Also schnappt euch eure Bestimmungsb\u00fccher, geht hinaus in den Wald und probiert euch aus.<\/p>\n<blockquote><p>Alle Heger*Innen fangen einmal als kleine Kundschafter*Innen an!<\/p><\/blockquote>\n","protected":false},"excerpt":{"rendered":"<p>Was sind Sp\u00e4herpunkte? Wir von der Waldjugend wollen mit unserem p\u00e4dagogisches Konzept f\u00fcr Jung und Alt etwas f\u00fcr die geistige und sittliche Bildung rund um das Thema Umweltschutz, Gruppendynamik und musische Arbeit leisten. Wie viele Sp\u00e4herpunkte gibt es? Zusammen mit der Gr\u00fcndung unseres Vereins wurden die 24 Sp\u00e4herproben + die &#8230;<\/p>\n","protected":false},"author":2,"featured_media":0,"parent":0,"menu_order":0,"comment_status":"closed","ping_status":"closed","template":"","meta":{"_lmt_disableupdate":"","_lmt_disable":"","footnotes":""},"class_list":["post-2192","page","type-page","status-publish","hentry","column","twocol"],"_links":{"self":[{"href":"https:\/\/waldjugend-nord.de\/index.php?rest_route=\/wp\/v2\/pages\/2192","targetHints":{"allow":["GET"]}}],"collection":[{"href":"https:\/\/waldjugend-nord.de\/index.php?rest_route=\/wp\/v2\/pages"}],"about":[{"href":"https:\/\/waldjugend-nord.de\/index.php?rest_route=\/wp\/v2\/types\/page"}],"author":[{"embeddable":true,"href":"https:\/\/waldjugend-nord.de\/index.php?rest_route=\/wp\/v2\/users\/2"}],"replies":[{"embeddable":true,"href":"https:\/\/waldjugend-nord.de\/index.php?rest_route=%2Fwp%2Fv2%2Fcomments&post=2192"}],"version-history":[{"count":9,"href":"https:\/\/waldjugend-nord.de\/index.php?rest_route=\/wp\/v2\/pages\/2192\/revisions"}],"predecessor-version":[{"id":2483,"href":"https:\/\/waldjugend-nord.de\/index.php?rest_route=\/wp\/v2\/pages\/2192\/revisions\/2483"}],"wp:attachment":[{"href":"https:\/\/waldjugend-nord.de\/index.php?rest_route=%2Fwp%2Fv2%2Fmedia&parent=2192"}],"curies":[{"name":"wp","href":"https:\/\/api.w.org\/{rel}","templated":true}]}}