{"id":192,"date":"2017-08-09T12:06:47","date_gmt":"2017-08-09T10:06:47","guid":{"rendered":"https:\/\/waldjugend-nord.de\/?page_id=192"},"modified":"2019-05-14T11:53:37","modified_gmt":"2019-05-14T09:53:37","slug":"barmstedt","status":"publish","type":"page","link":"https:\/\/waldjugend-nord.de\/?page_id=192","title":{"rendered":"Barmstedt"},"content":{"rendered":"<div style=\"text-align: justify;\"><img loading=\"lazy\" decoding=\"async\" class=\"alignnone wp-image-441 size-full\" src=\"https:\/\/waldjugend-nord.de\/wp-content\/uploads\/2017\/08\/Barmstedt1-1140x395.png\" width=\"3504\" height=\"1525\" \/><\/div>\n<div><div class='jtrt_table_MotherShipContainer'><div class='jtTableContainer jtrespo-footable  ' ><div class='jtsettingcontainer' style='display:none;position:absolute;left:-9999px;'><textarea data-jtrt-table-id='2716' id='jtrt_table_settings_2716' cols='30' rows='10'>[[[\"Adresse:\",\"Beim Reihergeh\\u00f6lz, 25355 Barmstedt\"],[\"Gruppenstunde:\",\"Samstag, 15 Uhr bis 18 Uhr\"],[\"Ansprechperson:\",\"<a href='mailto: waldjugend-barmstedt@gmx.de'>Fabian Niemes: waldjugend-barmstedt@gmx.de<\\\/a>\"],[\"Webseite:\",\"<a href='http:\\\/\\\/storchenhorte-barmstedt.de\\\/'>www.storchenhorte-barmstedt.de<\\\/a>\"]],[{\"row\":0,\"col\":0,\"visualRow\":0,\"visualCol\":0,\"prop\":0,\"jtcellstyle\":{\"font-weight\":\"bold\"},\"className\":\"htLeft\"},{\"row\":0,\"col\":1,\"visualRow\":0,\"visualCol\":1,\"prop\":1,\"className\":\"htLeft\"},{\"row\":1,\"col\":0,\"visualRow\":1,\"visualCol\":0,\"prop\":0,\"jtcellstyle\":{\"font-weight\":\"bold\"},\"className\":\"htLeft\"},{\"row\":1,\"col\":1,\"visualRow\":1,\"visualCol\":1,\"prop\":1,\"className\":\"htLeft\"},{\"row\":2,\"col\":0,\"visualRow\":2,\"visualCol\":0,\"prop\":0,\"jtcellstyle\":{\"font-weight\":\"bold\"},\"className\":\"htLeft\"},{\"row\":2,\"col\":1,\"visualRow\":2,\"visualCol\":1,\"prop\":1,\"className\":\"htLeft\"},{\"row\":3,\"col\":0,\"visualRow\":3,\"visualCol\":0,\"prop\":0,\"jtcellstyle\":{\"font-weight\":\"bold\"}},{\"row\":3,\"col\":1,\"visualRow\":3,\"visualCol\":1,\"prop\":1,\"className\":\"htLeft\"}],[],[]]<\/textarea><textarea data-jtrt-table-id='2716' id='jtrt_table_bps_2716' cols='30' rows='10'>{\"xlarge\":\"1400\",\"large\":\"1200\",\"medium\":\"992\",\"small\":\"768\",\"xsmall\":\"440\"}<\/textarea><\/div><table id='jtrt_table_2716' data-sorting='false' data-paging='false' data-paging-size='10' data-paging-menu='10,25,50,100' data-filtering='false' data-jtrt-table-id='2716' class='jtrt-table  ' ><thead><tr><th>Adresse:<\/th><th>Beim Reihergeh\u00f6lz, 25355 Barmstedt<\/th><\/tr><\/thead><tbody><tr><td>Gruppenstunde:<\/td><td>Samstag, 15 Uhr bis 18 Uhr<\/td><\/tr><tr><td>Ansprechperson:<\/td><td><a href='mailto: waldjugend-barmstedt@gmx.de'>Fabian Niemes: waldjugend-barmstedt@gmx.de<\/a><\/td><\/tr><tr><td>Webseite:<\/td><td><a href='http:\/\/storchenhorte-barmstedt.de\/'>www.storchenhorte-barmstedt.de<\/a><\/td><\/tr><\/tbody><\/table><\/div><\/div><\/div>\n<div style=\"text-align: justify;\">\n<\/div>\n<div style=\"text-align: justify;\"><strong>Die Storchenhorte<\/strong><\/div>\n<div style=\"text-align: justify;\"><\/div>\n<div style=\"text-align: justify;\">\n<p><img loading=\"lazy\" decoding=\"async\" class=\"size-medium wp-image-442 alignleft\" src=\"https:\/\/waldjugend-nord.de\/wp-content\/uploads\/2017\/08\/Barmstedt2-300x225.jpg\" alt=\"\" width=\"300\" height=\"225\" \/>Die Deutsche Waldjugend, Landesverband Nord e.V., Ortsgruppe Barmstedt \u201eStorchenhorte\u201c ist ein gemeinn\u00fctziger, konfessionell und politisch ungebundener Jugendumweltschutzverein. Wir haben es uns zur Aufgabe gemacht, den Kindern und Jugendlichen den Umgang mit und in der Natur zu vermitteln und n\u00e4her zu bringen. Unsere Gruppe, die sich \u201eStorchenhorte\u201c nennt, hat ihre H\u00fctte direkt in Barmstedt. Dort treffen wir uns jeden Samstag mit unseren Mitgliedern und Anw\u00e4rter. Wir sind zur Zeit 15 aktive Mitglieder, im Alter von 8 bis 16 Jahren. Die Kinder und Jugendlichen ben\u00f6tigen in ihrem Leben die verschiedensten Kompetenzen, die sie im Laufe ihrer Entwicklung erwerben. Diese bef\u00e4higen sie zum Umgang mit Pluralit\u00e4t und Wandel aber geben ihnen auch Orientierung in der Welt. Bei uns in der Gruppe erwerben bzw. erweitern die Kinder und Jugendlichen unbewusst diese Kompetenzen.<\/p>\n<p><strong>Das Gruppengel\u00e4nde<\/strong><\/p>\n<p><img loading=\"lazy\" decoding=\"async\" class=\"size-medium wp-image-444 alignright\" src=\"https:\/\/waldjugend-nord.de\/wp-content\/uploads\/2017\/08\/Barmstedt4-300x168.jpg\" alt=\"\" width=\"300\" height=\"168\" \/> Nachdem Sie auf in die Stra\u00dfe &#8220;Beim Reihergeh\u00f6lz&#8221; eingebogen sind, fahren Sie bis zur Einfahrt, welche mit 2 Holzpfeilern begrenzt wird. Die Einfahrt ist in einen Knick eingesetzt, welcher mit einer Vielfalt von B\u00e4umen und Str\u00e4uchern bewachsen ist. Am Gatter erkennen Sie schon das kleine Waldjugendzeichen und das Holzschild mit der Aufschrift &#8220;Deutsche Waldjugend&#8221;. F\u00fcr Pkws bietet sich gleich hinterm Gatter die M\u00f6glichkeit zu parken und den Rest zu Fu\u00df zu gehen.<\/p>\n<p><img loading=\"lazy\" decoding=\"async\" class=\"size-full wp-image-445 alignleft\" src=\"https:\/\/waldjugend-nord.de\/wp-content\/uploads\/2017\/08\/Barmstedt5.jpg\" alt=\"\" width=\"269\" height=\"240\" \/>Die Holzh\u00fctte der Waldjugend Barmstedt -Storchenhorte- steht uns nun mehr seit \u00fcber 14 Jahren zur Verf\u00fcgung. Sie ist eine Spende und wurde von einem anderen Standort an diesen verlegt. Die Waldl\u00e4ufer und der damalig ans\u00e4ssige F\u00f6rster Hubert Bock haben die Holzh\u00fctte in Eigenregie auf dem Gel\u00e4nde der Forstbeh\u00f6rde errichtet. Seit dem bietet sie der dortigen Waldjugend einen Gruppenraum, eine K\u00fcche und einen kleinen Werkraum zur Unterbringung von Material. In den letzten Jahren wurde die H\u00fctte von Innen und Au\u00dfen renoviert und tr\u00e4gt ein neues Gesicht, passend zur 2006 neu gegr\u00fcndeten Storchenhorte. Da es keinen Wasseranschluss gibt, befindet sich das Klo etwas au\u00dferhalb der H\u00fctte und k\u00f6nnte im ersten Augenblick auch als Schuppen erkannt werden. Auch dieses wurde erneuert. Der Weg zum Klo ist mit selbst gepflanzten Str\u00e4uchern begr\u00fcnt.<\/p>\n<p>Im Jahr 2013 haben wir bei der Jugendinitiative mit Pfiff teilgenommen und ein Feuchtbiotop <img loading=\"lazy\" decoding=\"async\" class=\"size-medium wp-image-448 alignright\" src=\"https:\/\/waldjugend-nord.de\/wp-content\/uploads\/2017\/08\/Barmstedt9-300x168.jpg\" alt=\"\" width=\"300\" height=\"168\" \/>erstellt. Leider haben wir nichts gewonnen aber unser Gel\u00e4nde ist um einen Teich mit Flusslauf f\u00fcr die Tiere bereichert worden. Was w\u00e4re eine Waldjugendh\u00fctte ohne Feuerstelle. Diese geh\u00f6rt nat\u00fcrlich dazu und wird nicht nur auf Lagern genutzt. Wir nutzen sie zum kochen, kokeln und f\u00fcr gem\u00fctliche Abendstunden am Lagerfeuer.<\/p>\n<p>Sie wird von Steinen umringt. B\u00e4nke haben wir leider immer zu wenig, weil das Material dazu schwer zu bekommen ist und die Witterung uns schon so einige verrotten lie\u00df. Neben der Feuerstelle befindet sich der &#8220;Hack- und Feuerholz-Platz&#8221;. Hier wird das Feuerholz zur Verarbeitung gelagert und kommt dann in den 2011 gebauten Holzschuppen zur Trockenlagerung. Unser Schuppen wurde erweitert, um dort sowohl das Bau- und Bastelholz, als auch das Feuerholz zu lagern. Ein Schuppen zur Unterbringung von anderen Material wurde gleich an den Holzschuppen gebaut und besitzt au\u00dferdem noch eine Hochterrasse, welche als Aussichtsplattform und offenen Gruppenraum genutzt werden kann.<\/p>\n<p>Bei schlechtem Wetter ist es m\u00f6glich, diesen durch eine Plane abzudecken. Die Au<img loading=\"lazy\" decoding=\"async\" class=\"size-medium wp-image-446 alignleft\" src=\"https:\/\/waldjugend-nord.de\/wp-content\/uploads\/2017\/08\/Barmstedt7-300x168.jpg\" alt=\"\" width=\"300\" height=\"168\" \/>ssicht gew\u00e4hrt uns einen Blick auf das Gel\u00e4nde der Forstverwaltung, auf dem wir uns befinden. Der gr\u00fcne Streifen ist unser Gruppengel\u00e4nde. Dahinter in leichten gelb ist die Wiese zu erkennen, die wir mit nutzen d\u00fcrfen. Das Gel\u00e4nde grenzt zum einen an einen Zaun und an einen Buchenknick, welcher sich hinter dem Betrachter befindet. Dieser Knick wird mit Vorliebe von unseren Kindern und Jugendlichen zum Klettern genutzt. Wir haben schon so manchen Gruppennachmittag darin verbracht.<\/p>\n<p>Er grenzt an ein Maisfeld und dient der H\u00fctte als Wetterschutz. Wir spielen nicht nur in diesem <img loading=\"lazy\" decoding=\"async\" class=\"size-medium wp-image-447 alignright\" src=\"https:\/\/waldjugend-nord.de\/wp-content\/uploads\/2017\/08\/Barmstedt8-300x168.jpg\" alt=\"\" width=\"300\" height=\"168\" \/>Knick, sondern beziehen auch durch seine Pflege einen Teil unseres Feuerholzes daraus. Zum Schluss ist hier noch unsere eigene Anlage zum Bogen schie\u00dfen und unser Fu\u00dfballfeld zu erw\u00e4hnen. Wir haben bei uns die M\u00f6glichkeit mit unserem eigenen Bogen dort zu auf Scheiben und S\u00e4cke zu schie\u00dfen. Der Bau des eigenen Bogens erg\u00e4nzt das Programm, welches wir anderen Vereinen oder Jugendlichen anbieten.<\/p>\n<\/div>\n","protected":false},"excerpt":{"rendered":"<p>Die Storchenhorte Die Deutsche Waldjugend, Landesverband Nord e.V., Ortsgruppe Barmstedt \u201eStorchenhorte\u201c ist ein gemeinn\u00fctziger, konfessionell und politisch ungebundener Jugendumweltschutzverein. Wir haben es uns zur Aufgabe gemacht, den Kindern und Jugendlichen den Umgang mit und in der Natur zu vermitteln und n\u00e4her zu bringen. Unsere Gruppe, die sich \u201eStorchenhorte\u201c nennt, hat &#8230;<\/p>\n","protected":false},"author":2,"featured_media":0,"parent":0,"menu_order":0,"comment_status":"closed","ping_status":"closed","template":"","meta":{"_lmt_disableupdate":"","_lmt_disable":"","footnotes":""},"class_list":["post-192","page","type-page","status-publish","hentry","column","twocol"],"_links":{"self":[{"href":"https:\/\/waldjugend-nord.de\/index.php?rest_route=\/wp\/v2\/pages\/192","targetHints":{"allow":["GET"]}}],"collection":[{"href":"https:\/\/waldjugend-nord.de\/index.php?rest_route=\/wp\/v2\/pages"}],"about":[{"href":"https:\/\/waldjugend-nord.de\/index.php?rest_route=\/wp\/v2\/types\/page"}],"author":[{"embeddable":true,"href":"https:\/\/waldjugend-nord.de\/index.php?rest_route=\/wp\/v2\/users\/2"}],"replies":[{"embeddable":true,"href":"https:\/\/waldjugend-nord.de\/index.php?rest_route=%2Fwp%2Fv2%2Fcomments&post=192"}],"version-history":[{"count":6,"href":"https:\/\/waldjugend-nord.de\/index.php?rest_route=\/wp\/v2\/pages\/192\/revisions"}],"predecessor-version":[{"id":2719,"href":"https:\/\/waldjugend-nord.de\/index.php?rest_route=\/wp\/v2\/pages\/192\/revisions\/2719"}],"wp:attachment":[{"href":"https:\/\/waldjugend-nord.de\/index.php?rest_route=%2Fwp%2Fv2%2Fmedia&parent=192"}],"curies":[{"name":"wp","href":"https:\/\/api.w.org\/{rel}","templated":true}]}}